{"id":149452,"date":"2026-02-22T19:59:46","date_gmt":"2026-02-22T19:59:46","guid":{"rendered":"https:\/\/modesthanim.com\/product\/erkek-bebek-uzun-kollu-cepli-dik-yaka-fermuarli-polar-sweatshirt-2\/"},"modified":"2026-03-31T00:45:10","modified_gmt":"2026-03-31T00:45:10","slug":"erkek-bebek-uzun-kollu-cepli-dik-yaka-fermuarli-polar-sweatshirt-2","status":"publish","type":"product","link":"https:\/\/mod.wisdar.net\/tr\/urun\/erkek-bebek-uzun-kollu-cepli-dik-yaka-fermuarli-polar-sweatshirt-2\/","title":{"rendered":"Erkek Bebek Uzun Kollu Cepli Dik Yaka Fermuarl\u0131 Polar Sweatshirt"},"content":{"rendered":"<p>Polar sweatshirt, yumu\u015fac\u0131k dokusuyla miniklere konfor ve s\u0131cakl\u0131k sunuyor. Fermuarl\u0131 tasar\u0131m\u0131 sayesinde kolayca giyilip \u00e7\u0131kar\u0131labiliyor. Dik yakas\u0131 ve uzun kollar\u0131 ile so\u011fuk havalarda ekstra koruma sa\u011fl\u0131yor. \u00dcr\u00fcn \u00d6zellikleri Kol Tipi: Uzun Kol Yaka Tipi: Dik Yaka Kullan\u0131m Alan\u0131: G\u00fcnl\u00fck Giyim, Spor Giyim Koton bebek koleksiyonu, miniklerin konfor ve \u015f\u0131kl\u0131\u011f\u0131n\u0131 bir arada sunuyor! \u00dcr\u00fcnlerimiz kimyasallara kar\u015f\u0131 test edilerek, t\u00fcm g\u00fcvenlik kurallar\u0131na uygun olarak \u00fcretilir. \u00dcr\u00fcnlerimizde sa\u011fl\u0131\u011fa zararl\u0131 boyalar ve a\u011f\u0131r metaller, tehlikeli yutulabilecek k\u00fc\u00e7\u00fck ve keskin par\u00e7alar, kordon ve ba\u011fc\u0131klar bulunmamaktad\u0131r.<\/p>\n<p>\u2014 Technical Details \u2014<br \/>\nKuma\u015f: %100 POL\u0130ESTER<br \/>\nKol Boyu: Uzun Kol<br \/>\nKol Tipi: D\u00fc\u015f\u00fck Omuz<br \/>\n\u00dcr\u00fcn\u00fcn Alt Markas\u0131: Kidswear<br \/>\nSat\u0131c\u0131\/\u0130malat\u00e7\u0131\/\u0130thalat\u00e7\u0131 \u0130smi: Koton Ma\u011fazac\u0131l\u0131k Tekstil Sanayi ve Ticaret A.\u015e.<br \/>\nPosta Adresi: Ayaza\u011fa Mah. Maslak Ayaza\u011fa Cad. No:3 \u0130\u00e7 Kap\u0131 No:5 Sar\u0131yer\/\u0130stanbul<br \/>\nE-Posta Adresi: mim@koton.com<\/p>\n","protected":false},"excerpt":{"rendered":"<p>Polar sweatshirt, yumu\u015fac\u0131k dokusuyla miniklere konfor ve s\u0131cakl\u0131k sunuyor. Fermuarl\u0131 tasar\u0131m\u0131 sayesinde kolayca giyilip \u00e7\u0131kar\u0131labiliyor. Dik yakas\u0131 ve uzun kollar\u0131 ile so\u011fuk havalarda ekstra koruma sa\u011fl\u0131yor. \u00dcr\u00fcn \u00d6zellikleri Kol Tipi: Uzun Kol Yaka Tipi: Dik Yaka Kullan\u0131m Alan\u0131: G\u00fcnl\u00fck Giyim, Spor Giyim Koton bebek koleksiyonu, miniklerin konfor ve \u015f\u0131kl\u0131\u011f\u0131n\u0131 bir arada sunuyor! \u00dcr\u00fcnlerimiz kimyasallara kar\u015f\u0131 [&hellip;]<\/p>\n","protected":false},"featured_media":149448,"comment_status":"open","ping_status":"closed","template":"","meta":[],"product_brand":[],"product_cat":[10823,8739,8694],"product_tag":[],"class_list":{"0":"post-149452","1":"product","2":"type-product","3":"status-publish","4":"has-post-thumbnail","6":"product_cat-erkek-cocuk-ceket-yelek","7":"product_cat-erkek-cocuklar-2-14-yas","8":"product_cat-cocuklar","9":"pa_brand-koton","10":"pa_color-bej","11":"pa_size-12-18-ay-2","12":"pa_size-18-24-ay-2","13":"pa_size-24-36-ay-2","14":"pa_size-3-4-yas-2","15":"pa_size-4-5-yas-2","17":"first","18":"outofstock","19":"shipping-taxable","20":"product-type-variable"},"_links":{"self":[{"href":"https:\/\/mod.wisdar.net\/tr\/wp-json\/wp\/v2\/product\/149452","targetHints":{"allow":["GET"]}}],"collection":[{"href":"https:\/\/mod.wisdar.net\/tr\/wp-json\/wp\/v2\/product"}],"about":[{"href":"https:\/\/mod.wisdar.net\/tr\/wp-json\/wp\/v2\/types\/product"}],"replies":[{"embeddable":true,"href":"https:\/\/mod.wisdar.net\/tr\/wp-json\/wp\/v2\/comments?post=149452"}],"wp:featuredmedia":[{"embeddable":true,"href":"https:\/\/mod.wisdar.net\/tr\/wp-json\/wp\/v2\/media\/149448"}],"wp:attachment":[{"href":"https:\/\/mod.wisdar.net\/tr\/wp-json\/wp\/v2\/media?parent=149452"}],"wp:term":[{"taxonomy":"product_brand","embeddable":true,"href":"https:\/\/mod.wisdar.net\/tr\/wp-json\/wp\/v2\/product_brand?post=149452"},{"taxonomy":"product_cat","embeddable":true,"href":"https:\/\/mod.wisdar.net\/tr\/wp-json\/wp\/v2\/product_cat?post=149452"},{"taxonomy":"product_tag","embeddable":true,"href":"https:\/\/mod.wisdar.net\/tr\/wp-json\/wp\/v2\/product_tag?post=149452"}],"curies":[{"name":"wp","href":"https:\/\/api.w.org\/{rel}","templated":true}]}}