{"id":149460,"date":"2026-02-22T19:59:48","date_gmt":"2026-02-22T19:59:48","guid":{"rendered":"https:\/\/modesthanim.com\/product\/erkek-bebek-dugmeli-kapusonlu-uzun-kollu-cizgili-sweatshirt\/"},"modified":"2026-03-31T00:50:55","modified_gmt":"2026-03-31T00:50:55","slug":"erkek-bebek-dugmeli-kapusonlu-uzun-kollu-cizgili-sweatshirt","status":"publish","type":"product","link":"https:\/\/mod.wisdar.net\/tr\/urun\/erkek-bebek-dugmeli-kapusonlu-uzun-kollu-cizgili-sweatshirt\/","title":{"rendered":"Erkek Bebek D\u00fc\u011fmeli Kap\u00fc\u015fonlu Uzun Kollu \u00c7izgili Sweatshirt"},"content":{"rendered":"<p>\u00c7izgili desenleriyle dikkat \u00e7eken kap\u00fc\u015fonlu sweatshirt, miniklerin g\u00fcnl\u00fck kombinlerine renk kat\u0131yor. D\u00fc\u011fme detaylar\u0131 giyip \u00e7\u0131karmay\u0131 kolayla\u015ft\u0131r\u0131yor. Kap\u00fc\u015fonlu tasar\u0131m\u0131 ile serin havalarda ekstra s\u0131cakl\u0131k sunarken, uzun kollar\u0131 konforu art\u0131r\u0131yor.<\/p>\n<p>\u00dcr\u00fcn \u00d6zellikleri<br \/>\nKol Tipi: Uzun Kol<br \/>\nYaka Tipi: Kap\u00fc\u015fonlu Yaka<br \/>\nDetay: D\u00fc\u011fmeli<br \/>\nKullan\u0131m Alan\u0131: G\u00fcnl\u00fck Giyim<\/p>\n<p>Koton erkek bebek koleksiyonu, e\u011flenceli ve rahat tasar\u0131mlar\u0131yla miniklerin d\u00fcnyas\u0131na renk kat\u0131yor! Koton Kids koleksiyonu ile kaliteli ve rahat kombinler olu\u015fturun!<\/p>\n<p>\u00dcr\u00fcnlerimiz kimyasallara kar\u015f\u0131 test edilerek, t\u00fcm g\u00fcvenlik kurallar\u0131na uygun olarak \u00fcretilir. \u00dcr\u00fcnlerimizde sa\u011fl\u0131\u011fa zararl\u0131 boyalar ve a\u011f\u0131r metaller, tehlikeli yutulabilecek k\u00fc\u00e7\u00fck ve keskin par\u00e7alar, kordon ve ba\u011fc\u0131klar bulunmamaktad\u0131r.<\/p>\n<p>\u2014 Technical Details \u2014<br \/>\nKuma\u015f: %80 AKR\u0130L\u0130K, %20 POL\u0130ESTER<br \/>\nKol Boyu: Uzun Kol<br \/>\nKol Tipi: D\u00fc\u015f\u00fck Omuz<br \/>\nYaka Tipi: Kap\u00fc\u015fonlu<br \/>\n\u00dcr\u00fcn\u00fcn Alt Markas\u0131: Kidswear<br \/>\nSat\u0131c\u0131\/\u0130malat\u00e7\u0131\/\u0130thalat\u00e7\u0131 \u0130smi: Koton Ma\u011fazac\u0131l\u0131k Tekstil Sanayi ve Ticaret A.\u015e.<br \/>\nPosta Adresi: Ayaza\u011fa Mah. Maslak Ayaza\u011fa Cad. No:3 \u0130\u00e7 Kap\u0131 No:5 Sar\u0131yer\/\u0130stanbul<br \/>\nE-Posta Adresi: mim@koton.com<\/p>\n","protected":false},"excerpt":{"rendered":"<p>\u00c7izgili desenleriyle dikkat \u00e7eken kap\u00fc\u015fonlu sweatshirt, miniklerin g\u00fcnl\u00fck kombinlerine renk kat\u0131yor. D\u00fc\u011fme detaylar\u0131 giyip \u00e7\u0131karmay\u0131 kolayla\u015ft\u0131r\u0131yor. Kap\u00fc\u015fonlu tasar\u0131m\u0131 ile serin havalarda ekstra s\u0131cakl\u0131k sunarken, uzun kollar\u0131 konforu art\u0131r\u0131yor. \u00dcr\u00fcn \u00d6zellikleri Kol Tipi: Uzun Kol Yaka Tipi: Kap\u00fc\u015fonlu Yaka Detay: D\u00fc\u011fmeli Kullan\u0131m Alan\u0131: G\u00fcnl\u00fck Giyim Koton erkek bebek koleksiyonu, e\u011flenceli ve rahat tasar\u0131mlar\u0131yla miniklerin d\u00fcnyas\u0131na renk [&hellip;]<\/p>\n","protected":false},"featured_media":149451,"comment_status":"open","ping_status":"closed","template":"","meta":[],"product_brand":[],"product_cat":[8739,8751,8694],"product_tag":[7354,7429,6768],"class_list":{"0":"post-149460","1":"product","2":"type-product","3":"status-publish","4":"has-post-thumbnail","6":"product_cat-erkek-cocuklar-2-14-yas","7":"product_cat-kapusonlular","8":"product_cat-cocuklar","9":"product_tag-gunluk-giyim-2","10":"product_tag-kapusonlu-sweatshirt","11":"product_tag-uzun-kol","12":"pa_brand-koton","13":"pa_color-bej-cizgili","14":"pa_size-12-18-ay-2","15":"pa_size-18-24-ay-2","16":"pa_size-24-36-ay-2","17":"pa_size-3-4-yas-2","18":"pa_size-4-5-yas-2","19":"pa_size-9-12-ay-3","21":"first","22":"outofstock","23":"shipping-taxable","24":"product-type-variable"},"_links":{"self":[{"href":"https:\/\/mod.wisdar.net\/tr\/wp-json\/wp\/v2\/product\/149460","targetHints":{"allow":["GET"]}}],"collection":[{"href":"https:\/\/mod.wisdar.net\/tr\/wp-json\/wp\/v2\/product"}],"about":[{"href":"https:\/\/mod.wisdar.net\/tr\/wp-json\/wp\/v2\/types\/product"}],"replies":[{"embeddable":true,"href":"https:\/\/mod.wisdar.net\/tr\/wp-json\/wp\/v2\/comments?post=149460"}],"wp:featuredmedia":[{"embeddable":true,"href":"https:\/\/mod.wisdar.net\/tr\/wp-json\/wp\/v2\/media\/149451"}],"wp:attachment":[{"href":"https:\/\/mod.wisdar.net\/tr\/wp-json\/wp\/v2\/media?parent=149460"}],"wp:term":[{"taxonomy":"product_brand","embeddable":true,"href":"https:\/\/mod.wisdar.net\/tr\/wp-json\/wp\/v2\/product_brand?post=149460"},{"taxonomy":"product_cat","embeddable":true,"href":"https:\/\/mod.wisdar.net\/tr\/wp-json\/wp\/v2\/product_cat?post=149460"},{"taxonomy":"product_tag","embeddable":true,"href":"https:\/\/mod.wisdar.net\/tr\/wp-json\/wp\/v2\/product_tag?post=149460"}],"curies":[{"name":"wp","href":"https:\/\/api.w.org\/{rel}","templated":true}]}}