{"id":149519,"date":"2026-02-22T20:03:10","date_gmt":"2026-02-22T20:03:10","guid":{"rendered":"https:\/\/modesthanim.com\/product\/uzun-kollu-bisiklet-yaka-ayicik-detayli-sardonlu-sweatshirt\/"},"modified":"2026-03-05T20:51:34","modified_gmt":"2026-03-05T20:51:34","slug":"uzun-kollu-bisiklet-yaka-ayicik-detayli-sardonlu-sweatshirt","status":"publish","type":"product","link":"https:\/\/mod.wisdar.net\/tr\/urun\/uzun-kollu-bisiklet-yaka-ayicik-detayli-sardonlu-sweatshirt\/","title":{"rendered":"Uzun Kollu Bisiklet Yaka Ay\u0131c\u0131k Detayl\u0131 \u015eardonlu Sweatshirt"},"content":{"rendered":"<p>Long sleeve crew neck teddy bear detail soft interior sweatshirt. D\u0131\u015f: %50 POL\u0130ESTER, %50 PAMUK<\/p>\n<p>\u2014 Technical Details \u2014<br \/>\nKuma\u015f: %50 POL\u0130ESTER, %50 PAMUK<br \/>\nKol Boyu: Uzun Kol<br \/>\nKol Tipi: D\u00fc\u015f\u00fck Omuz<br \/>\nYaka Tipi: Bisiklet Yaka<br \/>\n\u00dcr\u00fcn\u00fcn Alt Markas\u0131: Kidswear<\/p>\n","protected":false},"excerpt":{"rendered":"<p>Long sleeve crew neck teddy bear detail soft interior sweatshirt. D\u0131\u015f: %50 POL\u0130ESTER, %50 PAMUK \u2014 Technical Details \u2014 Kuma\u015f: %50 POL\u0130ESTER, %50 PAMUK Kol Boyu: Uzun Kol Kol Tipi: D\u00fc\u015f\u00fck Omuz Yaka Tipi: Bisiklet Yaka \u00dcr\u00fcn\u00fcn Alt Markas\u0131: Kidswear<\/p>\n","protected":false},"featured_media":149516,"comment_status":"open","ping_status":"closed","template":"","meta":[],"product_brand":[],"product_cat":[8739,8694,8742,8697,8700],"product_tag":[8110,8303,7460,7422,6768],"class_list":{"0":"post-149519","1":"product","2":"type-product","3":"status-publish","4":"has-post-thumbnail","6":"product_cat-erkek-cocuklar-2-14-yas","7":"product_cat-cocuklar","8":"product_cat-tisortler-gomlekler","9":"product_cat-yenidogan-0-12-ay","10":"product_cat-yenidogan-giyim","11":"product_tag-bisiklet-yaka-2","12":"product_tag-dusuk-omuz","13":"product_tag-polar","14":"product_tag-sweatshirt","15":"product_tag-uzun-kol","16":"pa_brand-koton","17":"pa_color-bej","18":"pa_size-12-18-ay-2","19":"pa_size-18-24-ay-2","20":"pa_size-24-36-ay-2","21":"pa_size-3-4-yas-2","22":"pa_size-4-5-yas-2","24":"first","25":"outofstock","26":"shipping-taxable","27":"product-type-variable"},"_links":{"self":[{"href":"https:\/\/mod.wisdar.net\/tr\/wp-json\/wp\/v2\/product\/149519","targetHints":{"allow":["GET"]}}],"collection":[{"href":"https:\/\/mod.wisdar.net\/tr\/wp-json\/wp\/v2\/product"}],"about":[{"href":"https:\/\/mod.wisdar.net\/tr\/wp-json\/wp\/v2\/types\/product"}],"replies":[{"embeddable":true,"href":"https:\/\/mod.wisdar.net\/tr\/wp-json\/wp\/v2\/comments?post=149519"}],"wp:featuredmedia":[{"embeddable":true,"href":"https:\/\/mod.wisdar.net\/tr\/wp-json\/wp\/v2\/media\/149516"}],"wp:attachment":[{"href":"https:\/\/mod.wisdar.net\/tr\/wp-json\/wp\/v2\/media?parent=149519"}],"wp:term":[{"taxonomy":"product_brand","embeddable":true,"href":"https:\/\/mod.wisdar.net\/tr\/wp-json\/wp\/v2\/product_brand?post=149519"},{"taxonomy":"product_cat","embeddable":true,"href":"https:\/\/mod.wisdar.net\/tr\/wp-json\/wp\/v2\/product_cat?post=149519"},{"taxonomy":"product_tag","embeddable":true,"href":"https:\/\/mod.wisdar.net\/tr\/wp-json\/wp\/v2\/product_tag?post=149519"}],"curies":[{"name":"wp","href":"https:\/\/api.w.org\/{rel}","templated":true}]}}