{"id":149537,"date":"2026-02-22T20:03:28","date_gmt":"2026-02-22T20:03:28","guid":{"rendered":"https:\/\/modesthanim.com\/product\/erkek-bebek-uzun-kollu-bisiklet-yaka-ayicik-baskili-sweatshirt\/"},"modified":"2026-04-07T00:51:22","modified_gmt":"2026-04-07T00:51:22","slug":"erkek-bebek-uzun-kollu-bisiklet-yaka-ayicik-baskili-sweatshirt","status":"publish","type":"product","link":"https:\/\/mod.wisdar.net\/tr\/urun\/erkek-bebek-uzun-kollu-bisiklet-yaka-ayicik-baskili-sweatshirt\/","title":{"rendered":"Erkek Bebek Uzun Kollu Bisiklet Yaka Ay\u0131c\u0131k Bask\u0131l\u0131 Sweatshirt"},"content":{"rendered":"<p>Ay\u0131c\u0131k bask\u0131l\u0131 sweatshirt, sevimli tasar\u0131m\u0131yla miniklerin favorisi oluyor. Uzun kollu ve bisiklet yaka yap\u0131s\u0131yla spor bir g\u00f6r\u00fcn\u00fcm sunan model, rahat kesimi sayesinde \u00e7ocuklar\u0131n hareket \u00f6zg\u00fcrl\u00fc\u011f\u00fcn\u00fc destekliyor. Yumu\u015fac\u0131k dokusuyla g\u00fcn boyu konfor sunan sweatshirt, enerjik desenleriyle be\u011feni kazan\u0131yor.<\/p>\n<p>\u00dcr\u00fcn \u00d6zellikleri<\/p>\n<p>Kol Tipi: Uzun Kol<br \/>\nYaka Tipi: Bisiklet Yaka<br \/>\nDetay: Bask\u0131l\u0131<br \/>\nKullan\u0131m Alan\u0131: G\u00fcnl\u00fck Giyim, Spor Giyim<\/p>\n<p>Koton erkek bebek koleksiyonu, miniklerin enerjisine e\u015flik ediyor! Rahat ve \u015f\u0131k tasar\u0131mlar i\u00e7in Koton Kids&#8217;i ke\u015ffedin!<\/p>\n<p>\u00dcr\u00fcnlerimiz kimyasallara kar\u015f\u0131 test edilerek, t\u00fcm g\u00fcvenlik kurallar\u0131na uygun olarak \u00fcretilir. \u00dcr\u00fcnlerimizde sa\u011fl\u0131\u011fa zararl\u0131 boyalar ve a\u011f\u0131r metaller, tehlikeli yutulabilecek k\u00fc\u00e7\u00fck ve keskin par\u00e7alar, kordon ve ba\u011fc\u0131klar bulunmamaktad\u0131r.<\/p>\n","protected":false},"excerpt":{"rendered":"<p>Ay\u0131c\u0131k bask\u0131l\u0131 sweatshirt, sevimli tasar\u0131m\u0131yla miniklerin favorisi oluyor. Uzun kollu ve bisiklet yaka yap\u0131s\u0131yla spor bir g\u00f6r\u00fcn\u00fcm sunan model, rahat kesimi sayesinde \u00e7ocuklar\u0131n hareket \u00f6zg\u00fcrl\u00fc\u011f\u00fcn\u00fc destekliyor. Yumu\u015fac\u0131k dokusuyla g\u00fcn boyu konfor sunan sweatshirt, enerjik desenleriyle be\u011feni kazan\u0131yor. \u00dcr\u00fcn \u00d6zellikleri Kol Tipi: Uzun Kol Yaka Tipi: Bisiklet Yaka Detay: Bask\u0131l\u0131 Kullan\u0131m Alan\u0131: G\u00fcnl\u00fck Giyim, Spor Giyim [&hellip;]<\/p>\n","protected":false},"featured_media":149527,"comment_status":"open","ping_status":"closed","template":"","meta":[],"product_brand":[],"product_cat":[8739,8694,8742],"product_tag":[8110,7419,8039,6751,7424,7422,6768],"class_list":{"0":"post-149537","1":"product","2":"type-product","3":"status-publish","4":"has-post-thumbnail","6":"product_cat-erkek-cocuklar-2-14-yas","7":"product_cat-cocuklar","8":"product_cat-tisortler-gomlekler","9":"product_tag-bisiklet-yaka-2","10":"product_tag-gunluk","11":"product_tag-koton","12":"product_tag-rahat","13":"product_tag-spor-giyim","14":"product_tag-sweatshirt","15":"product_tag-uzun-kol","16":"pa_brand-koton","17":"pa_color-kahverengi","18":"pa_size-12-18-ay-2","19":"pa_size-18-24-ay-2","20":"pa_size-24-36-ay-2","21":"pa_size-3-4-yas-2","22":"pa_size-4-5-yas-2","23":"pa_size-9-12-ay-3","25":"first","26":"instock","27":"sale","28":"shipping-taxable","29":"purchasable","30":"product-type-variable"},"_links":{"self":[{"href":"https:\/\/mod.wisdar.net\/tr\/wp-json\/wp\/v2\/product\/149537","targetHints":{"allow":["GET"]}}],"collection":[{"href":"https:\/\/mod.wisdar.net\/tr\/wp-json\/wp\/v2\/product"}],"about":[{"href":"https:\/\/mod.wisdar.net\/tr\/wp-json\/wp\/v2\/types\/product"}],"replies":[{"embeddable":true,"href":"https:\/\/mod.wisdar.net\/tr\/wp-json\/wp\/v2\/comments?post=149537"}],"wp:featuredmedia":[{"embeddable":true,"href":"https:\/\/mod.wisdar.net\/tr\/wp-json\/wp\/v2\/media\/149527"}],"wp:attachment":[{"href":"https:\/\/mod.wisdar.net\/tr\/wp-json\/wp\/v2\/media?parent=149537"}],"wp:term":[{"taxonomy":"product_brand","embeddable":true,"href":"https:\/\/mod.wisdar.net\/tr\/wp-json\/wp\/v2\/product_brand?post=149537"},{"taxonomy":"product_cat","embeddable":true,"href":"https:\/\/mod.wisdar.net\/tr\/wp-json\/wp\/v2\/product_cat?post=149537"},{"taxonomy":"product_tag","embeddable":true,"href":"https:\/\/mod.wisdar.net\/tr\/wp-json\/wp\/v2\/product_tag?post=149537"}],"curies":[{"name":"wp","href":"https:\/\/api.w.org\/{rel}","templated":true}]}}