{"id":149606,"date":"2026-02-22T20:06:08","date_gmt":"2026-02-22T20:06:08","guid":{"rendered":"https:\/\/modesthanim.com\/product\/erkek-bebek-pamuklu-uzun-kollu-yarim-fermuarli-dik-yaka-sweatshirt-2\/"},"modified":"2026-04-07T00:52:43","modified_gmt":"2026-04-07T00:52:43","slug":"erkek-bebek-pamuklu-uzun-kollu-yarim-fermuarli-dik-yaka-sweatshirt-2","status":"publish","type":"product","link":"https:\/\/mod.wisdar.net\/tr\/urun\/erkek-bebek-pamuklu-uzun-kollu-yarim-fermuarli-dik-yaka-sweatshirt-2\/","title":{"rendered":"Erkek Bebek Pamuklu Uzun Kollu Yar\u0131m Fermuarl\u0131 Dik Yaka Sweatshirt"},"content":{"rendered":"<p>Pamuklu sweatshirt, dik yaka tasar\u0131m\u0131 ve yar\u0131m fermuarl\u0131 yap\u0131s\u0131yla miniklere k\u0131\u015f aylar\u0131nda rahatl\u0131k sunuyor. Pamuklu dokusuyla konfor sa\u011flayan sweatshirt, rahat bir giyim imkan\u0131 sunuyor. Farkl\u0131 kombinlerle kolayca uyum sa\u011flayan ideal bir se\u00e7enek!<\/p>\n<p>\u00dcr\u00fcn \u00d6zellikleri<\/p>\n<p>Kol Tipi: Uzun Kol<br \/>\nYaka Tipi: Dik Yaka<br \/>\nKullan\u0131m Alan\u0131: G\u00fcnl\u00fck Giyim, Spor Giyim<\/p>\n<p>Koton erkek bebek giyim koleksiyonu, miniklerin enerjisini yans\u0131t\u0131yor. Rahat ve kullan\u0131\u015fl\u0131 tasar\u0131mlar\u0131yla dikkat \u00e7eken par\u00e7alar ebeveynlerin ilk tercihi oluyor!<\/p>\n<p>\u00dcr\u00fcnlerimiz kimyasallara kar\u015f\u0131 test edilerek, t\u00fcm g\u00fcvenlik kurallar\u0131na uygun olarak \u00fcretilir. \u00dcr\u00fcnlerimizde sa\u011fl\u0131\u011fa zararl\u0131 boyalar ve a\u011f\u0131r metaller, tehlikeli yutulabilecek k\u00fc\u00e7\u00fck ve keskin par\u00e7alar, kordon ve ba\u011fc\u0131klar bulunmamaktad\u0131r.<\/p>\n","protected":false},"excerpt":{"rendered":"<p>Pamuklu sweatshirt, dik yaka tasar\u0131m\u0131 ve yar\u0131m fermuarl\u0131 yap\u0131s\u0131yla miniklere k\u0131\u015f aylar\u0131nda rahatl\u0131k sunuyor. Pamuklu dokusuyla konfor sa\u011flayan sweatshirt, rahat bir giyim imkan\u0131 sunuyor. Farkl\u0131 kombinlerle kolayca uyum sa\u011flayan ideal bir se\u00e7enek! \u00dcr\u00fcn \u00d6zellikleri Kol Tipi: Uzun Kol Yaka Tipi: Dik Yaka Kullan\u0131m Alan\u0131: G\u00fcnl\u00fck Giyim, Spor Giyim Koton erkek bebek giyim koleksiyonu, miniklerin enerjisini [&hellip;]<\/p>\n","protected":false},"featured_media":149591,"comment_status":"open","ping_status":"closed","template":"","meta":[],"product_brand":[],"product_cat":[8739,8694,8742,8697,8700],"product_tag":[7311,7354,7758,6751,7424,6768],"class_list":{"0":"post-149606","1":"product","2":"type-product","3":"status-publish","4":"has-post-thumbnail","6":"product_cat-erkek-cocuklar-2-14-yas","7":"product_cat-cocuklar","8":"product_cat-tisortler-gomlekler","9":"product_cat-yenidogan-0-12-ay","10":"product_cat-yenidogan-giyim","11":"product_tag-dik-yaka","12":"product_tag-gunluk-giyim-2","13":"product_tag-kis-giyim","14":"product_tag-rahat","15":"product_tag-spor-giyim","16":"product_tag-uzun-kol","17":"pa_brand-koton","18":"pa_color-kahverengi","19":"pa_size-12-18-ay-2","20":"pa_size-18-24-ay-2","21":"pa_size-24-36-ay-2","22":"pa_size-3-4-yas-2","23":"pa_size-4-5-yas-2","24":"pa_size-9-12-ay-3","26":"first","27":"instock","28":"sale","29":"shipping-taxable","30":"purchasable","31":"product-type-variable"},"_links":{"self":[{"href":"https:\/\/mod.wisdar.net\/tr\/wp-json\/wp\/v2\/product\/149606","targetHints":{"allow":["GET"]}}],"collection":[{"href":"https:\/\/mod.wisdar.net\/tr\/wp-json\/wp\/v2\/product"}],"about":[{"href":"https:\/\/mod.wisdar.net\/tr\/wp-json\/wp\/v2\/types\/product"}],"replies":[{"embeddable":true,"href":"https:\/\/mod.wisdar.net\/tr\/wp-json\/wp\/v2\/comments?post=149606"}],"wp:featuredmedia":[{"embeddable":true,"href":"https:\/\/mod.wisdar.net\/tr\/wp-json\/wp\/v2\/media\/149591"}],"wp:attachment":[{"href":"https:\/\/mod.wisdar.net\/tr\/wp-json\/wp\/v2\/media?parent=149606"}],"wp:term":[{"taxonomy":"product_brand","embeddable":true,"href":"https:\/\/mod.wisdar.net\/tr\/wp-json\/wp\/v2\/product_brand?post=149606"},{"taxonomy":"product_cat","embeddable":true,"href":"https:\/\/mod.wisdar.net\/tr\/wp-json\/wp\/v2\/product_cat?post=149606"},{"taxonomy":"product_tag","embeddable":true,"href":"https:\/\/mod.wisdar.net\/tr\/wp-json\/wp\/v2\/product_tag?post=149606"}],"curies":[{"name":"wp","href":"https:\/\/api.w.org\/{rel}","templated":true}]}}