{"id":149674,"date":"2026-02-22T20:10:00","date_gmt":"2026-02-22T20:10:00","guid":{"rendered":"https:\/\/modesthanim.com\/product\/erkek-bebek-baskili-beli-baglamali-cep-detayli-oversize-esofman-alti\/"},"modified":"2026-04-14T00:41:03","modified_gmt":"2026-04-14T00:41:03","slug":"erkek-bebek-baskili-beli-baglamali-cep-detayli-oversize-esofman-alti","status":"publish","type":"product","link":"https:\/\/mod.wisdar.net\/tr\/urun\/erkek-bebek-baskili-beli-baglamali-cep-detayli-oversize-esofman-alti\/","title":{"rendered":"Erkek Bebek Bask\u0131l\u0131 Beli Ba\u011flamal\u0131 Cep Detayl\u0131 Oversize E\u015fofman Alt\u0131"},"content":{"rendered":"<p>Pamuk kar\u0131\u015f\u0131ml\u0131 e\u015fofman alt\u0131, beli ba\u011flamal\u0131 yap\u0131s\u0131 ile rahatl\u0131k sa\u011flarken, bask\u0131l\u0131 detay\u0131yla ile enerjik bir g\u00f6r\u00fcn\u00fcm kazan\u0131yor. Kesik pa\u00e7a tasar\u0131m\u0131 ile hareket \u00f6zg\u00fcrl\u00fc\u011f\u00fc sunarken casual kombinler i\u00e7in ideal bir par\u00e7a olu\u015fturuyor. G\u00fcnl\u00fck aktivitelerde konforu ve \u015f\u0131kl\u0131\u011f\u0131 bir arada ya\u015famak i\u00e7in m\u00fckemmel bir se\u00e7enek.<\/p>\n<p>\u00dcr\u00fcn \u00d6zellikleri<br \/>\nBel Tipi: Normal Bel<br \/>\nCep Tipi: \u00c7ift Cep<br \/>\nFit: Oversize<br \/>\nPa\u00e7a Bilgisi: Kesik Pa\u00e7a<br \/>\nKullan\u0131m Alan\u0131: G\u00fcnl\u00fck Giyim, Spor Giyim<\/p>\n<p>Koton erkek bebek giyim koleksiyonu, miniklerin enerjisini yans\u0131t\u0131yor. Rahat ve kullan\u0131\u015fl\u0131 tasar\u0131mlar\u0131yla dikkat \u00e7eken par\u00e7alar ebeveynlerin ilk tercihi oluyor!<\/p>\n<p>\u00dcr\u00fcnlerimiz kimyasallara kar\u015f\u0131 test edilerek, t\u00fcm g\u00fcvenlik kurallar\u0131na uygun olarak \u00fcretilir. \u00dcr\u00fcnlerimizde sa\u011fl\u0131\u011fa zararl\u0131 boyalar ve a\u011f\u0131r metaller, tehlikeli yutulabilecek k\u00fc\u00e7\u00fck ve keskin par\u00e7alar, kordon ve ba\u011fc\u0131klar bulunmamaktad\u0131r.<\/p>\n","protected":false},"excerpt":{"rendered":"<p>Pamuk kar\u0131\u015f\u0131ml\u0131 e\u015fofman alt\u0131, beli ba\u011flamal\u0131 yap\u0131s\u0131 ile rahatl\u0131k sa\u011flarken, bask\u0131l\u0131 detay\u0131yla ile enerjik bir g\u00f6r\u00fcn\u00fcm kazan\u0131yor. Kesik pa\u00e7a tasar\u0131m\u0131 ile hareket \u00f6zg\u00fcrl\u00fc\u011f\u00fc sunarken casual kombinler i\u00e7in ideal bir par\u00e7a olu\u015fturuyor. G\u00fcnl\u00fck aktivitelerde konforu ve \u015f\u0131kl\u0131\u011f\u0131 bir arada ya\u015famak i\u00e7in m\u00fckemmel bir se\u00e7enek. \u00dcr\u00fcn \u00d6zellikleri Bel Tipi: Normal Bel Cep Tipi: \u00c7ift Cep Fit: Oversize [&hellip;]<\/p>\n","protected":false},"featured_media":149669,"comment_status":"open","ping_status":"closed","template":"","meta":[],"product_brand":[],"product_cat":[8739,8694,8748,8697,8700],"product_tag":[8281,8022,8048,7419,7423,7425,6751,7424],"class_list":{"0":"post-149674","1":"product","2":"type-product","3":"status-publish","4":"has-post-thumbnail","6":"product_cat-erkek-cocuklar-2-14-yas","7":"product_cat-cocuklar","8":"product_cat-pantolonlar-sortlar","9":"product_cat-yenidogan-0-12-ay","10":"product_cat-yenidogan-giyim","11":"product_tag-bagcikli-bel","12":"product_tag-baskili-2","13":"product_tag-cep-detayi","14":"product_tag-gunluk","15":"product_tag-oversize-2","16":"product_tag-pamuk-karisimi","17":"product_tag-rahat","18":"product_tag-spor-giyim","19":"pa_brand-koton","20":"pa_color-yesil","21":"pa_size-12-18-ay-2","22":"pa_size-18-24-ay-2","23":"pa_size-24-36-ay-2","24":"pa_size-3-4-yas-2","25":"pa_size-4-5-yas-2","26":"pa_size-9-12-ay-3","28":"first","29":"instock","30":"sale","31":"shipping-taxable","32":"purchasable","33":"product-type-variable"},"_links":{"self":[{"href":"https:\/\/mod.wisdar.net\/tr\/wp-json\/wp\/v2\/product\/149674","targetHints":{"allow":["GET"]}}],"collection":[{"href":"https:\/\/mod.wisdar.net\/tr\/wp-json\/wp\/v2\/product"}],"about":[{"href":"https:\/\/mod.wisdar.net\/tr\/wp-json\/wp\/v2\/types\/product"}],"replies":[{"embeddable":true,"href":"https:\/\/mod.wisdar.net\/tr\/wp-json\/wp\/v2\/comments?post=149674"}],"wp:featuredmedia":[{"embeddable":true,"href":"https:\/\/mod.wisdar.net\/tr\/wp-json\/wp\/v2\/media\/149669"}],"wp:attachment":[{"href":"https:\/\/mod.wisdar.net\/tr\/wp-json\/wp\/v2\/media?parent=149674"}],"wp:term":[{"taxonomy":"product_brand","embeddable":true,"href":"https:\/\/mod.wisdar.net\/tr\/wp-json\/wp\/v2\/product_brand?post=149674"},{"taxonomy":"product_cat","embeddable":true,"href":"https:\/\/mod.wisdar.net\/tr\/wp-json\/wp\/v2\/product_cat?post=149674"},{"taxonomy":"product_tag","embeddable":true,"href":"https:\/\/mod.wisdar.net\/tr\/wp-json\/wp\/v2\/product_tag?post=149674"}],"curies":[{"name":"wp","href":"https:\/\/api.w.org\/{rel}","templated":true}]}}