{"id":149684,"date":"2026-02-22T20:10:07","date_gmt":"2026-02-22T20:10:07","guid":{"rendered":"https:\/\/modesthanim.com\/product\/erkek-bebek-beli-bagcikli-cep-detayli-pamuklu-jogger-esofman-alti\/"},"modified":"2026-04-14T00:41:48","modified_gmt":"2026-04-14T00:41:48","slug":"erkek-bebek-beli-bagcikli-cep-detayli-pamuklu-jogger-esofman-alti","status":"publish","type":"product","link":"https:\/\/mod.wisdar.net\/tr\/urun\/erkek-bebek-beli-bagcikli-cep-detayli-pamuklu-jogger-esofman-alti\/","title":{"rendered":"Erkek Bebek Beli Ba\u011fc\u0131kl\u0131 Cep Detayl\u0131 Pamuklu Jogger E\u015fofman Alt\u0131"},"content":{"rendered":"<p>Jogger e\u015fofman alt\u0131, yumu\u015fak ve pamuklu kuma\u015f\u0131 ve rahat kal\u0131b\u0131yla miniklerin hareket \u00f6zg\u00fcrl\u00fc\u011f\u00fcn\u00fc destekliyor. Beli ayarlanabilir ba\u011fc\u0131kl\u0131 tasar\u0131m\u0131 sayesinde kolayca giyilip \u00e7\u0131kar\u0131labiliyor. Cep detaylar\u0131yla k\u00fc\u00e7\u00fck e\u015fyalar\u0131n\u0131 saklamas\u0131 i\u00e7in pratiklik sunuyor. Lastikli pa\u00e7alar\u0131 ile g\u00fcn boyu konfor sa\u011flarken, miniklerin enerjisine ayak uyduruyor.<\/p>\n<p>\u00dcr\u00fcn \u00d6zellikleri<\/p>\n<p>Bel Tipi: Normal Bel<br \/>\nCep Tipi: \u00c7ift Cep<br \/>\nPa\u00e7a bilgi: Lastikli Pa\u00e7a<br \/>\nKullan\u0131m Alan\u0131: G\u00fcnl\u00fck Giyim, Spor Giyim<\/p>\n<p>Koton erkek bebek koleksiyonu, hareketli g\u00fcnleri e\u011flenceli hale getiriyor! Miniklerin gard\u0131robuna konfor katan bu pantolonu ka\u00e7\u0131rmay\u0131n!<\/p>\n<p>\u00dcr\u00fcnlerimiz kimyasallara kar\u015f\u0131 test edilerek, t\u00fcm g\u00fcvenlik kurallar\u0131na uygun olarak \u00fcretilir. \u00dcr\u00fcnlerimizde sa\u011fl\u0131\u011fa zararl\u0131 boyalar ve a\u011f\u0131r metaller, tehlikeli yutulabilecek k\u00fc\u00e7\u00fck ve keskin par\u00e7alar, kordon ve ba\u011fc\u0131klar bulunmamaktad\u0131r.<\/p>\n","protected":false},"excerpt":{"rendered":"<p>Jogger e\u015fofman alt\u0131, yumu\u015fak ve pamuklu kuma\u015f\u0131 ve rahat kal\u0131b\u0131yla miniklerin hareket \u00f6zg\u00fcrl\u00fc\u011f\u00fcn\u00fc destekliyor. Beli ayarlanabilir ba\u011fc\u0131kl\u0131 tasar\u0131m\u0131 sayesinde kolayca giyilip \u00e7\u0131kar\u0131labiliyor. Cep detaylar\u0131yla k\u00fc\u00e7\u00fck e\u015fyalar\u0131n\u0131 saklamas\u0131 i\u00e7in pratiklik sunuyor. Lastikli pa\u00e7alar\u0131 ile g\u00fcn boyu konfor sa\u011flarken, miniklerin enerjisine ayak uyduruyor. \u00dcr\u00fcn \u00d6zellikleri Bel Tipi: Normal Bel Cep Tipi: \u00c7ift Cep Pa\u00e7a bilgi: Lastikli Pa\u00e7a [&hellip;]<\/p>\n","protected":false},"featured_media":149670,"comment_status":"open","ping_status":"closed","template":"","meta":[],"product_brand":[],"product_cat":[8739,8694,8748],"product_tag":[7352,7651,7354,7488,6751,7424],"class_list":{"0":"post-149684","1":"product","2":"type-product","3":"status-publish","4":"has-post-thumbnail","6":"product_cat-erkek-cocuklar-2-14-yas","7":"product_cat-cocuklar","8":"product_cat-pantolonlar-sortlar","9":"product_tag-cepli","10":"product_tag-esofman-alti","11":"product_tag-gunluk-giyim-2","12":"product_tag-pamuk","13":"product_tag-rahat","14":"product_tag-spor-giyim","15":"pa_brand-koton","16":"pa_color-kahverengi","17":"pa_size-12-18-ay-2","18":"pa_size-18-24-ay-2","19":"pa_size-24-36-ay-2","20":"pa_size-3-4-yas-2","21":"pa_size-4-5-yas-2","22":"pa_size-9-12-ay-3","24":"first","25":"instock","26":"sale","27":"shipping-taxable","28":"purchasable","29":"product-type-variable"},"_links":{"self":[{"href":"https:\/\/mod.wisdar.net\/tr\/wp-json\/wp\/v2\/product\/149684","targetHints":{"allow":["GET"]}}],"collection":[{"href":"https:\/\/mod.wisdar.net\/tr\/wp-json\/wp\/v2\/product"}],"about":[{"href":"https:\/\/mod.wisdar.net\/tr\/wp-json\/wp\/v2\/types\/product"}],"replies":[{"embeddable":true,"href":"https:\/\/mod.wisdar.net\/tr\/wp-json\/wp\/v2\/comments?post=149684"}],"wp:featuredmedia":[{"embeddable":true,"href":"https:\/\/mod.wisdar.net\/tr\/wp-json\/wp\/v2\/media\/149670"}],"wp:attachment":[{"href":"https:\/\/mod.wisdar.net\/tr\/wp-json\/wp\/v2\/media?parent=149684"}],"wp:term":[{"taxonomy":"product_brand","embeddable":true,"href":"https:\/\/mod.wisdar.net\/tr\/wp-json\/wp\/v2\/product_brand?post=149684"},{"taxonomy":"product_cat","embeddable":true,"href":"https:\/\/mod.wisdar.net\/tr\/wp-json\/wp\/v2\/product_cat?post=149684"},{"taxonomy":"product_tag","embeddable":true,"href":"https:\/\/mod.wisdar.net\/tr\/wp-json\/wp\/v2\/product_tag?post=149684"}],"curies":[{"name":"wp","href":"https:\/\/api.w.org\/{rel}","templated":true}]}}