{"id":149819,"date":"2026-02-22T20:18:51","date_gmt":"2026-02-22T20:18:51","guid":{"rendered":"https:\/\/modesthanim.com\/product\/erkek-cocuk-pamuklu-uzun-kollu-dugmeli-tek-cepli-cizgili-gomlek-3\/"},"modified":"2026-03-31T00:03:15","modified_gmt":"2026-03-31T00:03:15","slug":"erkek-cocuk-pamuklu-uzun-kollu-dugmeli-tek-cepli-cizgili-gomlek-3","status":"publish","type":"product","link":"https:\/\/mod.wisdar.net\/tr\/urun\/erkek-cocuk-pamuklu-uzun-kollu-dugmeli-tek-cepli-cizgili-gomlek-3\/","title":{"rendered":"Erkek \u00c7ocuk Pamuklu Uzun Kollu D\u00fc\u011fmeli Tek Cepli \u00c7izgili G\u00f6mlek"},"content":{"rendered":"<p>Pamuklu g\u00f6mlek, \u00e7ocuklar i\u00e7in rahat ve \u015f\u0131k bir se\u00e7enek sunuyor. D\u00fc\u011fmeli tasar\u0131m\u0131 ile kolay giyilip \u00e7\u0131kar\u0131labilirken, tek cep detay\u0131 ise pratik kullan\u0131m\u0131yla \u00f6ne \u00e7\u0131k\u0131yor. Standart boyu ve yumu\u015fak dokusu ile her t\u00fcrl\u00fc kombine uyum sa\u011fl\u0131yor. \u00c7izgili tasar\u0131m\u0131 sayesinde hem klasik hem modern bir g\u00f6r\u00fcn\u00fcm sunarak ideal bir tamamlay\u0131c\u0131 par\u00e7a oluyor.<\/p>\n<p>\u00dcr\u00fcn \u00d6zellikleri<br \/>\nKol Tipi: Uzun Kol<br \/>\nDetay: D\u00fc\u011fmeli, Cep Detayl\u0131<br \/>\nKuma\u015f: %100 Pamuk<br \/>\nKullan\u0131m Alan\u0131: G\u00fcnl\u00fck Giyim, \u00d6zel G\u00fcnler<\/p>\n<p>Koton erkek \u00e7ocuk giyim koleksiyonu, tarz ve rahatl\u0131\u011f\u0131 bir araya getiriyor! Miniklerin enerjisine uyum sa\u011flayan tasar\u0131mlarla e\u011flenceli se\u00e7imler yap\u0131n!<\/p>\n<p>\u2014 Technical Details \u2014<br \/>\nKuma\u015f: %100 PAMUK<br \/>\nKol Boyu: Uzun Kol<br \/>\nKol Tipi: D\u00fc\u015f\u00fck Omuz<br \/>\nYaka Tipi: G\u00f6mlek Yaka<br \/>\nSil\u00fcet: Basic<br \/>\n\u00dcr\u00fcn Tipi \/ Stil: Basic<br \/>\n\u00dcr\u00fcn\u00fcn Alt Markas\u0131: Kidswear<br \/>\nSat\u0131c\u0131\/\u0130malat\u00e7\u0131\/\u0130thalat\u00e7\u0131 \u0130smi: Koton Ma\u011fazac\u0131l\u0131k Tekstil Sanayi ve Ticaret A.\u015e.<br \/>\nPosta Adresi: Ayaza\u011fa Mah. Maslak Ayaza\u011fa Cad. No:3 \u0130\u00e7 Kap\u0131 No:5 Sar\u0131yer\/\u0130stanbul<br \/>\nE-Posta Adresi: mim@koton.com<\/p>\n","protected":false},"excerpt":{"rendered":"<p>Pamuklu g\u00f6mlek, \u00e7ocuklar i\u00e7in rahat ve \u015f\u0131k bir se\u00e7enek sunuyor. D\u00fc\u011fmeli tasar\u0131m\u0131 ile kolay giyilip \u00e7\u0131kar\u0131labilirken, tek cep detay\u0131 ise pratik kullan\u0131m\u0131yla \u00f6ne \u00e7\u0131k\u0131yor. Standart boyu ve yumu\u015fak dokusu ile her t\u00fcrl\u00fc kombine uyum sa\u011fl\u0131yor. \u00c7izgili tasar\u0131m\u0131 sayesinde hem klasik hem modern bir g\u00f6r\u00fcn\u00fcm sunarak ideal bir tamamlay\u0131c\u0131 par\u00e7a oluyor. \u00dcr\u00fcn \u00d6zellikleri Kol Tipi: Uzun [&hellip;]<\/p>\n","protected":false},"featured_media":149816,"comment_status":"open","ping_status":"closed","template":"","meta":[],"product_brand":[],"product_cat":[8739,8694,8742],"product_tag":[7912,7801,7426,6768],"class_list":{"0":"post-149819","1":"product","2":"type-product","3":"status-publish","4":"has-post-thumbnail","6":"product_cat-erkek-cocuklar-2-14-yas","7":"product_cat-cocuklar","8":"product_cat-tisortler-gomlekler","9":"product_tag-cizgili","10":"product_tag-dugmeli","11":"product_tag-gunluk-giyim-3","12":"product_tag-uzun-kol","13":"pa_brand-koton","14":"pa_color-ekru-cizgili","15":"pa_size-11-12-yas-2","16":"pa_size-13-14-yas-2","17":"pa_size-5-6-yas-2","18":"pa_size-6-7-yas-2","19":"pa_size-7-8-yas-2","20":"pa_size-9-10-yas-2","22":"first","23":"instock","24":"sale","25":"shipping-taxable","26":"purchasable","27":"product-type-variable"},"_links":{"self":[{"href":"https:\/\/mod.wisdar.net\/tr\/wp-json\/wp\/v2\/product\/149819","targetHints":{"allow":["GET"]}}],"collection":[{"href":"https:\/\/mod.wisdar.net\/tr\/wp-json\/wp\/v2\/product"}],"about":[{"href":"https:\/\/mod.wisdar.net\/tr\/wp-json\/wp\/v2\/types\/product"}],"replies":[{"embeddable":true,"href":"https:\/\/mod.wisdar.net\/tr\/wp-json\/wp\/v2\/comments?post=149819"}],"wp:featuredmedia":[{"embeddable":true,"href":"https:\/\/mod.wisdar.net\/tr\/wp-json\/wp\/v2\/media\/149816"}],"wp:attachment":[{"href":"https:\/\/mod.wisdar.net\/tr\/wp-json\/wp\/v2\/media?parent=149819"}],"wp:term":[{"taxonomy":"product_brand","embeddable":true,"href":"https:\/\/mod.wisdar.net\/tr\/wp-json\/wp\/v2\/product_brand?post=149819"},{"taxonomy":"product_cat","embeddable":true,"href":"https:\/\/mod.wisdar.net\/tr\/wp-json\/wp\/v2\/product_cat?post=149819"},{"taxonomy":"product_tag","embeddable":true,"href":"https:\/\/mod.wisdar.net\/tr\/wp-json\/wp\/v2\/product_tag?post=149819"}],"curies":[{"name":"wp","href":"https:\/\/api.w.org\/{rel}","templated":true}]}}