{"id":149853,"date":"2026-02-22T20:20:14","date_gmt":"2026-02-22T20:20:14","guid":{"rendered":"https:\/\/modesthanim.com\/product\/erkek-bebek-uzun-kollu-pamuklu-dugme-detayli-cizgili-polo-yaka-sweatshirt\/"},"modified":"2026-03-19T05:13:02","modified_gmt":"2026-03-19T05:13:02","slug":"erkek-bebek-uzun-kollu-pamuklu-dugme-detayli-cizgili-polo-yaka-sweatshirt","status":"publish","type":"product","link":"https:\/\/mod.wisdar.net\/tr\/urun\/erkek-bebek-uzun-kollu-pamuklu-dugme-detayli-cizgili-polo-yaka-sweatshirt\/","title":{"rendered":"Erkek Bebek Uzun Kollu Pamuklu D\u00fc\u011fme Detayl\u0131 \u00c7izgili Polo Yaka Sweatshirt"},"content":{"rendered":"<p>\u00c7izgili sweatshirt, miniklere hareket \u00f6zg\u00fcrl\u00fc\u011f\u00fc sunan rahat yap\u0131s\u0131yla \u00f6ne \u00e7\u0131k\u0131yor. Polo yaka yap\u0131s\u0131 ve d\u00fc\u011fme detaylar\u0131yla klasik bir g\u00f6r\u00fcn\u00fcm sa\u011flarken, uzun kollar\u0131 sayesinde serin havalarda s\u0131cakl\u0131k sa\u011fl\u0131yor. Pamuklu yap\u0131s\u0131 ile g\u00fcnl\u00fck giyimde ideal bir tercih oluyor.<\/p>\n<p>\u00dcr\u00fcn \u00d6zellikleri<br \/>\nKol Tipi: Uzun Kol<br \/>\nYaka Tipi: Polo Yaka<br \/>\nDetay: D\u00fc\u011fmeli<br \/>\nKuma\u015f: %100 Pamuk<br \/>\nKullan\u0131m Alan\u0131: G\u00fcnl\u00fck Giyim<\/p>\n<p>Koton erkek bebek koleksiyonu, rahat ve \u015f\u0131k tasar\u0131mlar\u0131yla dikkat \u00e7ekiyor ve ebeveynlerin be\u011fenisini kazan\u0131yor!<\/p>\n<p>\u00dcr\u00fcnlerimiz kimyasallara kar\u015f\u0131 test edilerek, t\u00fcm g\u00fcvenlik kurallar\u0131na uygun olarak \u00fcretilir. \u00dcr\u00fcnlerimizde sa\u011fl\u0131\u011fa zararl\u0131 boyalar ve a\u011f\u0131r metaller, tehlikeli yutulabilecek k\u00fc\u00e7\u00fck ve keskin par\u00e7alar, kordon ve ba\u011fc\u0131klar bulunmamaktad\u0131r.<\/p>\n","protected":false},"excerpt":{"rendered":"<p>\u00c7izgili sweatshirt, miniklere hareket \u00f6zg\u00fcrl\u00fc\u011f\u00fc sunan rahat yap\u0131s\u0131yla \u00f6ne \u00e7\u0131k\u0131yor. Polo yaka yap\u0131s\u0131 ve d\u00fc\u011fme detaylar\u0131yla klasik bir g\u00f6r\u00fcn\u00fcm sa\u011flarken, uzun kollar\u0131 sayesinde serin havalarda s\u0131cakl\u0131k sa\u011fl\u0131yor. Pamuklu yap\u0131s\u0131 ile g\u00fcnl\u00fck giyimde ideal bir tercih oluyor. \u00dcr\u00fcn \u00d6zellikleri Kol Tipi: Uzun Kol Yaka Tipi: Polo Yaka Detay: D\u00fc\u011fmeli Kuma\u015f: %100 Pamuk Kullan\u0131m Alan\u0131: G\u00fcnl\u00fck Giyim [&hellip;]<\/p>\n","protected":false},"featured_media":149848,"comment_status":"open","ping_status":"closed","template":"","meta":[],"product_brand":[],"product_cat":[8739,8694,8742,8697,8700],"product_tag":[7912,7354,7488,6751,7422,6768],"class_list":{"0":"post-149853","1":"product","2":"type-product","3":"status-publish","4":"has-post-thumbnail","6":"product_cat-erkek-cocuklar-2-14-yas","7":"product_cat-cocuklar","8":"product_cat-tisortler-gomlekler","9":"product_cat-yenidogan-0-12-ay","10":"product_cat-yenidogan-giyim","11":"product_tag-cizgili","12":"product_tag-gunluk-giyim-2","13":"product_tag-pamuk","14":"product_tag-rahat","15":"product_tag-sweatshirt","16":"product_tag-uzun-kol","17":"pa_brand-koton","18":"pa_color-ekru-cizgili","19":"pa_size-12-18-ay-2","20":"pa_size-18-24-ay-2","21":"pa_size-24-36-ay-2","22":"pa_size-3-4-yas-2","23":"pa_size-4-5-yas-2","24":"pa_size-9-12-ay-3","26":"first","27":"outofstock","28":"shipping-taxable","29":"product-type-variable"},"_links":{"self":[{"href":"https:\/\/mod.wisdar.net\/tr\/wp-json\/wp\/v2\/product\/149853","targetHints":{"allow":["GET"]}}],"collection":[{"href":"https:\/\/mod.wisdar.net\/tr\/wp-json\/wp\/v2\/product"}],"about":[{"href":"https:\/\/mod.wisdar.net\/tr\/wp-json\/wp\/v2\/types\/product"}],"replies":[{"embeddable":true,"href":"https:\/\/mod.wisdar.net\/tr\/wp-json\/wp\/v2\/comments?post=149853"}],"wp:featuredmedia":[{"embeddable":true,"href":"https:\/\/mod.wisdar.net\/tr\/wp-json\/wp\/v2\/media\/149848"}],"wp:attachment":[{"href":"https:\/\/mod.wisdar.net\/tr\/wp-json\/wp\/v2\/media?parent=149853"}],"wp:term":[{"taxonomy":"product_brand","embeddable":true,"href":"https:\/\/mod.wisdar.net\/tr\/wp-json\/wp\/v2\/product_brand?post=149853"},{"taxonomy":"product_cat","embeddable":true,"href":"https:\/\/mod.wisdar.net\/tr\/wp-json\/wp\/v2\/product_cat?post=149853"},{"taxonomy":"product_tag","embeddable":true,"href":"https:\/\/mod.wisdar.net\/tr\/wp-json\/wp\/v2\/product_tag?post=149853"}],"curies":[{"name":"wp","href":"https:\/\/api.w.org\/{rel}","templated":true}]}}