{"id":149904,"date":"2026-02-22T20:25:48","date_gmt":"2026-02-22T20:25:48","guid":{"rendered":"https:\/\/modesthanim.com\/product\/erkek-bebek-beli-baglamali-cep-detayli-basic-kadife-esofman-alti\/"},"modified":"2026-03-31T00:41:30","modified_gmt":"2026-03-31T00:41:30","slug":"erkek-bebek-beli-baglamali-cep-detayli-basic-kadife-esofman-alti","status":"publish","type":"product","link":"https:\/\/mod.wisdar.net\/tr\/urun\/erkek-bebek-beli-baglamali-cep-detayli-basic-kadife-esofman-alti\/","title":{"rendered":"Erkek Bebek Beli Ba\u011flamal\u0131 Cep Detayl\u0131 Basic Kadife E\u015fofman Alt\u0131"},"content":{"rendered":"<p>Yumu\u015fak kadife dokusuyla basic e\u015fofman alt\u0131, miniklerin rahat\u00e7a hareket etmelerine olanak tan\u0131yor. Ba\u011flamal\u0131 bel yap\u0131s\u0131 ile pratik bir kullan\u0131m sunarken, yan cepleri ile kullan\u0131\u015fl\u0131 bir deneyim sa\u011fl\u0131yor. Bebeklere konfor sunan pamuklu yap\u0131s\u0131yla g\u00fcn boyu rahatl\u0131k vadediyor. \u00dcr\u00fcn \u00d6zellikleri Bel Tipi: Normal Bel Detay: Cep Detayl\u0131 Kullan\u0131m Alan\u0131: G\u00fcnl\u00fck Giyim, Spor Giyim Koton erkek bebek e\u015fofman alt\u0131 modelleri bebeklerin enerjisine her an e\u015flik etmeye haz\u0131r! Ebeveynler taraf\u0131ndan s\u0131k\u00e7a tercih edilen bu konforlu ve \u015firin e\u015fofman alt\u0131, bebeklerin d\u00fcnyas\u0131n\u0131 renklendiriyor! \u00dcr\u00fcnlerimiz kimyasallara kar\u015f\u0131 test edilerek, t\u00fcm g\u00fcvenlik kurallar\u0131na uygun olarak \u00fcretilir. \u00dcr\u00fcnlerimizde sa\u011fl\u0131\u011fa zararl\u0131 boyalar ve a\u011f\u0131r metaller, tehlikeli yutulabilecek k\u00fc\u00e7\u00fck ve keskin par\u00e7alar, kordon ve ba\u011fc\u0131klar bulunmamaktad\u0131r.<\/p>\n","protected":false},"excerpt":{"rendered":"<p>Yumu\u015fak kadife dokusuyla basic e\u015fofman alt\u0131, miniklerin rahat\u00e7a hareket etmelerine olanak tan\u0131yor. Ba\u011flamal\u0131 bel yap\u0131s\u0131 ile pratik bir kullan\u0131m sunarken, yan cepleri ile kullan\u0131\u015fl\u0131 bir deneyim sa\u011fl\u0131yor. Bebeklere konfor sunan pamuklu yap\u0131s\u0131yla g\u00fcn boyu rahatl\u0131k vadediyor. \u00dcr\u00fcn \u00d6zellikleri Bel Tipi: Normal Bel Detay: Cep Detayl\u0131 Kullan\u0131m Alan\u0131: G\u00fcnl\u00fck Giyim, Spor Giyim Koton erkek bebek e\u015fofman [&hellip;]<\/p>\n","protected":false},"featured_media":149893,"comment_status":"open","ping_status":"closed","template":"","meta":[],"product_brand":[],"product_cat":[8739,8694,8748],"product_tag":[7352,7651,7354,7488,6751,7424],"class_list":{"0":"post-149904","1":"product","2":"type-product","3":"status-publish","4":"has-post-thumbnail","6":"product_cat-erkek-cocuklar-2-14-yas","7":"product_cat-cocuklar","8":"product_cat-pantolonlar-sortlar","9":"product_tag-cepli","10":"product_tag-esofman-alti","11":"product_tag-gunluk-giyim-2","12":"product_tag-pamuk","13":"product_tag-rahat","14":"product_tag-spor-giyim","15":"pa_brand-koton","16":"pa_color-lacivert","17":"pa_size-12-18-ay-2","18":"pa_size-18-24-ay-2","19":"pa_size-24-36-ay-2","20":"pa_size-3-4-yas-2","21":"pa_size-4-5-yas-2","23":"first","24":"instock","25":"sale","26":"shipping-taxable","27":"purchasable","28":"product-type-variable"},"_links":{"self":[{"href":"https:\/\/mod.wisdar.net\/tr\/wp-json\/wp\/v2\/product\/149904","targetHints":{"allow":["GET"]}}],"collection":[{"href":"https:\/\/mod.wisdar.net\/tr\/wp-json\/wp\/v2\/product"}],"about":[{"href":"https:\/\/mod.wisdar.net\/tr\/wp-json\/wp\/v2\/types\/product"}],"replies":[{"embeddable":true,"href":"https:\/\/mod.wisdar.net\/tr\/wp-json\/wp\/v2\/comments?post=149904"}],"wp:featuredmedia":[{"embeddable":true,"href":"https:\/\/mod.wisdar.net\/tr\/wp-json\/wp\/v2\/media\/149893"}],"wp:attachment":[{"href":"https:\/\/mod.wisdar.net\/tr\/wp-json\/wp\/v2\/media?parent=149904"}],"wp:term":[{"taxonomy":"product_brand","embeddable":true,"href":"https:\/\/mod.wisdar.net\/tr\/wp-json\/wp\/v2\/product_brand?post=149904"},{"taxonomy":"product_cat","embeddable":true,"href":"https:\/\/mod.wisdar.net\/tr\/wp-json\/wp\/v2\/product_cat?post=149904"},{"taxonomy":"product_tag","embeddable":true,"href":"https:\/\/mod.wisdar.net\/tr\/wp-json\/wp\/v2\/product_tag?post=149904"}],"curies":[{"name":"wp","href":"https:\/\/api.w.org\/{rel}","templated":true}]}}