{"id":149986,"date":"2026-02-22T20:28:48","date_gmt":"2026-02-22T20:28:48","guid":{"rendered":"https:\/\/modesthanim.com\/product\/pamuklu-dinozor-baskili-beli-bagcikli-sardonlu-jogger-esofman-alti\/"},"modified":"2026-03-31T00:34:06","modified_gmt":"2026-03-31T00:34:06","slug":"pamuklu-dinozor-baskili-beli-bagcikli-sardonlu-jogger-esofman-alti","status":"publish","type":"product","link":"https:\/\/mod.wisdar.net\/tr\/urun\/pamuklu-dinozor-baskili-beli-bagcikli-sardonlu-jogger-esofman-alti\/","title":{"rendered":"Pamuklu Dinozor Bask\u0131l\u0131 Beli Ba\u011fc\u0131kl\u0131 \u015eardonlu Jogger E\u015fofman Alt\u0131"},"content":{"rendered":"<p>Cotton dinosaur printed drawstring soft interior soft interior jogger sweatpants. D\u0131\u015f: %100 PAMUK<\/p>\n","protected":false},"excerpt":{"rendered":"<p>Cotton dinosaur printed drawstring soft interior soft interior jogger sweatpants. D\u0131\u015f: %100 PAMUK<\/p>\n","protected":false},"featured_media":149975,"comment_status":"open","ping_status":"closed","template":"","meta":[],"product_brand":[],"product_cat":[8739,8694,8748,8697,8700],"product_tag":[8281,7651,7724,7426,7488],"class_list":{"0":"post-149986","1":"product","2":"type-product","3":"status-publish","4":"has-post-thumbnail","6":"product_cat-erkek-cocuklar-2-14-yas","7":"product_cat-cocuklar","8":"product_cat-pantolonlar-sortlar","9":"product_cat-yenidogan-0-12-ay","10":"product_cat-yenidogan-giyim","11":"product_tag-bagcikli-bel","12":"product_tag-esofman-alti","13":"product_tag-ev-giyimi","14":"product_tag-gunluk-giyim-3","15":"product_tag-pamuk","16":"pa_brand-koton","17":"pa_color-lacivert","18":"pa_size-12-18-ay-2","19":"pa_size-18-24-ay-2","20":"pa_size-24-36-ay-2","21":"pa_size-3-4-yas-2","22":"pa_size-4-5-yas-2","23":"pa_size-9-12-ay-3","25":"first","26":"instock","27":"sale","28":"shipping-taxable","29":"purchasable","30":"product-type-variable"},"_links":{"self":[{"href":"https:\/\/mod.wisdar.net\/tr\/wp-json\/wp\/v2\/product\/149986","targetHints":{"allow":["GET"]}}],"collection":[{"href":"https:\/\/mod.wisdar.net\/tr\/wp-json\/wp\/v2\/product"}],"about":[{"href":"https:\/\/mod.wisdar.net\/tr\/wp-json\/wp\/v2\/types\/product"}],"replies":[{"embeddable":true,"href":"https:\/\/mod.wisdar.net\/tr\/wp-json\/wp\/v2\/comments?post=149986"}],"wp:featuredmedia":[{"embeddable":true,"href":"https:\/\/mod.wisdar.net\/tr\/wp-json\/wp\/v2\/media\/149975"}],"wp:attachment":[{"href":"https:\/\/mod.wisdar.net\/tr\/wp-json\/wp\/v2\/media?parent=149986"}],"wp:term":[{"taxonomy":"product_brand","embeddable":true,"href":"https:\/\/mod.wisdar.net\/tr\/wp-json\/wp\/v2\/product_brand?post=149986"},{"taxonomy":"product_cat","embeddable":true,"href":"https:\/\/mod.wisdar.net\/tr\/wp-json\/wp\/v2\/product_cat?post=149986"},{"taxonomy":"product_tag","embeddable":true,"href":"https:\/\/mod.wisdar.net\/tr\/wp-json\/wp\/v2\/product_tag?post=149986"}],"curies":[{"name":"wp","href":"https:\/\/api.w.org\/{rel}","templated":true}]}}