{"id":149997,"date":"2026-02-22T20:28:49","date_gmt":"2026-02-22T20:28:49","guid":{"rendered":"https:\/\/modesthanim.com\/product\/erkek-bebek-cep-detayli-beli-bagcikli-sardonlu-jogger-esofman-alti\/"},"modified":"2026-04-07T00:41:36","modified_gmt":"2026-04-07T00:41:36","slug":"erkek-bebek-cep-detayli-beli-bagcikli-sardonlu-jogger-esofman-alti","status":"publish","type":"product","link":"https:\/\/mod.wisdar.net\/tr\/urun\/erkek-bebek-cep-detayli-beli-bagcikli-sardonlu-jogger-esofman-alti\/","title":{"rendered":"Erkek Bebek Cep Detayl\u0131 Beli Ba\u011fc\u0131kl\u0131 \u015eardonlu Jogger E\u015fofman Alt\u0131"},"content":{"rendered":"<p>Pocket detailed drawstring soft interior jogger sweatpants. D\u0131\u015f : %63 PAMUK, %37 POL\u0130ESTER<\/p>\n<p>\u2014 Technical Details \u2014<br \/>\nKuma\u015f: %63 PAMUK, %37 POL\u0130ESTER<br \/>\nBel Y\u00fcksekli\u011fi: Standart Bel<br \/>\n\u00dcr\u00fcn\u00fcn Alt Markas\u0131: Kidswear<br \/>\nSat\u0131c\u0131\/\u0130malat\u00e7\u0131\/\u0130thalat\u00e7\u0131 \u0130smi: Koton Ma\u011fazac\u0131l\u0131k Tekstil Sanayi ve Ticaret A.\u015e.<br \/>\nPosta Adresi: Ayaza\u011fa Mah. Maslak Ayaza\u011fa Cad. No:3 \u0130\u00e7 Kap\u0131 No:5 Sar\u0131yer\/\u0130stanbul<br \/>\nE-Posta Adresi: mim@koton.com<\/p>\n","protected":false},"excerpt":{"rendered":"<p>Pocket detailed drawstring soft interior jogger sweatpants. D\u0131\u015f : %63 PAMUK, %37 POL\u0130ESTER \u2014 Technical Details \u2014 Kuma\u015f: %63 PAMUK, %37 POL\u0130ESTER Bel Y\u00fcksekli\u011fi: Standart Bel \u00dcr\u00fcn\u00fcn Alt Markas\u0131: Kidswear Sat\u0131c\u0131\/\u0130malat\u00e7\u0131\/\u0130thalat\u00e7\u0131 \u0130smi: Koton Ma\u011fazac\u0131l\u0131k Tekstil Sanayi ve Ticaret A.\u015e. Posta Adresi: Ayaza\u011fa Mah. Maslak Ayaza\u011fa Cad. No:3 \u0130\u00e7 Kap\u0131 No:5 Sar\u0131yer\/\u0130stanbul E-Posta Adresi: mim@koton.com<\/p>\n","protected":false},"featured_media":149993,"comment_status":"open","ping_status":"closed","template":"","meta":[],"product_brand":[],"product_cat":[8739,8694,8748],"product_tag":[10937,10939,8503,10938,9267],"class_list":{"0":"post-149997","1":"product","2":"type-product","3":"status-publish","4":"has-post-thumbnail","6":"product_cat-erkek-cocuklar-2-14-yas","7":"product_cat-cocuklar","8":"product_cat-pantolonlar-sortlar","9":"product_tag-baby-joggers","10":"product_tag-cotton-polyester-blend-2","11":"product_tag-drawstring-pants","12":"product_tag-fleece-lined-sweatpants","13":"product_tag-kids-activewear","14":"pa_brand-koton","15":"pa_color-kahverengi","16":"pa_size-12-18-ay-2","17":"pa_size-18-24-ay-2","18":"pa_size-24-36-ay-2","19":"pa_size-3-4-yas-2","20":"pa_size-4-5-yas-2","22":"first","23":"instock","24":"sale","25":"shipping-taxable","26":"purchasable","27":"product-type-variable"},"_links":{"self":[{"href":"https:\/\/mod.wisdar.net\/tr\/wp-json\/wp\/v2\/product\/149997","targetHints":{"allow":["GET"]}}],"collection":[{"href":"https:\/\/mod.wisdar.net\/tr\/wp-json\/wp\/v2\/product"}],"about":[{"href":"https:\/\/mod.wisdar.net\/tr\/wp-json\/wp\/v2\/types\/product"}],"replies":[{"embeddable":true,"href":"https:\/\/mod.wisdar.net\/tr\/wp-json\/wp\/v2\/comments?post=149997"}],"wp:featuredmedia":[{"embeddable":true,"href":"https:\/\/mod.wisdar.net\/tr\/wp-json\/wp\/v2\/media\/149993"}],"wp:attachment":[{"href":"https:\/\/mod.wisdar.net\/tr\/wp-json\/wp\/v2\/media?parent=149997"}],"wp:term":[{"taxonomy":"product_brand","embeddable":true,"href":"https:\/\/mod.wisdar.net\/tr\/wp-json\/wp\/v2\/product_brand?post=149997"},{"taxonomy":"product_cat","embeddable":true,"href":"https:\/\/mod.wisdar.net\/tr\/wp-json\/wp\/v2\/product_cat?post=149997"},{"taxonomy":"product_tag","embeddable":true,"href":"https:\/\/mod.wisdar.net\/tr\/wp-json\/wp\/v2\/product_tag?post=149997"}],"curies":[{"name":"wp","href":"https:\/\/api.w.org\/{rel}","templated":true}]}}