{"id":150054,"date":"2026-02-22T20:31:02","date_gmt":"2026-02-22T20:31:02","guid":{"rendered":"https:\/\/modesthanim.com\/product\/erkek-bebek-ribanali-beli-lastikli-basic-jogger-esofman-alti\/"},"modified":"2026-04-14T00:50:49","modified_gmt":"2026-04-14T00:50:49","slug":"erkek-bebek-ribanali-beli-lastikli-basic-jogger-esofman-alti","status":"publish","type":"product","link":"https:\/\/mod.wisdar.net\/tr\/urun\/erkek-bebek-ribanali-beli-lastikli-basic-jogger-esofman-alti\/","title":{"rendered":"Erkek Bebek Ribanal\u0131 Beli Lastikli Basic Jogger E\u015fofman Alt\u0131"},"content":{"rendered":"<p>Basic jogger \u015fofman alt\u0131, ribanal\u0131 yap\u0131s\u0131yla rahatl\u0131\u011f\u0131 ve \u015f\u0131kl\u0131\u011f\u0131 bir arada sunuyor. Esnek kuma\u015f\u0131 sayesinde bebe\u011finizin hareket \u00f6zg\u00fcrl\u00fc\u011f\u00fcn\u00fc sa\u011flarken, bel k\u0131sm\u0131ndaki elastik yap\u0131 ile miniklerin kolayca giyip \u00e7\u0131karmas\u0131na yard\u0131mc\u0131 oluyor.<\/p>\n<p>\u00dcr\u00fcn \u00d6zellikleri<br \/>\nBel Tipi: Normal Bel<br \/>\nPa\u00e7a Tipi: Normal Pa\u00e7a<br \/>\nKullan\u0131m Alan\u0131: G\u00fcnl\u00fck Giyim, Spor Giyim<\/p>\n<p>Koton erkek bebek koleksiyonu ile miniklerin konforunu art\u0131r\u0131n! Her mevsim Koton&#8217;un kaliteli ve rahat tasar\u0131mlar\u0131n\u0131 ke\u015ffedin!<\/p>\n<p>\u00dcr\u00fcnlerimiz kimyasallara kar\u015f\u0131 test edilerek, t\u00fcm g\u00fcvenlik kurallar\u0131na uygun olarak \u00fcretilir. \u00dcr\u00fcnlerimizde sa\u011fl\u0131\u011fa zararl\u0131 boyalar ve a\u011f\u0131r metaller, tehlikeli yutulabilecek k\u00fc\u00e7\u00fck ve keskin par\u00e7alar, kordon ve ba\u011fc\u0131klar bulunmamaktad\u0131r.<\/p>\n","protected":false},"excerpt":{"rendered":"<p>Basic jogger \u015fofman alt\u0131, ribanal\u0131 yap\u0131s\u0131yla rahatl\u0131\u011f\u0131 ve \u015f\u0131kl\u0131\u011f\u0131 bir arada sunuyor. Esnek kuma\u015f\u0131 sayesinde bebe\u011finizin hareket \u00f6zg\u00fcrl\u00fc\u011f\u00fcn\u00fc sa\u011flarken, bel k\u0131sm\u0131ndaki elastik yap\u0131 ile miniklerin kolayca giyip \u00e7\u0131karmas\u0131na yard\u0131mc\u0131 oluyor. \u00dcr\u00fcn \u00d6zellikleri Bel Tipi: Normal Bel Pa\u00e7a Tipi: Normal Pa\u00e7a Kullan\u0131m Alan\u0131: G\u00fcnl\u00fck Giyim, Spor Giyim Koton erkek bebek koleksiyonu ile miniklerin konforunu art\u0131r\u0131n! Her [&hellip;]<\/p>\n","protected":false},"featured_media":150050,"comment_status":"open","ping_status":"closed","template":"","meta":[],"product_brand":[],"product_cat":[8739,8694,8748],"product_tag":[7651,7643,7354,6765,6751,7424],"class_list":{"0":"post-150054","1":"product","2":"type-product","3":"status-publish","4":"has-post-thumbnail","6":"product_cat-erkek-cocuklar-2-14-yas","7":"product_cat-cocuklar","8":"product_cat-pantolonlar-sortlar","9":"product_tag-esofman-alti","10":"product_tag-fitilli","11":"product_tag-gunluk-giyim-2","12":"product_tag-lastikli-bel","13":"product_tag-rahat","14":"product_tag-spor-giyim","15":"pa_brand-koton","16":"pa_color-haki","17":"pa_size-12-18-ay-2","18":"pa_size-18-24-ay-2","19":"pa_size-24-36-ay-2","20":"pa_size-3-4-yas-2","21":"pa_size-4-5-yas-2","23":"first","24":"instock","25":"sale","26":"shipping-taxable","27":"purchasable","28":"product-type-variable"},"_links":{"self":[{"href":"https:\/\/mod.wisdar.net\/tr\/wp-json\/wp\/v2\/product\/150054","targetHints":{"allow":["GET"]}}],"collection":[{"href":"https:\/\/mod.wisdar.net\/tr\/wp-json\/wp\/v2\/product"}],"about":[{"href":"https:\/\/mod.wisdar.net\/tr\/wp-json\/wp\/v2\/types\/product"}],"replies":[{"embeddable":true,"href":"https:\/\/mod.wisdar.net\/tr\/wp-json\/wp\/v2\/comments?post=150054"}],"wp:featuredmedia":[{"embeddable":true,"href":"https:\/\/mod.wisdar.net\/tr\/wp-json\/wp\/v2\/media\/150050"}],"wp:attachment":[{"href":"https:\/\/mod.wisdar.net\/tr\/wp-json\/wp\/v2\/media?parent=150054"}],"wp:term":[{"taxonomy":"product_brand","embeddable":true,"href":"https:\/\/mod.wisdar.net\/tr\/wp-json\/wp\/v2\/product_brand?post=150054"},{"taxonomy":"product_cat","embeddable":true,"href":"https:\/\/mod.wisdar.net\/tr\/wp-json\/wp\/v2\/product_cat?post=150054"},{"taxonomy":"product_tag","embeddable":true,"href":"https:\/\/mod.wisdar.net\/tr\/wp-json\/wp\/v2\/product_tag?post=150054"}],"curies":[{"name":"wp","href":"https:\/\/api.w.org\/{rel}","templated":true}]}}