{"id":150097,"date":"2026-02-22T20:32:45","date_gmt":"2026-02-22T20:32:45","guid":{"rendered":"https:\/\/modesthanim.com\/product\/erkek-bebek-beli-baglamali-cep-detayli-pamuklu-jogger-esofman-alti\/"},"modified":"2026-04-07T00:31:20","modified_gmt":"2026-04-07T00:31:20","slug":"erkek-bebek-beli-baglamali-cep-detayli-pamuklu-jogger-esofman-alti","status":"publish","type":"product","link":"https:\/\/mod.wisdar.net\/tr\/urun\/erkek-bebek-beli-baglamali-cep-detayli-pamuklu-jogger-esofman-alti\/","title":{"rendered":"Erkek Bebek Beli Ba\u011flamal\u0131 Cep Detayl\u0131 Pamuklu Jogger E\u015fofman Alt\u0131"},"content":{"rendered":"<p>Jogger e\u015fofman alt\u0131 miniklere hareket \u00f6zg\u00fcrl\u00fc\u011f\u00fc sa\u011fl\u0131yor. Beli ba\u011fc\u0131kl\u0131 ve esnek yap\u0131s\u0131 ile kullan\u0131m\u0131 kolayla\u015ft\u0131r\u0131yor. Yumu\u015fak kuma\u015f\u0131ile ebeveynlerin de favorileri aras\u0131nda yer al\u0131yor.<\/p>\n<p>\u00dcr\u00fcn \u00d6zellikleri<br \/>\nBel Tipi: Normal Bel<br \/>\nCep Tipi: Cep Detayl\u0131<br \/>\nKullan\u0131m Alan\u0131: G\u00fcnl\u00fck Giyim, Spor Giyim<\/p>\n<p>Koton erkek bebek koleksiyonu, miniklerin enerjisini yans\u0131t\u0131yor! Rahat ve kullan\u0131\u015fl\u0131 tasar\u0131mlarla bebeklerin dolab\u0131n\u0131 zenginle\u015ftirin.<\/p>\n<p>\u00dcr\u00fcnlerimiz kimyasallara kar\u015f\u0131 test edilerek, t\u00fcm g\u00fcvenlik kurallar\u0131na uygun olarak \u00fcretilir. \u00dcr\u00fcnlerimizde sa\u011fl\u0131\u011fa zararl\u0131 boyalar ve a\u011f\u0131r metaller, tehlikeli yutulabilecek k\u00fc\u00e7\u00fck ve keskin par\u00e7alar, kordon ve ba\u011fc\u0131klar bulunmamaktad\u0131r.<\/p>\n<p>\u2014 Technical Details \u2014<br \/>\nKuma\u015f: %55 PAMUK, %45 POL\u0130ESTER<br \/>\nBel Y\u00fcksekli\u011fi: Standart Bel<br \/>\n\u00dcr\u00fcn\u00fcn Alt Markas\u0131: Kidswear<br \/>\nSat\u0131c\u0131\/\u0130malat\u00e7\u0131\/\u0130thalat\u00e7\u0131 \u0130smi: Koton Ma\u011fazac\u0131l\u0131k Tekstil Sanayi ve Ticaret A.\u015e.<br \/>\nPosta Adresi: Ayaza\u011fa Mah. Maslak Ayaza\u011fa Cad. No:3 \u0130\u00e7 Kap\u0131 No:5 Sar\u0131yer\/\u0130stanbul<br \/>\nE-Posta Adresi: mim@koton.com<\/p>\n","protected":false},"excerpt":{"rendered":"<p>Jogger e\u015fofman alt\u0131 miniklere hareket \u00f6zg\u00fcrl\u00fc\u011f\u00fc sa\u011fl\u0131yor. Beli ba\u011fc\u0131kl\u0131 ve esnek yap\u0131s\u0131 ile kullan\u0131m\u0131 kolayla\u015ft\u0131r\u0131yor. Yumu\u015fak kuma\u015f\u0131ile ebeveynlerin de favorileri aras\u0131nda yer al\u0131yor. \u00dcr\u00fcn \u00d6zellikleri Bel Tipi: Normal Bel Cep Tipi: Cep Detayl\u0131 Kullan\u0131m Alan\u0131: G\u00fcnl\u00fck Giyim, Spor Giyim Koton erkek bebek koleksiyonu, miniklerin enerjisini yans\u0131t\u0131yor! Rahat ve kullan\u0131\u015fl\u0131 tasar\u0131mlarla bebeklerin dolab\u0131n\u0131 zenginle\u015ftirin. \u00dcr\u00fcnlerimiz kimyasallara [&hellip;]<\/p>\n","protected":false},"featured_media":150093,"comment_status":"open","ping_status":"closed","template":"","meta":[],"product_brand":[],"product_cat":[8739,8694,8748,8697,8700],"product_tag":[],"class_list":{"0":"post-150097","1":"product","2":"type-product","3":"status-publish","4":"has-post-thumbnail","6":"product_cat-erkek-cocuklar-2-14-yas","7":"product_cat-cocuklar","8":"product_cat-pantolonlar-sortlar","9":"product_cat-yenidogan-0-12-ay","10":"product_cat-yenidogan-giyim","11":"pa_brand-koton","12":"pa_color-lacivert","13":"pa_size-12-18-ay-2","14":"pa_size-18-24-ay-2","15":"pa_size-24-36-ay-2","16":"pa_size-3-4-yas-2","17":"pa_size-4-5-yas-2","18":"pa_size-9-12-ay-3","20":"first","21":"outofstock","22":"shipping-taxable","23":"product-type-variable"},"_links":{"self":[{"href":"https:\/\/mod.wisdar.net\/tr\/wp-json\/wp\/v2\/product\/150097","targetHints":{"allow":["GET"]}}],"collection":[{"href":"https:\/\/mod.wisdar.net\/tr\/wp-json\/wp\/v2\/product"}],"about":[{"href":"https:\/\/mod.wisdar.net\/tr\/wp-json\/wp\/v2\/types\/product"}],"replies":[{"embeddable":true,"href":"https:\/\/mod.wisdar.net\/tr\/wp-json\/wp\/v2\/comments?post=150097"}],"wp:featuredmedia":[{"embeddable":true,"href":"https:\/\/mod.wisdar.net\/tr\/wp-json\/wp\/v2\/media\/150093"}],"wp:attachment":[{"href":"https:\/\/mod.wisdar.net\/tr\/wp-json\/wp\/v2\/media?parent=150097"}],"wp:term":[{"taxonomy":"product_brand","embeddable":true,"href":"https:\/\/mod.wisdar.net\/tr\/wp-json\/wp\/v2\/product_brand?post=150097"},{"taxonomy":"product_cat","embeddable":true,"href":"https:\/\/mod.wisdar.net\/tr\/wp-json\/wp\/v2\/product_cat?post=150097"},{"taxonomy":"product_tag","embeddable":true,"href":"https:\/\/mod.wisdar.net\/tr\/wp-json\/wp\/v2\/product_tag?post=150097"}],"curies":[{"name":"wp","href":"https:\/\/api.w.org\/{rel}","templated":true}]}}