{"id":150172,"date":"2026-02-22T20:35:49","date_gmt":"2026-02-22T20:35:49","guid":{"rendered":"https:\/\/modesthanim.com\/product\/erkek-bebek-beli-bagcikli-cepli-basic-jogger-pantolon\/"},"modified":"2026-04-14T00:31:26","modified_gmt":"2026-04-14T00:31:26","slug":"erkek-bebek-beli-bagcikli-cepli-basic-jogger-pantolon","status":"publish","type":"product","link":"https:\/\/mod.wisdar.net\/tr\/urun\/erkek-bebek-beli-bagcikli-cepli-basic-jogger-pantolon\/","title":{"rendered":"Erkek Bebek Beli Ba\u011fc\u0131kl\u0131 Cepli Basic Jogger Pantolon"},"content":{"rendered":"<p>Beli ba\u011fc\u0131kl\u0131 basic jogger pantolon, cepleri ile hem dayan\u0131kl\u0131 hem de kullan\u0131\u015fl\u0131 bir par\u00e7a sunuyor. Lastikli pa\u00e7a detay\u0131yla g\u00fcn boyu hareketli oyunlara uyum sa\u011fl\u0131yor. \u00c7ocuklar\u0131n favori pantolonlar\u0131 aras\u0131nda yerini alacak bu model, miniklere konforlu bir giyim deneyimi vaadediyor.<\/p>\n<p>\u00dcr\u00fcn \u00d6zellikleri<\/p>\n<p>Bel Tipi: Normal Bel<br \/>\nCep: Yan Cepli<br \/>\nPa\u00e7a Tipi: Lastikli Pa\u00e7a<br \/>\nEkstra Detay: Beli Ba\u011fc\u0131kl\u0131<br \/>\nKullan\u0131m Alan\u0131: G\u00fcnl\u00fck Giyim, Spor Giyim<\/p>\n<p>Koton erkek bebek giyim koleksiyonu, konforlu ve e\u011flenceli tasar\u0131mlarla miniklerin kalbini kazan\u0131yor! Koton bebek giyim modelleriyle miniklerin enerjisine her an e\u015flik edin!<\/p>\n<p>Bebe\u011finiz bu k\u0131yafet ile g\u00fcvende! \u00dcr\u00fcnlerimiz kimyasallara kar\u015f\u0131 test edilerek, t\u00fcm g\u00fcvenlik kurallar\u0131na uygun olarak \u00fcretilir. \u00dcr\u00fcnlerimizde sa\u011fl\u0131\u011fa zararl\u0131 boyalar ve a\u011f\u0131r metaller, tehlikeli yutulabilecek k\u00fc\u00e7\u00fck ve keskin par\u00e7alar, kordon ve ba\u011fc\u0131klar bulunmamaktad\u0131r.<\/p>\n<p>\u2014 Technical Details \u2014<br \/>\nKuma\u015f: %1 ELASTAN, %67 POL\u0130ESTER, %32 V\u0130SKOZ<br \/>\nSil\u00fcet: Jogger<br \/>\nBel Y\u00fcksekli\u011fi: Standart Bel<br \/>\n\u00dcr\u00fcn Tipi \/ Stil: Jogger<br \/>\n\u00dcr\u00fcn\u00fcn Alt Markas\u0131: Kidswear<\/p>\n","protected":false},"excerpt":{"rendered":"<p>Beli ba\u011fc\u0131kl\u0131 basic jogger pantolon, cepleri ile hem dayan\u0131kl\u0131 hem de kullan\u0131\u015fl\u0131 bir par\u00e7a sunuyor. Lastikli pa\u00e7a detay\u0131yla g\u00fcn boyu hareketli oyunlara uyum sa\u011fl\u0131yor. \u00c7ocuklar\u0131n favori pantolonlar\u0131 aras\u0131nda yerini alacak bu model, miniklere konforlu bir giyim deneyimi vaadediyor. \u00dcr\u00fcn \u00d6zellikleri Bel Tipi: Normal Bel Cep: Yan Cepli Pa\u00e7a Tipi: Lastikli Pa\u00e7a Ekstra Detay: Beli Ba\u011fc\u0131kl\u0131 [&hellip;]<\/p>\n","protected":false},"featured_media":150168,"comment_status":"open","ping_status":"closed","template":"","meta":[],"product_brand":[],"product_cat":[8739,8694,8748],"product_tag":[8281,7354,7424,8102],"class_list":{"0":"post-150172","1":"product","2":"type-product","3":"status-publish","4":"has-post-thumbnail","6":"product_cat-erkek-cocuklar-2-14-yas","7":"product_cat-cocuklar","8":"product_cat-pantolonlar-sortlar","9":"product_tag-bagcikli-bel","10":"product_tag-gunluk-giyim-2","11":"product_tag-spor-giyim","12":"product_tag-yan-cepler","13":"pa_brand-koton","14":"pa_color-lacivert","15":"pa_size-12-18-ay-2","16":"pa_size-18-24-ay-2","17":"pa_size-24-36-ay-2","18":"pa_size-3-4-yas-2","19":"pa_size-4-5-yas-2","20":"pa_size-9-12-ay-3","22":"first","23":"instock","24":"sale","25":"shipping-taxable","26":"purchasable","27":"product-type-variable"},"_links":{"self":[{"href":"https:\/\/mod.wisdar.net\/tr\/wp-json\/wp\/v2\/product\/150172","targetHints":{"allow":["GET"]}}],"collection":[{"href":"https:\/\/mod.wisdar.net\/tr\/wp-json\/wp\/v2\/product"}],"about":[{"href":"https:\/\/mod.wisdar.net\/tr\/wp-json\/wp\/v2\/types\/product"}],"replies":[{"embeddable":true,"href":"https:\/\/mod.wisdar.net\/tr\/wp-json\/wp\/v2\/comments?post=150172"}],"wp:featuredmedia":[{"embeddable":true,"href":"https:\/\/mod.wisdar.net\/tr\/wp-json\/wp\/v2\/media\/150168"}],"wp:attachment":[{"href":"https:\/\/mod.wisdar.net\/tr\/wp-json\/wp\/v2\/media?parent=150172"}],"wp:term":[{"taxonomy":"product_brand","embeddable":true,"href":"https:\/\/mod.wisdar.net\/tr\/wp-json\/wp\/v2\/product_brand?post=150172"},{"taxonomy":"product_cat","embeddable":true,"href":"https:\/\/mod.wisdar.net\/tr\/wp-json\/wp\/v2\/product_cat?post=150172"},{"taxonomy":"product_tag","embeddable":true,"href":"https:\/\/mod.wisdar.net\/tr\/wp-json\/wp\/v2\/product_tag?post=150172"}],"curies":[{"name":"wp","href":"https:\/\/api.w.org\/{rel}","templated":true}]}}