{"id":150211,"date":"2026-02-22T20:36:58","date_gmt":"2026-02-22T20:36:58","guid":{"rendered":"https:\/\/modesthanim.com\/product\/erkek-bebek-dugmeli-uzun-kollu-bisiklet-yaka-2li-basic-tisort-seti\/"},"modified":"2026-03-27T08:33:00","modified_gmt":"2026-03-27T08:33:00","slug":"erkek-bebek-dugmeli-uzun-kollu-bisiklet-yaka-2li-basic-tisort-seti","status":"publish","type":"product","link":"https:\/\/mod.wisdar.net\/tr\/urun\/erkek-bebek-dugmeli-uzun-kollu-bisiklet-yaka-2li-basic-tisort-seti\/","title":{"rendered":"Erkek Bebek D\u00fc\u011fmeli Uzun Kollu Bisiklet Yaka 2&#8217;li Basic Ti\u015f\u00f6rt Seti"},"content":{"rendered":"<p>Bisiklet yaka ti\u015f\u00f6rt seti, miniklerin g\u00fcnl\u00fck giyimine konfor kat\u0131yor. Uzun kollu tasar\u0131mlar\u0131 ve d\u00fc\u011fme detaylar\u0131 ile hem pratik hem de \u015f\u0131k bir g\u00f6r\u00fcn\u00fcm sunuyor. Yumu\u015fak kuma\u015f\u0131 ile ideal olan set, favori par\u00e7alar\u0131n\u0131zdan olacak.<\/p>\n<p>\u00dcr\u00fcn \u00d6zellikleri<br \/>\nKol Tipi: Uzun Kol<br \/>\nYaka Tipi: Bisiklet Yaka<br \/>\nDetay: D\u00fc\u011fmeli<br \/>\nKullan\u0131m Alan\u0131: G\u00fcnl\u00fck Giyim<\/p>\n<p>Koton erkek bebek giyim koleksiyonundaki konforlu ve sevimli par\u00e7alarla miniklerin gard\u0131robunu renklendirin!<\/p>\n<p>\u00c7oklu paketlerimizde, \u00fcr\u00fcnlerin kuma\u015f bilgileri farkl\u0131l\u0131k g\u00f6sterebilir.<\/p>\n<p>\u00dcr\u00fcnlerimiz kimyasallara kar\u015f\u0131 test edilerek, t\u00fcm g\u00fcvenlik kurallar\u0131na uygun olarak \u00fcretilir. \u00dcr\u00fcnlerimizde sa\u011fl\u0131\u011fa zararl\u0131 boyalar ve a\u011f\u0131r metaller, tehlikeli yutulabilecek k\u00fc\u00e7\u00fck ve keskin par\u00e7alar, kordon ve ba\u011fc\u0131klar bulunmamaktad\u0131r.<\/p>\n","protected":false},"excerpt":{"rendered":"<p>Bisiklet yaka ti\u015f\u00f6rt seti, miniklerin g\u00fcnl\u00fck giyimine konfor kat\u0131yor. Uzun kollu tasar\u0131mlar\u0131 ve d\u00fc\u011fme detaylar\u0131 ile hem pratik hem de \u015f\u0131k bir g\u00f6r\u00fcn\u00fcm sunuyor. Yumu\u015fak kuma\u015f\u0131 ile ideal olan set, favori par\u00e7alar\u0131n\u0131zdan olacak. \u00dcr\u00fcn \u00d6zellikleri Kol Tipi: Uzun Kol Yaka Tipi: Bisiklet Yaka Detay: D\u00fc\u011fmeli Kullan\u0131m Alan\u0131: G\u00fcnl\u00fck Giyim Koton erkek bebek giyim koleksiyonundaki konforlu [&hellip;]<\/p>\n","protected":false},"featured_media":150206,"comment_status":"open","ping_status":"closed","template":"","meta":[],"product_brand":[],"product_cat":[8739,8694,8742,8697,8700],"product_tag":[8110,7801,7354,7488,6768],"class_list":{"0":"post-150211","1":"product","2":"type-product","3":"status-publish","4":"has-post-thumbnail","6":"product_cat-erkek-cocuklar-2-14-yas","7":"product_cat-cocuklar","8":"product_cat-tisortler-gomlekler","9":"product_cat-yenidogan-0-12-ay","10":"product_cat-yenidogan-giyim","11":"product_tag-bisiklet-yaka-2","12":"product_tag-dugmeli","13":"product_tag-gunluk-giyim-2","14":"product_tag-pamuk","15":"product_tag-uzun-kol","16":"pa_brand-koton","17":"pa_color-yesil","18":"pa_size-12-18-ay-2","19":"pa_size-18-24-ay-2","20":"pa_size-24-36-ay-2","21":"pa_size-3-4-yas-2","22":"pa_size-4-5-yas-2","23":"pa_size-9-12-ay-3","25":"first","26":"instock","27":"sale","28":"shipping-taxable","29":"purchasable","30":"product-type-variable"},"_links":{"self":[{"href":"https:\/\/mod.wisdar.net\/tr\/wp-json\/wp\/v2\/product\/150211","targetHints":{"allow":["GET"]}}],"collection":[{"href":"https:\/\/mod.wisdar.net\/tr\/wp-json\/wp\/v2\/product"}],"about":[{"href":"https:\/\/mod.wisdar.net\/tr\/wp-json\/wp\/v2\/types\/product"}],"replies":[{"embeddable":true,"href":"https:\/\/mod.wisdar.net\/tr\/wp-json\/wp\/v2\/comments?post=150211"}],"wp:featuredmedia":[{"embeddable":true,"href":"https:\/\/mod.wisdar.net\/tr\/wp-json\/wp\/v2\/media\/150206"}],"wp:attachment":[{"href":"https:\/\/mod.wisdar.net\/tr\/wp-json\/wp\/v2\/media?parent=150211"}],"wp:term":[{"taxonomy":"product_brand","embeddable":true,"href":"https:\/\/mod.wisdar.net\/tr\/wp-json\/wp\/v2\/product_brand?post=150211"},{"taxonomy":"product_cat","embeddable":true,"href":"https:\/\/mod.wisdar.net\/tr\/wp-json\/wp\/v2\/product_cat?post=150211"},{"taxonomy":"product_tag","embeddable":true,"href":"https:\/\/mod.wisdar.net\/tr\/wp-json\/wp\/v2\/product_tag?post=150211"}],"curies":[{"name":"wp","href":"https:\/\/api.w.org\/{rel}","templated":true}]}}