{"id":150393,"date":"2026-02-22T22:27:59","date_gmt":"2026-02-22T22:27:59","guid":{"rendered":"https:\/\/modesthanim.com\/product\/kiz-bebek-uzun-kollu-tisort-detayli-bisiklet-yaka-triko-kazak\/"},"modified":"2026-04-02T21:53:50","modified_gmt":"2026-04-02T21:53:50","slug":"kiz-bebek-uzun-kollu-tisort-detayli-bisiklet-yaka-triko-kazak","status":"publish","type":"product","link":"https:\/\/mod.wisdar.net\/tr\/urun\/kiz-bebek-uzun-kollu-tisort-detayli-bisiklet-yaka-triko-kazak\/","title":{"rendered":"K\u0131z Bebek Uzun Kollu Ti\u015f\u00f6rt Detayl\u0131 Bisiklet Yaka Triko Kazak"},"content":{"rendered":"<p>Triko kazak, etek ve kol k\u0131s\u0131mlar\u0131ndaki ti\u015f\u00f6rt detayl\u0131 tasar\u0131m\u0131 ile \u015f\u0131kl\u0131\u011f\u0131 ve konforu bir araya getiriyor. Uzun kollu formu, so\u011fuk havalarda ekstra koruma sa\u011flarken, ince yap\u0131s\u0131yla hafif bir kullan\u0131m sunuyor. \u0130ki farkl\u0131 kuma\u015f\u0131n uyumuyla tasarlanan kazak, g\u00fcnl\u00fck giyimin vazge\u00e7ilmezleri aras\u0131nda yer al\u0131yor. \u00dcr\u00fcn \u00d6zellikleri Kol Tipi: Uzun Kol Yaka Tipi: Bisiklet Yaka Kullan\u0131m Alan\u0131: G\u00fcnl\u00fck Giyim, Spor Giyim Koton k\u0131z bebek koleksiyonu, konforlu ve \u015firin tasar\u0131mlar\u0131yla bebeklerin d\u00fcnyas\u0131n\u0131 renklendiriyor! Triko kazak, gard\u0131roplar\u0131n en sevilen par\u00e7as\u0131 olacak! Bebe\u011finiz bu k\u0131yafet ile g\u00fcvende! \u00dcr\u00fcnlerimiz kimyasallara kar\u015f\u0131 test edilerek, t\u00fcm g\u00fcvenlik kurallar\u0131na uygun olarak \u00fcretilir. \u00dcr\u00fcnlerimizde sa\u011fl\u0131\u011fa zararl\u0131 boyalar ve a\u011f\u0131r metaller, tehlikeli yutulabilecek k\u00fc\u00e7\u00fck ve keskin par\u00e7alar, kordon ve ba\u011fc\u0131klar bulunmamaktad\u0131r.<\/p>\n","protected":false},"excerpt":{"rendered":"<p>Triko kazak, etek ve kol k\u0131s\u0131mlar\u0131ndaki ti\u015f\u00f6rt detayl\u0131 tasar\u0131m\u0131 ile \u015f\u0131kl\u0131\u011f\u0131 ve konforu bir araya getiriyor. Uzun kollu formu, so\u011fuk havalarda ekstra koruma sa\u011flarken, ince yap\u0131s\u0131yla hafif bir kullan\u0131m sunuyor. \u0130ki farkl\u0131 kuma\u015f\u0131n uyumuyla tasarlanan kazak, g\u00fcnl\u00fck giyimin vazge\u00e7ilmezleri aras\u0131nda yer al\u0131yor. \u00dcr\u00fcn \u00d6zellikleri Kol Tipi: Uzun Kol Yaka Tipi: Bisiklet Yaka Kullan\u0131m Alan\u0131: G\u00fcnl\u00fck [&hellip;]<\/p>\n","protected":false},"featured_media":150388,"comment_status":"open","ping_status":"closed","template":"","meta":[],"product_brand":[],"product_cat":[8715,8694,8724,8697,8700],"product_tag":[7354,6751,6768],"class_list":{"0":"post-150393","1":"product","2":"type-product","3":"status-publish","4":"has-post-thumbnail","6":"product_cat-kiz-cocuklari-2-14-yas","7":"product_cat-cocuklar","8":"product_cat-tisortler-bluzlar","9":"product_cat-yenidogan-0-12-ay","10":"product_cat-yenidogan-giyim","11":"product_tag-gunluk-giyim-2","12":"product_tag-rahat","13":"product_tag-uzun-kol","14":"pa_brand-koton","15":"pa_color-gri-cizgili","16":"pa_size-12-18-ay-2","17":"pa_size-18-24-ay-2","18":"pa_size-24-36-ay-2","19":"pa_size-3-4-yas-2","20":"pa_size-4-5-yas-2","21":"pa_size-9-12-ay-3","23":"first","24":"outofstock","25":"shipping-taxable","26":"product-type-variable"},"_links":{"self":[{"href":"https:\/\/mod.wisdar.net\/tr\/wp-json\/wp\/v2\/product\/150393","targetHints":{"allow":["GET"]}}],"collection":[{"href":"https:\/\/mod.wisdar.net\/tr\/wp-json\/wp\/v2\/product"}],"about":[{"href":"https:\/\/mod.wisdar.net\/tr\/wp-json\/wp\/v2\/types\/product"}],"replies":[{"embeddable":true,"href":"https:\/\/mod.wisdar.net\/tr\/wp-json\/wp\/v2\/comments?post=150393"}],"wp:featuredmedia":[{"embeddable":true,"href":"https:\/\/mod.wisdar.net\/tr\/wp-json\/wp\/v2\/media\/150388"}],"wp:attachment":[{"href":"https:\/\/mod.wisdar.net\/tr\/wp-json\/wp\/v2\/media?parent=150393"}],"wp:term":[{"taxonomy":"product_brand","embeddable":true,"href":"https:\/\/mod.wisdar.net\/tr\/wp-json\/wp\/v2\/product_brand?post=150393"},{"taxonomy":"product_cat","embeddable":true,"href":"https:\/\/mod.wisdar.net\/tr\/wp-json\/wp\/v2\/product_cat?post=150393"},{"taxonomy":"product_tag","embeddable":true,"href":"https:\/\/mod.wisdar.net\/tr\/wp-json\/wp\/v2\/product_tag?post=150393"}],"curies":[{"name":"wp","href":"https:\/\/api.w.org\/{rel}","templated":true}]}}