{"id":150403,"date":"2026-02-22T22:28:07","date_gmt":"2026-02-22T22:28:07","guid":{"rendered":"https:\/\/modesthanim.com\/product\/kiz-bebek-pamuklu-cep-detayli-fiyonklu-genis-paca-denim-pantolon-wide-leg-jeans\/"},"modified":"2026-04-11T01:43:07","modified_gmt":"2026-04-11T01:43:07","slug":"kiz-bebek-pamuklu-cep-detayli-fiyonklu-genis-paca-denim-pantolon-wide-leg-jeans","status":"publish","type":"product","link":"https:\/\/mod.wisdar.net\/tr\/urun\/kiz-bebek-pamuklu-cep-detayli-fiyonklu-genis-paca-denim-pantolon-wide-leg-jeans\/","title":{"rendered":"K\u0131z Bebek Pamuklu Cep Detayl\u0131 Fiyonklu Geni\u015f Pa\u00e7a Denim Pantolon \u2013 Wide Leg Jeans"},"content":{"rendered":"<p>Pamuklu denim pantolon, geni\u015f pa\u00e7a yap\u0131s\u0131 ile miniklerin \u00f6zg\u00fcrce hareket etmesine olanak tan\u0131yor. Pa\u00e7alar\u0131nda bulunan fiyonk detaylar\u0131 ile sevimli ve enerjik bir tarz sunarken, cepli tasar\u0131m\u0131yla da pratik bir kullan\u0131m sa\u011fl\u0131yor.<\/p>\n<p>\u00dcr\u00fcn \u00d6zellikleri<\/p>\n<p>Kuma\u015f: %100 Pamuk<br \/>\nBel Tipi: Normal Bel<br \/>\nStil &amp; Siluet: Wide Leg<br \/>\nEkstra Detay: Fiyonklu<br \/>\nKullan\u0131m Alan\u0131: G\u00fcnl\u00fck Giyim<\/p>\n<p>Koton k\u0131z bebek pantolon modelleri bebeklerin enerjisine her an e\u015flik etmeye haz\u0131r! Sevimli detaylar\u0131 ve rahat kesimiyle Koton Kids koleksiyonu, miniklerin favorisi olacak!<\/p>\n<p>\u00dcr\u00fcnlerimiz kimyasallara kar\u015f\u0131 test edilerek, t\u00fcm g\u00fcvenlik kurallar\u0131na uygun olarak \u00fcretilir. \u00dcr\u00fcnlerimizde sa\u011fl\u0131\u011fa zararl\u0131 boyalar ve a\u011f\u0131r metaller, tehlikeli yutulabilecek k\u00fc\u00e7\u00fck ve keskin par\u00e7alar, kordon ve ba\u011fc\u0131klar bulunmamaktad\u0131r.<\/p>\n","protected":false},"excerpt":{"rendered":"<p>Pamuklu denim pantolon, geni\u015f pa\u00e7a yap\u0131s\u0131 ile miniklerin \u00f6zg\u00fcrce hareket etmesine olanak tan\u0131yor. Pa\u00e7alar\u0131nda bulunan fiyonk detaylar\u0131 ile sevimli ve enerjik bir tarz sunarken, cepli tasar\u0131m\u0131yla da pratik bir kullan\u0131m sa\u011fl\u0131yor. \u00dcr\u00fcn \u00d6zellikleri Kuma\u015f: %100 Pamuk Bel Tipi: Normal Bel Stil &amp; Siluet: Wide Leg Ekstra Detay: Fiyonklu Kullan\u0131m Alan\u0131: G\u00fcnl\u00fck Giyim Koton k\u0131z bebek [&hellip;]<\/p>\n","protected":false},"featured_media":150390,"comment_status":"open","ping_status":"closed","template":"","meta":[],"product_brand":[],"product_cat":[8715,8694,8727,8697,8700],"product_tag":[7426],"class_list":{"0":"post-150403","1":"product","2":"type-product","3":"status-publish","4":"has-post-thumbnail","6":"product_cat-kiz-cocuklari-2-14-yas","7":"product_cat-cocuklar","8":"product_cat-pantolon","9":"product_cat-yenidogan-0-12-ay","10":"product_cat-yenidogan-giyim","11":"product_tag-gunluk-giyim-3","12":"pa_brand-koton","13":"pa_color-koyu-indigo","14":"pa_size-12-18-ay-2","15":"pa_size-18-24-ay-2","16":"pa_size-24-36-ay-2","17":"pa_size-3-4-yas-2","18":"pa_size-4-5-yas-2","20":"first","21":"instock","22":"sale","23":"shipping-taxable","24":"purchasable","25":"product-type-variable"},"_links":{"self":[{"href":"https:\/\/mod.wisdar.net\/tr\/wp-json\/wp\/v2\/product\/150403","targetHints":{"allow":["GET"]}}],"collection":[{"href":"https:\/\/mod.wisdar.net\/tr\/wp-json\/wp\/v2\/product"}],"about":[{"href":"https:\/\/mod.wisdar.net\/tr\/wp-json\/wp\/v2\/types\/product"}],"replies":[{"embeddable":true,"href":"https:\/\/mod.wisdar.net\/tr\/wp-json\/wp\/v2\/comments?post=150403"}],"wp:featuredmedia":[{"embeddable":true,"href":"https:\/\/mod.wisdar.net\/tr\/wp-json\/wp\/v2\/media\/150390"}],"wp:attachment":[{"href":"https:\/\/mod.wisdar.net\/tr\/wp-json\/wp\/v2\/media?parent=150403"}],"wp:term":[{"taxonomy":"product_brand","embeddable":true,"href":"https:\/\/mod.wisdar.net\/tr\/wp-json\/wp\/v2\/product_brand?post=150403"},{"taxonomy":"product_cat","embeddable":true,"href":"https:\/\/mod.wisdar.net\/tr\/wp-json\/wp\/v2\/product_cat?post=150403"},{"taxonomy":"product_tag","embeddable":true,"href":"https:\/\/mod.wisdar.net\/tr\/wp-json\/wp\/v2\/product_tag?post=150403"}],"curies":[{"name":"wp","href":"https:\/\/api.w.org\/{rel}","templated":true}]}}