{"id":150475,"date":"2026-02-22T22:31:38","date_gmt":"2026-02-22T22:31:38","guid":{"rendered":"https:\/\/modesthanim.com\/product\/kiz-bebek-dugmeli-cepli-uzun-kollu-polo-yaka-triko-hirka\/"},"modified":"2026-04-04T01:02:38","modified_gmt":"2026-04-04T01:02:38","slug":"kiz-bebek-dugmeli-cepli-uzun-kollu-polo-yaka-triko-hirka","status":"publish","type":"product","link":"https:\/\/mod.wisdar.net\/tr\/urun\/kiz-bebek-dugmeli-cepli-uzun-kollu-polo-yaka-triko-hirka\/","title":{"rendered":"K\u0131z Bebek D\u00fc\u011fmeli Cepli Uzun Kollu Polo Yaka Triko H\u0131rka"},"content":{"rendered":"<p>Triko h\u0131rka, minikler i\u00e7in rahat ve s\u0131cak bir alternatif sunuyor. Uzun kollu ve d\u00fc\u011fmeli yap\u0131s\u0131yla kolay giyilip \u00e7\u0131kar\u0131labilen polo yaka h\u0131rka, bol kal\u0131b\u0131yla miniklere g\u00fcn boyu s\u0131cakl\u0131k ve konfor vadediyor. \u00dcr\u00fcn \u00d6zellikleri Kol Tipi: Uzun Kol Yaka Tipi: Polo Yaka Detay: D\u00fc\u011fmeli, Cep Detayl\u0131 Kullan\u0131m Alan\u0131: G\u00fcnl\u00fck Giyim Koton k\u0131z bebek giyim koleksiyonu sevimli tasar\u0131mlar\u0131yla miniklerin kalbini \u00e7al\u0131yor! Koton Kids ile renkli ve e\u011flenceli bebek giyim koleksiyonunu ke\u015ffedin! \u00dcr\u00fcnlerimiz kimyasallara kar\u015f\u0131 test edilerek, t\u00fcm g\u00fcvenlik kurallar\u0131na uygun olarak \u00fcretilir. \u00dcr\u00fcnlerimizde sa\u011fl\u0131\u011fa zararl\u0131 boyalar ve a\u011f\u0131r metaller, tehlikeli yutulabilecek k\u00fc\u00e7\u00fck ve keskin par\u00e7alar, kordon ve ba\u011fc\u0131klar bulunmamaktad\u0131r.<\/p>\n","protected":false},"excerpt":{"rendered":"<p>Triko h\u0131rka, minikler i\u00e7in rahat ve s\u0131cak bir alternatif sunuyor. Uzun kollu ve d\u00fc\u011fmeli yap\u0131s\u0131yla kolay giyilip \u00e7\u0131kar\u0131labilen polo yaka h\u0131rka, bol kal\u0131b\u0131yla miniklere g\u00fcn boyu s\u0131cakl\u0131k ve konfor vadediyor. \u00dcr\u00fcn \u00d6zellikleri Kol Tipi: Uzun Kol Yaka Tipi: Polo Yaka Detay: D\u00fc\u011fmeli, Cep Detayl\u0131 Kullan\u0131m Alan\u0131: G\u00fcnl\u00fck Giyim Koton k\u0131z bebek giyim koleksiyonu sevimli tasar\u0131mlar\u0131yla [&hellip;]<\/p>\n","protected":false},"featured_media":150472,"comment_status":"open","ping_status":"closed","template":"","meta":[],"product_brand":[],"product_cat":[10820,8715,8694],"product_tag":[7913,8048,7354,6751,6768],"class_list":{"0":"post-150475","1":"product","2":"type-product","3":"status-publish","4":"has-post-thumbnail","6":"product_cat-kiz-cocuk-ceket-yelek","7":"product_cat-kiz-cocuklari-2-14-yas","8":"product_cat-cocuklar","9":"product_tag-bogazli","10":"product_tag-cep-detayi","11":"product_tag-gunluk-giyim-2","12":"product_tag-rahat","13":"product_tag-uzun-kol","14":"pa_brand-koton","15":"pa_color-yesil","16":"pa_size-12-18-ay-2","17":"pa_size-18-24-ay-2","18":"pa_size-24-36-ay-2","19":"pa_size-3-4-yas-2","20":"pa_size-4-5-yas-2","21":"pa_size-9-12-ay-3","23":"first","24":"outofstock","25":"shipping-taxable","26":"product-type-variable"},"_links":{"self":[{"href":"https:\/\/mod.wisdar.net\/tr\/wp-json\/wp\/v2\/product\/150475","targetHints":{"allow":["GET"]}}],"collection":[{"href":"https:\/\/mod.wisdar.net\/tr\/wp-json\/wp\/v2\/product"}],"about":[{"href":"https:\/\/mod.wisdar.net\/tr\/wp-json\/wp\/v2\/types\/product"}],"replies":[{"embeddable":true,"href":"https:\/\/mod.wisdar.net\/tr\/wp-json\/wp\/v2\/comments?post=150475"}],"wp:featuredmedia":[{"embeddable":true,"href":"https:\/\/mod.wisdar.net\/tr\/wp-json\/wp\/v2\/media\/150472"}],"wp:attachment":[{"href":"https:\/\/mod.wisdar.net\/tr\/wp-json\/wp\/v2\/media?parent=150475"}],"wp:term":[{"taxonomy":"product_brand","embeddable":true,"href":"https:\/\/mod.wisdar.net\/tr\/wp-json\/wp\/v2\/product_brand?post=150475"},{"taxonomy":"product_cat","embeddable":true,"href":"https:\/\/mod.wisdar.net\/tr\/wp-json\/wp\/v2\/product_cat?post=150475"},{"taxonomy":"product_tag","embeddable":true,"href":"https:\/\/mod.wisdar.net\/tr\/wp-json\/wp\/v2\/product_tag?post=150475"}],"curies":[{"name":"wp","href":"https:\/\/api.w.org\/{rel}","templated":true}]}}