{"id":150521,"date":"2026-02-22T22:34:45","date_gmt":"2026-02-22T22:34:45","guid":{"rendered":"https:\/\/modesthanim.com\/product\/kiz-bebek-baglama-detayli-v-yaka-kolsuz-triko-basic-yelek\/"},"modified":"2026-04-11T01:32:57","modified_gmt":"2026-04-11T01:32:57","slug":"kiz-bebek-baglama-detayli-v-yaka-kolsuz-triko-basic-yelek","status":"publish","type":"product","link":"https:\/\/mod.wisdar.net\/tr\/urun\/kiz-bebek-baglama-detayli-v-yaka-kolsuz-triko-basic-yelek\/","title":{"rendered":"K\u0131z Bebek Ba\u011flama Detayl\u0131 V Yaka Kolsuz Triko Basic Yelek"},"content":{"rendered":"<p>Sevimli triko yelek V yaka kesimi sayesinde kolayca giyilip \u00e7\u0131kar\u0131labilirken ba\u011flama detay\u0131 ile sevimli bir g\u00f6r\u00fcn\u00fcm kazan\u0131yor. Miniklerin gard\u0131robuna renk katan triko yelek, bol kal\u0131b\u0131yla konfor sa\u011fl\u0131yor ver her mevsim kullan\u0131labilir bir par\u00e7a olarak ne \u00e7\u0131k\u0131yor.<\/p>\n<p>\u00dcr\u00fcn \u00d6zellikleri<br \/>\nKol Tipi: Kolsuz<br \/>\nYaka Tipi: V Yaka<br \/>\nDetay: Ba\u011fc\u0131kl\u0131<br \/>\nFit: Bol Kal\u0131p<br \/>\nKullan\u0131m Alan\u0131: G\u00fcnl\u00fck Giyim<\/p>\n<p>Koton k\u0131z bebek h\u0131rkalar\u0131, rengarenk ve e\u011flenceli tasar\u0131mlar\u0131yla miniklerin d\u00fcnyas\u0131na enerji kat\u0131yor! Koton Kids koleksiyonu ile bebekler i\u00e7in konforlu ve \u015f\u0131k se\u00e7imler yap\u0131n!<\/p>\n<p>Bebe\u011finiz bu k\u0131yafet ile g\u00fcvende! \u00dcr\u00fcnlerimiz kimyasallara kar\u015f\u0131 test edilerek, t\u00fcm g\u00fcvenlik kurallar\u0131na uygun olarak \u00fcretilir. \u00dcr\u00fcnlerimizde sa\u011fl\u0131\u011fa zararl\u0131 boyalar ve a\u011f\u0131r metaller, tehlikeli yutulabilecek k\u00fc\u00e7\u00fck ve keskin par\u00e7alar, kordon ve ba\u011fc\u0131klar bulunmamaktad\u0131r.<\/p>\n","protected":false},"excerpt":{"rendered":"<p>Sevimli triko yelek V yaka kesimi sayesinde kolayca giyilip \u00e7\u0131kar\u0131labilirken ba\u011flama detay\u0131 ile sevimli bir g\u00f6r\u00fcn\u00fcm kazan\u0131yor. Miniklerin gard\u0131robuna renk katan triko yelek, bol kal\u0131b\u0131yla konfor sa\u011fl\u0131yor ver her mevsim kullan\u0131labilir bir par\u00e7a olarak ne \u00e7\u0131k\u0131yor. \u00dcr\u00fcn \u00d6zellikleri Kol Tipi: Kolsuz Yaka Tipi: V Yaka Detay: Ba\u011fc\u0131kl\u0131 Fit: Bol Kal\u0131p Kullan\u0131m Alan\u0131: G\u00fcnl\u00fck Giyim Koton [&hellip;]<\/p>\n","protected":false},"featured_media":150518,"comment_status":"open","ping_status":"closed","template":"","meta":[],"product_brand":[],"product_cat":[8715,8694,8724],"product_tag":[7326,7426,7488],"class_list":{"0":"post-150521","1":"product","2":"type-product","3":"status-publish","4":"has-post-thumbnail","6":"product_cat-kiz-cocuklari-2-14-yas","7":"product_cat-cocuklar","8":"product_cat-tisortler-bluzlar","9":"product_tag-bol-kesim","10":"product_tag-gunluk-giyim-3","11":"product_tag-pamuk","12":"pa_brand-koton","13":"pa_color-pembe","14":"pa_size-12-18-ay-2","15":"pa_size-18-24-ay-2","16":"pa_size-24-36-ay-2","17":"pa_size-3-4-yas-2","18":"pa_size-4-5-yas-2","19":"pa_size-9-12-ay-3","21":"first","22":"instock","23":"sale","24":"shipping-taxable","25":"purchasable","26":"product-type-variable"},"_links":{"self":[{"href":"https:\/\/mod.wisdar.net\/tr\/wp-json\/wp\/v2\/product\/150521","targetHints":{"allow":["GET"]}}],"collection":[{"href":"https:\/\/mod.wisdar.net\/tr\/wp-json\/wp\/v2\/product"}],"about":[{"href":"https:\/\/mod.wisdar.net\/tr\/wp-json\/wp\/v2\/types\/product"}],"replies":[{"embeddable":true,"href":"https:\/\/mod.wisdar.net\/tr\/wp-json\/wp\/v2\/comments?post=150521"}],"wp:featuredmedia":[{"embeddable":true,"href":"https:\/\/mod.wisdar.net\/tr\/wp-json\/wp\/v2\/media\/150518"}],"wp:attachment":[{"href":"https:\/\/mod.wisdar.net\/tr\/wp-json\/wp\/v2\/media?parent=150521"}],"wp:term":[{"taxonomy":"product_brand","embeddable":true,"href":"https:\/\/mod.wisdar.net\/tr\/wp-json\/wp\/v2\/product_brand?post=150521"},{"taxonomy":"product_cat","embeddable":true,"href":"https:\/\/mod.wisdar.net\/tr\/wp-json\/wp\/v2\/product_cat?post=150521"},{"taxonomy":"product_tag","embeddable":true,"href":"https:\/\/mod.wisdar.net\/tr\/wp-json\/wp\/v2\/product_tag?post=150521"}],"curies":[{"name":"wp","href":"https:\/\/api.w.org\/{rel}","templated":true}]}}