{"id":150560,"date":"2026-02-22T22:40:20","date_gmt":"2026-02-22T22:40:20","guid":{"rendered":"https:\/\/modesthanim.com\/product\/kiz-bebek-uzun-kollu-v-yaka-cicek-detayli-hirka\/"},"modified":"2026-04-04T01:02:22","modified_gmt":"2026-04-04T01:02:22","slug":"kiz-bebek-uzun-kollu-v-yaka-cicek-detayli-hirka","status":"publish","type":"product","link":"https:\/\/mod.wisdar.net\/tr\/urun\/kiz-bebek-uzun-kollu-v-yaka-cicek-detayli-hirka\/","title":{"rendered":"K\u0131z Bebek Uzun Kollu V Yaka \u00c7i\u00e7ek Detayl\u0131 H\u0131rka"},"content":{"rendered":"<p>Sevimli h\u0131rka, V yaka tasar\u0131m\u0131 ve uzun kollar\u0131yla miniklerin \u015f\u0131kl\u0131\u011f\u0131n\u0131 tamaml\u0131yor. \u00dczerinde yer alan \u00e7i\u00e7ek detaylar\u0131 k\u0131yafete ne\u015feli bir hava kat\u0131yor. Yumu\u015fak dokusu ve rahat kal\u0131b\u0131yla g\u00fcnl\u00fck kullan\u0131m i\u00e7in ideal bir se\u00e7enek olu\u015fturuyor. So\u011fuk havalarda minikleri s\u0131cac\u0131k tutarken rahat hareket etmelerine de olanak sa\u011fl\u0131yor.<br \/>\n\u00dcr\u00fcn \u00d6zellikleri<br \/>\nKol Tipi: Uzun Kol<br \/>\nYaka Tipi: V Yaka<br \/>\nKullan\u0131m Alan\u0131: G\u00fcnl\u00fck Giyim, Spor Giyim<br \/>\nKoton k\u0131z bebek koleksiyonu ile sevimli ve rahat par\u00e7alara sahip olabilirsiniz! Miniklerin d\u00fcnyas\u0131n\u0131 renklendiren Koton k\u0131z bebek giyim modellerini ke\u015ffedin!<br \/>\n\u00dcr\u00fcnlerimiz kimyasallara kar\u015f\u0131 test edilerek, t\u00fcm g\u00fcvenlik kurallar\u0131na uygun olarak \u00fcretilir. \u00dcr\u00fcnlerimizde sa\u011fl\u0131\u011fa zararl\u0131 boyalar ve a\u011f\u0131r metaller, tehlikeli yutulabilecek k\u00fc\u00e7\u00fck ve keskin par\u00e7alar, kordon ve ba\u011fc\u0131klar bulunmamaktad\u0131r.<\/p>\n","protected":false},"excerpt":{"rendered":"<p>Sevimli h\u0131rka, V yaka tasar\u0131m\u0131 ve uzun kollar\u0131yla miniklerin \u015f\u0131kl\u0131\u011f\u0131n\u0131 tamaml\u0131yor. \u00dczerinde yer alan \u00e7i\u00e7ek detaylar\u0131 k\u0131yafete ne\u015feli bir hava kat\u0131yor. Yumu\u015fak dokusu ve rahat kal\u0131b\u0131yla g\u00fcnl\u00fck kullan\u0131m i\u00e7in ideal bir se\u00e7enek olu\u015fturuyor. So\u011fuk havalarda minikleri s\u0131cac\u0131k tutarken rahat hareket etmelerine de olanak sa\u011fl\u0131yor. \u00dcr\u00fcn \u00d6zellikleri Kol Tipi: Uzun Kol Yaka Tipi: V Yaka Kullan\u0131m [&hellip;]<\/p>\n","protected":false},"featured_media":150555,"comment_status":"open","ping_status":"closed","template":"","meta":[],"product_brand":[],"product_cat":[8715,8694,8724,8697,8700],"product_tag":[7426,6768],"class_list":{"0":"post-150560","1":"product","2":"type-product","3":"status-publish","4":"has-post-thumbnail","6":"product_cat-kiz-cocuklari-2-14-yas","7":"product_cat-cocuklar","8":"product_cat-tisortler-bluzlar","9":"product_cat-yenidogan-0-12-ay","10":"product_cat-yenidogan-giyim","11":"product_tag-gunluk-giyim-3","12":"product_tag-uzun-kol","13":"pa_brand-koton","14":"pa_color-murdum","15":"pa_size-12-18-ay-2","16":"pa_size-18-24-ay-2","17":"pa_size-24-36-ay-2","18":"pa_size-3-4-yas-2","19":"pa_size-4-5-yas-2","20":"pa_size-9-12-ay-3","22":"first","23":"instock","24":"sale","25":"shipping-taxable","26":"purchasable","27":"product-type-variable"},"_links":{"self":[{"href":"https:\/\/mod.wisdar.net\/tr\/wp-json\/wp\/v2\/product\/150560","targetHints":{"allow":["GET"]}}],"collection":[{"href":"https:\/\/mod.wisdar.net\/tr\/wp-json\/wp\/v2\/product"}],"about":[{"href":"https:\/\/mod.wisdar.net\/tr\/wp-json\/wp\/v2\/types\/product"}],"replies":[{"embeddable":true,"href":"https:\/\/mod.wisdar.net\/tr\/wp-json\/wp\/v2\/comments?post=150560"}],"wp:featuredmedia":[{"embeddable":true,"href":"https:\/\/mod.wisdar.net\/tr\/wp-json\/wp\/v2\/media\/150555"}],"wp:attachment":[{"href":"https:\/\/mod.wisdar.net\/tr\/wp-json\/wp\/v2\/media?parent=150560"}],"wp:term":[{"taxonomy":"product_brand","embeddable":true,"href":"https:\/\/mod.wisdar.net\/tr\/wp-json\/wp\/v2\/product_brand?post=150560"},{"taxonomy":"product_cat","embeddable":true,"href":"https:\/\/mod.wisdar.net\/tr\/wp-json\/wp\/v2\/product_cat?post=150560"},{"taxonomy":"product_tag","embeddable":true,"href":"https:\/\/mod.wisdar.net\/tr\/wp-json\/wp\/v2\/product_tag?post=150560"}],"curies":[{"name":"wp","href":"https:\/\/api.w.org\/{rel}","templated":true}]}}