{"id":150596,"date":"2026-02-22T22:41:38","date_gmt":"2026-02-22T22:41:38","guid":{"rendered":"https:\/\/modesthanim.com\/product\/kat-detayli-bisiklet-yaka-fistolu-balon-kollu-elbise\/"},"modified":"2026-04-15T20:41:27","modified_gmt":"2026-04-15T20:41:27","slug":"kat-detayli-bisiklet-yaka-fistolu-balon-kollu-elbise","status":"publish","type":"product","link":"https:\/\/mod.wisdar.net\/tr\/urun\/kat-detayli-bisiklet-yaka-fistolu-balon-kollu-elbise\/","title":{"rendered":"Kat Detayl\u0131 Bisiklet Yaka Fistolu Balon Kollu Elbise"},"content":{"rendered":"<p>Kat kat yap\u0131s\u0131 ve fisto detaylar\u0131yla dikkat \u00e7eken elbise, balon kollu tasar\u0131m\u0131yla her bebe\u011fin dolab\u0131nda yer almaya aday! Diz \u00fcst\u00fc boyuyla hareket \u00f6zg\u00fcrl\u00fc\u011f\u00fc sunarken, bisiklet yaka detay\u0131 modern bir g\u00f6r\u00fcn\u00fcm kat\u0131yor. Astar\u0131 sayesinde ekstra konfor sa\u011flarken, elbise kat detayl\u0131 tasar\u0131m\u0131yla enerjik ve sevimli bir tarz sunuyor.<\/p>\n<p>\u00dcr\u00fcn \u00d6zellikleri<\/p>\n<p>Kol Tipi: K\u0131sa Kol<br \/>\nYaka Tipi: Bisiklet Yaka<br \/>\nKuma\u015f: %1 Elastan, %99 Polyester<br \/>\nKullan\u0131m Alan\u0131: G\u00fcnl\u00fck Giyim, \u00d6zel G\u00fcnler<\/p>\n<p>Koton k\u0131z bebek elbise modelleri, her mevsim \u015f\u0131kl\u0131\u011f\u0131 ve rahatl\u0131\u011f\u0131 bir arada sunuyor! Koton Kids koleksiyonu ile miniklerin tarz\u0131n\u0131 ke\u015ffedin!<\/p>\n<p>\u00dcr\u00fcnlerimiz kimyasallara kar\u015f\u0131 test edilerek, t\u00fcm g\u00fcvenlik kurallar\u0131na uygun olarak \u00fcretilir. \u00dcr\u00fcnlerimizde sa\u011fl\u0131\u011fa zararl\u0131 boyalar ve a\u011f\u0131r metaller, tehlikeli yutulabilecek k\u00fc\u00e7\u00fck ve keskin par\u00e7alar, kordon ve ba\u011fc\u0131klar bulunmamaktad\u0131r.<\/p>\n","protected":false},"excerpt":{"rendered":"<p>Kat kat yap\u0131s\u0131 ve fisto detaylar\u0131yla dikkat \u00e7eken elbise, balon kollu tasar\u0131m\u0131yla her bebe\u011fin dolab\u0131nda yer almaya aday! Diz \u00fcst\u00fc boyuyla hareket \u00f6zg\u00fcrl\u00fc\u011f\u00fc sunarken, bisiklet yaka detay\u0131 modern bir g\u00f6r\u00fcn\u00fcm kat\u0131yor. Astar\u0131 sayesinde ekstra konfor sa\u011flarken, elbise kat detayl\u0131 tasar\u0131m\u0131yla enerjik ve sevimli bir tarz sunuyor. \u00dcr\u00fcn \u00d6zellikleri Kol Tipi: K\u0131sa Kol Yaka Tipi: Bisiklet [&hellip;]<\/p>\n","protected":false},"featured_media":150593,"comment_status":"open","ping_status":"closed","template":"","meta":[],"product_brand":[],"product_cat":[8718,8715,8694],"product_tag":[7549,6772],"class_list":{"0":"post-150596","1":"product","2":"type-product","3":"status-publish","4":"has-post-thumbnail","6":"product_cat-elbiseler-etekler","7":"product_cat-kiz-cocuklari-2-14-yas","8":"product_cat-cocuklar","9":"product_tag-balon-kol","10":"product_tag-ozel-gun","11":"pa_brand-koton","12":"pa_color-pembe","13":"pa_size-12-18-ay-2","14":"pa_size-18-24-ay-2","15":"pa_size-24-36-ay-2","16":"pa_size-3-4-yas-2","17":"pa_size-4-5-yas-2","18":"pa_size-9-12-ay-3","20":"first","21":"instock","22":"sale","23":"shipping-taxable","24":"purchasable","25":"product-type-variable"},"_links":{"self":[{"href":"https:\/\/mod.wisdar.net\/tr\/wp-json\/wp\/v2\/product\/150596","targetHints":{"allow":["GET"]}}],"collection":[{"href":"https:\/\/mod.wisdar.net\/tr\/wp-json\/wp\/v2\/product"}],"about":[{"href":"https:\/\/mod.wisdar.net\/tr\/wp-json\/wp\/v2\/types\/product"}],"replies":[{"embeddable":true,"href":"https:\/\/mod.wisdar.net\/tr\/wp-json\/wp\/v2\/comments?post=150596"}],"wp:featuredmedia":[{"embeddable":true,"href":"https:\/\/mod.wisdar.net\/tr\/wp-json\/wp\/v2\/media\/150593"}],"wp:attachment":[{"href":"https:\/\/mod.wisdar.net\/tr\/wp-json\/wp\/v2\/media?parent=150596"}],"wp:term":[{"taxonomy":"product_brand","embeddable":true,"href":"https:\/\/mod.wisdar.net\/tr\/wp-json\/wp\/v2\/product_brand?post=150596"},{"taxonomy":"product_cat","embeddable":true,"href":"https:\/\/mod.wisdar.net\/tr\/wp-json\/wp\/v2\/product_cat?post=150596"},{"taxonomy":"product_tag","embeddable":true,"href":"https:\/\/mod.wisdar.net\/tr\/wp-json\/wp\/v2\/product_tag?post=150596"}],"curies":[{"name":"wp","href":"https:\/\/api.w.org\/{rel}","templated":true}]}}