{"id":150632,"date":"2026-02-22T22:43:19","date_gmt":"2026-02-22T22:43:19","guid":{"rendered":"https:\/\/modesthanim.com\/product\/kiz-bebek-pamuklu-kare-yaka-kisa-kollu-brodeli-islemeli-elbise\/"},"modified":"2026-04-11T01:53:21","modified_gmt":"2026-04-11T01:53:21","slug":"kiz-bebek-pamuklu-kare-yaka-kisa-kollu-brodeli-islemeli-elbise","status":"publish","type":"product","link":"https:\/\/mod.wisdar.net\/tr\/urun\/kiz-bebek-pamuklu-kare-yaka-kisa-kollu-brodeli-islemeli-elbise\/","title":{"rendered":"K\u0131z Bebek Pamuklu Kare Yaka K\u0131sa Kollu Brodeli \u0130\u015flemeli Elbise"},"content":{"rendered":"<p>Sevimli ve zarif i\u015fleme detaylar\u0131yla dikkat \u00e7eken k\u0131sa kollu elbise, minikler i\u00e7in ideal bir tercih sunuyor. Kare yakas\u0131 ve A kesimiyle rahat bir kullan\u0131m sa\u011flarken brode detaylar\u0131 elbiseye zarafet kat\u0131yor. Pamuklu dokusu sayesinde bebe\u011finizin cildine dost ve yumu\u015fak bir dokunu\u015f sa\u011fl\u0131yor. \u00dcr\u00fcn \u00d6zellikleri Kol Tipi: K\u0131sa Kol Yaka Tipi: Kare Yaka Kuma\u015f: %100 Pamuk Kullan\u0131m Alan\u0131: G\u00fcnl\u00fck Giyim, \u00d6zel G\u00fcnler Kapan\u0131\u015f Koton k\u0131z bebek koleksiyonu ile minikler her an sevimli ve rahat! Koton&#8217;un k\u0131z bebek elbiseleri \u015fimdi ke\u015ffedilmeyi bekliyor! Bebe\u011finiz bu k\u0131yafet ile g\u00fcvende! \u00dcr\u00fcnlerimiz kimyasallara kar\u015f\u0131 test edilerek, t\u00fcm g\u00fcvenlik kurallar\u0131na uygun olarak \u00fcretilir. \u00dcr\u00fcnlerimizde sa\u011fl\u0131\u011fa zararl\u0131 boyalar ve a\u011f\u0131r metaller, tehlikeli yutulabilecek k\u00fc\u00e7\u00fck ve keskin par\u00e7alar, kordon ve ba\u011fc\u0131klar bulunmamaktad\u0131r.<\/p>\n","protected":false},"excerpt":{"rendered":"<p>Sevimli ve zarif i\u015fleme detaylar\u0131yla dikkat \u00e7eken k\u0131sa kollu elbise, minikler i\u00e7in ideal bir tercih sunuyor. Kare yakas\u0131 ve A kesimiyle rahat bir kullan\u0131m sa\u011flarken brode detaylar\u0131 elbiseye zarafet kat\u0131yor. Pamuklu dokusu sayesinde bebe\u011finizin cildine dost ve yumu\u015fak bir dokunu\u015f sa\u011fl\u0131yor. \u00dcr\u00fcn \u00d6zellikleri Kol Tipi: K\u0131sa Kol Yaka Tipi: Kare Yaka Kuma\u015f: %100 Pamuk Kullan\u0131m [&hellip;]<\/p>\n","protected":false},"featured_media":150629,"comment_status":"open","ping_status":"closed","template":"","meta":[],"product_brand":[],"product_cat":[8712,8718,8715,8694,8697],"product_tag":[4847,7354],"class_list":{"0":"post-150632","1":"product","2":"type-product","3":"status-publish","4":"has-post-thumbnail","6":"product_cat-bebek-elbiseleri","7":"product_cat-elbiseler-etekler","8":"product_cat-kiz-cocuklari-2-14-yas","9":"product_cat-cocuklar","10":"product_cat-yenidogan-0-12-ay","11":"product_tag-a-line","12":"product_tag-gunluk-giyim-2","13":"pa_brand-koton","14":"pa_color-ekru","15":"pa_size-12-18-ay-2","16":"pa_size-18-24-ay-2","17":"pa_size-24-36-ay-2","18":"pa_size-3-4-yas-2","19":"pa_size-4-5-yas-2","20":"pa_size-9-12-ay-3","22":"first","23":"outofstock","24":"shipping-taxable","25":"product-type-variable"},"_links":{"self":[{"href":"https:\/\/mod.wisdar.net\/tr\/wp-json\/wp\/v2\/product\/150632","targetHints":{"allow":["GET"]}}],"collection":[{"href":"https:\/\/mod.wisdar.net\/tr\/wp-json\/wp\/v2\/product"}],"about":[{"href":"https:\/\/mod.wisdar.net\/tr\/wp-json\/wp\/v2\/types\/product"}],"replies":[{"embeddable":true,"href":"https:\/\/mod.wisdar.net\/tr\/wp-json\/wp\/v2\/comments?post=150632"}],"wp:featuredmedia":[{"embeddable":true,"href":"https:\/\/mod.wisdar.net\/tr\/wp-json\/wp\/v2\/media\/150629"}],"wp:attachment":[{"href":"https:\/\/mod.wisdar.net\/tr\/wp-json\/wp\/v2\/media?parent=150632"}],"wp:term":[{"taxonomy":"product_brand","embeddable":true,"href":"https:\/\/mod.wisdar.net\/tr\/wp-json\/wp\/v2\/product_brand?post=150632"},{"taxonomy":"product_cat","embeddable":true,"href":"https:\/\/mod.wisdar.net\/tr\/wp-json\/wp\/v2\/product_cat?post=150632"},{"taxonomy":"product_tag","embeddable":true,"href":"https:\/\/mod.wisdar.net\/tr\/wp-json\/wp\/v2\/product_tag?post=150632"}],"curies":[{"name":"wp","href":"https:\/\/api.w.org\/{rel}","templated":true}]}}