{"id":150668,"date":"2026-02-22T22:44:51","date_gmt":"2026-02-22T22:44:51","guid":{"rendered":"https:\/\/modesthanim.com\/product\/kiz-bebek-kare-yaka-kolsuz-pamuklu-a-kesim-cicekli-elbise\/"},"modified":"2026-03-27T09:21:47","modified_gmt":"2026-03-27T09:21:47","slug":"kiz-bebek-kare-yaka-kolsuz-pamuklu-a-kesim-cicekli-elbise","status":"publish","type":"product","link":"https:\/\/mod.wisdar.net\/tr\/urun\/kiz-bebek-kare-yaka-kolsuz-pamuklu-a-kesim-cicekli-elbise\/","title":{"rendered":"K\u0131z Bebek Kare Yaka Kolsuz Pamuklu A Kesim \u00c7i\u00e7ekli Elbise"},"content":{"rendered":"<p>\u00c7i\u00e7ek detayl\u0131 kolsuz elbise, yumu\u015fak pamuklu kuma\u015f\u0131yla \u00f6ne \u00e7\u0131k\u0131yor. Hareket \u00f6zg\u00fcrl\u00fc\u011f\u00fc sa\u011flayan rahat kesimi ve kare yaka tasar\u0131m\u0131yla miniklerin favorisi olmaya aday! Her aktivitede rahatl\u0131kla tercih edilebilece\u011finiz sevimli elbise s\u0131cak havalarda konfor vadediyor. \u00dcr\u00fcn \u00d6zellikleri Kol Tipi: Kolsuz Yaka Tipi: Kare Yaka Kuma\u015f: %100 Pamuk Kullan\u0131m Alan\u0131: G\u00fcnl\u00fck Giyim Kapan\u0131\u015f Koton k\u0131z bebek elbise modelleri, miniklerin enerjisine ayak uyduruyor! E\u011flenceli ve rahat tasar\u0131m\u0131yla Koton Kids koleksiyonunu ke\u015ffedin! Bebe\u011finiz bu k\u0131yafet ile g\u00fcvende! \u00dcr\u00fcnlerimiz kimyasallara kar\u015f\u0131 test edilerek, t\u00fcm g\u00fcvenlik kurallar\u0131na uygun olarak \u00fcretilir. \u00dcr\u00fcnlerimizde sa\u011fl\u0131\u011fa zararl\u0131 boyalar ve a\u011f\u0131r metaller, tehlikeli yutulabilecek k\u00fc\u00e7\u00fck ve keskin par\u00e7alar, kordon ve ba\u011fc\u0131klar bulunmamaktad\u0131r.<\/p>\n<p>\u2014 Technical Details \u2014<br \/>\nKol Tipi: Kolsuz<br \/>\nYaka Tipi: Kare Yaka<br \/>\nKuma\u015f: %100 Pamuk<br \/>\nKullan\u0131m Alan\u0131: G\u00fcnl\u00fck Giyim<\/p>\n","protected":false},"excerpt":{"rendered":"<p>\u00c7i\u00e7ek detayl\u0131 kolsuz elbise, yumu\u015fak pamuklu kuma\u015f\u0131yla \u00f6ne \u00e7\u0131k\u0131yor. Hareket \u00f6zg\u00fcrl\u00fc\u011f\u00fc sa\u011flayan rahat kesimi ve kare yaka tasar\u0131m\u0131yla miniklerin favorisi olmaya aday! Her aktivitede rahatl\u0131kla tercih edilebilece\u011finiz sevimli elbise s\u0131cak havalarda konfor vadediyor. \u00dcr\u00fcn \u00d6zellikleri Kol Tipi: Kolsuz Yaka Tipi: Kare Yaka Kuma\u015f: %100 Pamuk Kullan\u0131m Alan\u0131: G\u00fcnl\u00fck Giyim Kapan\u0131\u015f Koton k\u0131z bebek elbise modelleri, [&hellip;]<\/p>\n","protected":false},"featured_media":150665,"comment_status":"open","ping_status":"closed","template":"","meta":[],"product_brand":[],"product_cat":[8712,8718,8715,8694,8697],"product_tag":[6752,6877],"class_list":{"0":"post-150668","1":"product","2":"type-product","3":"status-publish","4":"has-post-thumbnail","6":"product_cat-bebek-elbiseleri","7":"product_cat-elbiseler-etekler","8":"product_cat-kiz-cocuklari-2-14-yas","9":"product_cat-cocuklar","10":"product_cat-yenidogan-0-12-ay","11":"product_tag-cicekli-elbise","12":"product_tag-yaz-elbisesi","13":"pa_brand-koton","14":"pa_color-mavi","15":"pa_size-12-18-ay-2","16":"pa_size-18-24-ay-2","17":"pa_size-24-36-ay-2","18":"pa_size-3-4-yas-2","19":"pa_size-4-5-yas-2","20":"pa_size-9-12-ay-3","22":"first","23":"instock","24":"sale","25":"shipping-taxable","26":"purchasable","27":"product-type-variable"},"_links":{"self":[{"href":"https:\/\/mod.wisdar.net\/tr\/wp-json\/wp\/v2\/product\/150668","targetHints":{"allow":["GET"]}}],"collection":[{"href":"https:\/\/mod.wisdar.net\/tr\/wp-json\/wp\/v2\/product"}],"about":[{"href":"https:\/\/mod.wisdar.net\/tr\/wp-json\/wp\/v2\/types\/product"}],"replies":[{"embeddable":true,"href":"https:\/\/mod.wisdar.net\/tr\/wp-json\/wp\/v2\/comments?post=150668"}],"wp:featuredmedia":[{"embeddable":true,"href":"https:\/\/mod.wisdar.net\/tr\/wp-json\/wp\/v2\/media\/150665"}],"wp:attachment":[{"href":"https:\/\/mod.wisdar.net\/tr\/wp-json\/wp\/v2\/media?parent=150668"}],"wp:term":[{"taxonomy":"product_brand","embeddable":true,"href":"https:\/\/mod.wisdar.net\/tr\/wp-json\/wp\/v2\/product_brand?post=150668"},{"taxonomy":"product_cat","embeddable":true,"href":"https:\/\/mod.wisdar.net\/tr\/wp-json\/wp\/v2\/product_cat?post=150668"},{"taxonomy":"product_tag","embeddable":true,"href":"https:\/\/mod.wisdar.net\/tr\/wp-json\/wp\/v2\/product_tag?post=150668"}],"curies":[{"name":"wp","href":"https:\/\/api.w.org\/{rel}","templated":true}]}}