{"id":150704,"date":"2026-02-22T22:46:04","date_gmt":"2026-02-22T22:46:04","guid":{"rendered":"https:\/\/modesthanim.com\/product\/kiz-bebek-elbise-uzun-kollu-bisiklet-suveter-detayli-yuvarlak-yaka\/"},"modified":"2026-04-04T01:20:49","modified_gmt":"2026-04-04T01:20:49","slug":"kiz-bebek-elbise-uzun-kollu-bisiklet-suveter-detayli-yuvarlak-yaka","status":"publish","type":"product","link":"https:\/\/mod.wisdar.net\/tr\/urun\/kiz-bebek-elbise-uzun-kollu-bisiklet-suveter-detayli-yuvarlak-yaka\/","title":{"rendered":"K\u0131z Bebek Elbise Uzun Kollu Bisiklet S\u00fcveter Detayl\u0131 Yuvarlak Yaka"},"content":{"rendered":"<p>S\u00fcveter detayl\u0131, uzun kollu, yuvarlak yaka elbise her duruma uygun \u00e7ok y\u00f6nl\u00fc bir g\u00f6r\u00fcn\u00fcm sunuyor. Koton, minikler i\u00e7in zamans\u0131z ve uzun \u00f6m\u00fcrl\u00fc stilleri se\u00e7erek maksimum kullan\u0131m i\u00e7in \u00f6zel par\u00e7alar tasarl\u0131yor. Do\u011fal ve kaliteli malzemeler ile anne ve babalardan tam not al\u0131yor. Bebe\u011finiz bu k\u0131yafet ile g\u00fcvende! \u00dcr\u00fcnlerimiz kimyasallara kar\u015f\u0131 test edilerek, t\u00fcm g\u00fcvenlik kurallar\u0131na uygun olarak \u00fcretilir. \u00dcr\u00fcnlerimizde sa\u011fl\u0131\u011fa zararl\u0131; boyalar ve a\u011f\u0131r metaller, tehlikeli yutabilecek k\u00fc\u00e7\u00fck ve keskin par\u00e7alar, kordon ve ba\u011fc\u0131klar bulunmamaktad\u0131r.<\/p>\n","protected":false},"excerpt":{"rendered":"<p>S\u00fcveter detayl\u0131, uzun kollu, yuvarlak yaka elbise her duruma uygun \u00e7ok y\u00f6nl\u00fc bir g\u00f6r\u00fcn\u00fcm sunuyor. Koton, minikler i\u00e7in zamans\u0131z ve uzun \u00f6m\u00fcrl\u00fc stilleri se\u00e7erek maksimum kullan\u0131m i\u00e7in \u00f6zel par\u00e7alar tasarl\u0131yor. Do\u011fal ve kaliteli malzemeler ile anne ve babalardan tam not al\u0131yor. Bebe\u011finiz bu k\u0131yafet ile g\u00fcvende! \u00dcr\u00fcnlerimiz kimyasallara kar\u015f\u0131 test edilerek, t\u00fcm g\u00fcvenlik kurallar\u0131na uygun [&hellip;]<\/p>\n","protected":false},"featured_media":150701,"comment_status":"open","ping_status":"closed","template":"","meta":[],"product_brand":[],"product_cat":[8718,8715,8694],"product_tag":[6768],"class_list":{"0":"post-150704","1":"product","2":"type-product","3":"status-publish","4":"has-post-thumbnail","6":"product_cat-elbiseler-etekler","7":"product_cat-kiz-cocuklari-2-14-yas","8":"product_cat-cocuklar","9":"product_tag-uzun-kol","10":"pa_brand-koton","11":"pa_color-bej","12":"pa_size-12-18-ay-2","13":"pa_size-18-24-ay-2","14":"pa_size-24-36-ay-2","15":"pa_size-3-4-yas-2","16":"pa_size-4-5-yas-2","17":"pa_size-9-12-ay-3","19":"first","20":"instock","21":"sale","22":"shipping-taxable","23":"purchasable","24":"product-type-variable"},"_links":{"self":[{"href":"https:\/\/mod.wisdar.net\/tr\/wp-json\/wp\/v2\/product\/150704","targetHints":{"allow":["GET"]}}],"collection":[{"href":"https:\/\/mod.wisdar.net\/tr\/wp-json\/wp\/v2\/product"}],"about":[{"href":"https:\/\/mod.wisdar.net\/tr\/wp-json\/wp\/v2\/types\/product"}],"replies":[{"embeddable":true,"href":"https:\/\/mod.wisdar.net\/tr\/wp-json\/wp\/v2\/comments?post=150704"}],"wp:featuredmedia":[{"embeddable":true,"href":"https:\/\/mod.wisdar.net\/tr\/wp-json\/wp\/v2\/media\/150701"}],"wp:attachment":[{"href":"https:\/\/mod.wisdar.net\/tr\/wp-json\/wp\/v2\/media?parent=150704"}],"wp:term":[{"taxonomy":"product_brand","embeddable":true,"href":"https:\/\/mod.wisdar.net\/tr\/wp-json\/wp\/v2\/product_brand?post=150704"},{"taxonomy":"product_cat","embeddable":true,"href":"https:\/\/mod.wisdar.net\/tr\/wp-json\/wp\/v2\/product_cat?post=150704"},{"taxonomy":"product_tag","embeddable":true,"href":"https:\/\/mod.wisdar.net\/tr\/wp-json\/wp\/v2\/product_tag?post=150704"}],"curies":[{"name":"wp","href":"https:\/\/api.w.org\/{rel}","templated":true}]}}