{"id":150742,"date":"2026-02-22T22:47:25","date_gmt":"2026-02-22T22:47:25","guid":{"rendered":"https:\/\/modesthanim.com\/product\/kiz-bebek-pamuklu-bisiklet-yaka-firfirli-kolsuz-kalp-desenli-mini-elbise\/"},"modified":"2026-04-11T01:50:47","modified_gmt":"2026-04-11T01:50:47","slug":"kiz-bebek-pamuklu-bisiklet-yaka-firfirli-kolsuz-kalp-desenli-mini-elbise","status":"publish","type":"product","link":"https:\/\/mod.wisdar.net\/tr\/urun\/kiz-bebek-pamuklu-bisiklet-yaka-firfirli-kolsuz-kalp-desenli-mini-elbise\/","title":{"rendered":"K\u0131z Bebek Pamuklu Bisiklet Yaka F\u0131rf\u0131rl\u0131 Kolsuz Kalp Desenli Mini Elbise"},"content":{"rendered":"<p>Kalpli kolsuz elbise, pamuklu ka\u015fkorse yap\u0131s\u0131yla bebeklerin g\u00fcn boyu rahat etmesini sa\u011fl\u0131yor. \u00d6zellikle yaz aylar\u0131nda tercih edilebilecek bu elbise, bebeklerin hareket \u00f6zg\u00fcrl\u00fc\u011f\u00fcn\u00fc k\u0131s\u0131tlam\u0131yor ve konforlu bir deneyim sunuyor. Sevimli kalp desenleriyle be\u011feni kazanan elbise, g\u00fcnl\u00fck kullan\u0131ma uygun tasar\u0131m\u0131yla annelerin favorileri aras\u0131nda yer al\u0131yor.<\/p>\n<p>\u00dcr\u00fcn \u00d6zellikleri<br \/>\nKol Tipi: Kolsuz<br \/>\nYaka Tipi: Bisiklet Yaka<br \/>\nDetay: F\u0131rf\u0131r Detayl\u0131<br \/>\nFit: Regular<br \/>\nKuma\u015f: %96 Pamuk, %4 Elastan<br \/>\nKullan\u0131m Alan\u0131: G\u00fcnl\u00fck Giyim<\/p>\n<p>Koton k\u0131z bebek elbise koleksiyonu, sevimli tasar\u0131mlar\u0131yla miniklerin gard\u0131robunu renklendiriyor! Koton&#8217;un rahat ve \u015f\u0131k tasar\u0131mlar\u0131yla bebeklerinizin konforu \u00f6n planda kal\u0131yor!<\/p>\n<p>\u00dcr\u00fcnlerimiz kimyasallara kar\u015f\u0131 test edilerek, t\u00fcm g\u00fcvenlik kurallar\u0131na uygun olarak \u00fcretilir. \u00dcr\u00fcnlerimizde sa\u011fl\u0131\u011fa zararl\u0131 boyalar ve a\u011f\u0131r metaller, tehlikeli yutulabilecek k\u00fc\u00e7\u00fck ve keskin par\u00e7alar, kordon ve ba\u011fc\u0131klar bulunmamaktad\u0131r.<\/p>\n<p>\u2014 Technical Details \u2014<br \/>\nKuma\u015f: %4 ELASTAN, %96 PAMUK<br \/>\nKol Boyu: Kolsuz<br \/>\nKol Tipi: Kolsuz<br \/>\nYaka Tipi: Bisiklet Yaka<br \/>\nSil\u00fcet: A Form<br \/>\n\u00dcr\u00fcn Tipi \/ Stil: A Form<br \/>\n\u00dcr\u00fcn\u00fcn Alt Markas\u0131: Kidswear<br \/>\nSat\u0131c\u0131\/\u0130malat\u00e7\u0131\/\u0130thalat\u00e7\u0131 \u0130smi: Koton Ma\u011fazac\u0131l\u0131k Tekstil Sanayi ve Ticaret A.\u015e.<br \/>\nPosta Adresi: Ayaza\u011fa Mah. Maslak Ayaza\u011fa Cad. No:3 \u0130\u00e7 Kap\u0131 No:5 Sar\u0131yer\/\u0130stanbul<br \/>\nE-Posta Adresi: mim@koton.com<\/p>\n","protected":false},"excerpt":{"rendered":"<p>Kalpli kolsuz elbise, pamuklu ka\u015fkorse yap\u0131s\u0131yla bebeklerin g\u00fcn boyu rahat etmesini sa\u011fl\u0131yor. \u00d6zellikle yaz aylar\u0131nda tercih edilebilecek bu elbise, bebeklerin hareket \u00f6zg\u00fcrl\u00fc\u011f\u00fcn\u00fc k\u0131s\u0131tlam\u0131yor ve konforlu bir deneyim sunuyor. Sevimli kalp desenleriyle be\u011feni kazanan elbise, g\u00fcnl\u00fck kullan\u0131ma uygun tasar\u0131m\u0131yla annelerin favorileri aras\u0131nda yer al\u0131yor. \u00dcr\u00fcn \u00d6zellikleri Kol Tipi: Kolsuz Yaka Tipi: Bisiklet Yaka Detay: F\u0131rf\u0131r Detayl\u0131 [&hellip;]<\/p>\n","protected":false},"featured_media":150737,"comment_status":"open","ping_status":"closed","template":"","meta":[],"product_brand":[],"product_cat":[8712,8718,8715,8694,8697],"product_tag":[7426,6877],"class_list":{"0":"post-150742","1":"product","2":"type-product","3":"status-publish","4":"has-post-thumbnail","6":"product_cat-bebek-elbiseleri","7":"product_cat-elbiseler-etekler","8":"product_cat-kiz-cocuklari-2-14-yas","9":"product_cat-cocuklar","10":"product_cat-yenidogan-0-12-ay","11":"product_tag-gunluk-giyim-3","12":"product_tag-yaz-elbisesi","13":"pa_brand-koton","14":"pa_color-bej-desenli","15":"pa_size-12-18-ay-2","16":"pa_size-18-24-ay-2","17":"pa_size-24-36-ay-2","18":"pa_size-3-4-yas-2","19":"pa_size-4-5-yas-2","20":"pa_size-9-12-ay-3","22":"first","23":"instock","24":"sale","25":"shipping-taxable","26":"purchasable","27":"product-type-variable"},"_links":{"self":[{"href":"https:\/\/mod.wisdar.net\/tr\/wp-json\/wp\/v2\/product\/150742","targetHints":{"allow":["GET"]}}],"collection":[{"href":"https:\/\/mod.wisdar.net\/tr\/wp-json\/wp\/v2\/product"}],"about":[{"href":"https:\/\/mod.wisdar.net\/tr\/wp-json\/wp\/v2\/types\/product"}],"replies":[{"embeddable":true,"href":"https:\/\/mod.wisdar.net\/tr\/wp-json\/wp\/v2\/comments?post=150742"}],"wp:featuredmedia":[{"embeddable":true,"href":"https:\/\/mod.wisdar.net\/tr\/wp-json\/wp\/v2\/media\/150737"}],"wp:attachment":[{"href":"https:\/\/mod.wisdar.net\/tr\/wp-json\/wp\/v2\/media?parent=150742"}],"wp:term":[{"taxonomy":"product_brand","embeddable":true,"href":"https:\/\/mod.wisdar.net\/tr\/wp-json\/wp\/v2\/product_brand?post=150742"},{"taxonomy":"product_cat","embeddable":true,"href":"https:\/\/mod.wisdar.net\/tr\/wp-json\/wp\/v2\/product_cat?post=150742"},{"taxonomy":"product_tag","embeddable":true,"href":"https:\/\/mod.wisdar.net\/tr\/wp-json\/wp\/v2\/product_tag?post=150742"}],"curies":[{"name":"wp","href":"https:\/\/api.w.org\/{rel}","templated":true}]}}