{"id":150782,"date":"2026-02-22T22:48:31","date_gmt":"2026-02-22T22:48:31","guid":{"rendered":"https:\/\/modesthanim.com\/product\/kiz-bebek-cicek-islemeli-pamuklu-balon-fit-denim-pantolon\/"},"modified":"2026-04-15T20:40:09","modified_gmt":"2026-04-15T20:40:09","slug":"kiz-bebek-cicek-islemeli-pamuklu-balon-fit-denim-pantolon","status":"publish","type":"product","link":"https:\/\/mod.wisdar.net\/tr\/urun\/kiz-bebek-cicek-islemeli-pamuklu-balon-fit-denim-pantolon\/","title":{"rendered":"K\u0131z Bebek \u00c7i\u00e7ek \u0130\u015flemeli Pamuklu Balon Fit Denim Pantolon"},"content":{"rendered":"<p>\u00c7i\u00e7ek i\u015flemeli pamuklu denim pantolon, balon fit kesimi ile miniklerin gard\u0131robunda fark yarat\u0131yor. Rahat kal\u0131b\u0131 sayesinde g\u00fcn boyu hareket \u00f6zg\u00fcrl\u00fc\u011f\u00fc sunuyor. Pamuklu kuma\u015f\u0131 ve sevimli \u00e7i\u00e7ek i\u015flemeleriyle dikkat \u00e7eken pantolon, g\u00fcnl\u00fck aktiviteler i\u00e7in m\u00fckemmel bir se\u00e7im olarak \u00f6ne \u00e7\u0131k\u0131yor.<\/p>\n<p>\u00dcr\u00fcn \u00d6zellikleri<br \/>\nAna Kuma\u015f: %100 Pamuk<br \/>\nCep Tipi: 5 Cep<br \/>\nFit: Loose<br \/>\nStil &amp; Siluet Bilgisi: Balon Form<br \/>\nKullan\u0131m Alan\u0131: G\u00fcnl\u00fck Giyim<\/p>\n<p>Koton k\u0131z bebek pantolon modelleri bebeklerin enerjisine her an e\u015flik etmeye haz\u0131r! Hem konforlu hem de sevimli tasar\u0131m\u0131yla bu pantolon, ebeveynlerin ve miniklerin favorisi olacak! Koton Kids koleksiyonunu ke\u015ffedin!<\/p>\n<p>\u00dcr\u00fcnlerimiz kimyasallara kar\u015f\u0131 test edilerek, t\u00fcm g\u00fcvenlik kurallar\u0131na uygun olarak \u00fcretilir. \u00dcr\u00fcnlerimizde sa\u011fl\u0131\u011fa zararl\u0131 boyalar ve a\u011f\u0131r metaller, tehlikeli yutulabilecek k\u00fc\u00e7\u00fck ve keskin par\u00e7alar, kordon ve ba\u011fc\u0131klar bulunmamaktad\u0131r.<br \/>\n\u0130ndigo \u00dcr\u00fcn Kullan\u0131m Bilgisi: \u00dcr\u00fcn\u00fcm\u00fczde kullan\u0131lan indigo boya, kullan\u0131m esnas\u0131nda giysilerinize bir miktar renk verebilir. \u0130lk y\u0131kama tersten ve tek ba\u015f\u0131na, sonraki y\u0131kamalarda ise yine tersten ve renkli \u00e7ama\u015f\u0131rlar ile birlikte y\u0131kaman\u0131z\u0131 tavsiye ederiz.<\/p>\n<p>\u2014 Technical Details \u2014<br \/>\nKuma\u015f: %100 PAMUK<br \/>\nSil\u00fcet: Balon Form<br \/>\nBel Y\u00fcksekli\u011fi: Standart Bel<br \/>\n\u00dcr\u00fcn Tipi \/ Stil: Balon Form<br \/>\n\u00dcr\u00fcn\u00fcn Alt Markas\u0131: Kidswear<br \/>\nSat\u0131c\u0131\/\u0130malat\u00e7\u0131\/\u0130thalat\u00e7\u0131 \u0130smi: Koton Ma\u011fazac\u0131l\u0131k Tekstil Sanayi ve Ticaret A.\u015e.<br \/>\nPosta Adresi: Ayaza\u011fa Mah. Maslak Ayaza\u011fa Cad. No:3 \u0130\u00e7 Kap\u0131 No:5 Sar\u0131yer\/\u0130stanbul<br \/>\nE-Posta Adresi: mim@koton.com<\/p>\n","protected":false},"excerpt":{"rendered":"<p>\u00c7i\u00e7ek i\u015flemeli pamuklu denim pantolon, balon fit kesimi ile miniklerin gard\u0131robunda fark yarat\u0131yor. Rahat kal\u0131b\u0131 sayesinde g\u00fcn boyu hareket \u00f6zg\u00fcrl\u00fc\u011f\u00fc sunuyor. Pamuklu kuma\u015f\u0131 ve sevimli \u00e7i\u00e7ek i\u015flemeleriyle dikkat \u00e7eken pantolon, g\u00fcnl\u00fck aktiviteler i\u00e7in m\u00fckemmel bir se\u00e7im olarak \u00f6ne \u00e7\u0131k\u0131yor. \u00dcr\u00fcn \u00d6zellikleri Ana Kuma\u015f: %100 Pamuk Cep Tipi: 5 Cep Fit: Loose Stil &amp; Siluet Bilgisi: [&hellip;]<\/p>\n","protected":false},"featured_media":150774,"comment_status":"open","ping_status":"closed","template":"","meta":[],"product_brand":[],"product_cat":[8715,8694,8727],"product_tag":[7844,7426,7488],"class_list":{"0":"post-150782","1":"product","2":"type-product","3":"status-publish","4":"has-post-thumbnail","6":"product_cat-kiz-cocuklari-2-14-yas","7":"product_cat-cocuklar","8":"product_cat-pantolon","9":"product_tag-denim","10":"product_tag-gunluk-giyim-3","11":"product_tag-pamuk","12":"pa_brand-koton","13":"pa_color-light-indigo","14":"pa_size-12-18-ay-2","15":"pa_size-18-24-ay-2","16":"pa_size-24-36-ay-2","17":"pa_size-3-4-yas-2","18":"pa_size-4-5-yas-2","20":"first","21":"instock","22":"sale","23":"shipping-taxable","24":"purchasable","25":"product-type-variable"},"_links":{"self":[{"href":"https:\/\/mod.wisdar.net\/tr\/wp-json\/wp\/v2\/product\/150782","targetHints":{"allow":["GET"]}}],"collection":[{"href":"https:\/\/mod.wisdar.net\/tr\/wp-json\/wp\/v2\/product"}],"about":[{"href":"https:\/\/mod.wisdar.net\/tr\/wp-json\/wp\/v2\/types\/product"}],"replies":[{"embeddable":true,"href":"https:\/\/mod.wisdar.net\/tr\/wp-json\/wp\/v2\/comments?post=150782"}],"wp:featuredmedia":[{"embeddable":true,"href":"https:\/\/mod.wisdar.net\/tr\/wp-json\/wp\/v2\/media\/150774"}],"wp:attachment":[{"href":"https:\/\/mod.wisdar.net\/tr\/wp-json\/wp\/v2\/media?parent=150782"}],"wp:term":[{"taxonomy":"product_brand","embeddable":true,"href":"https:\/\/mod.wisdar.net\/tr\/wp-json\/wp\/v2\/product_brand?post=150782"},{"taxonomy":"product_cat","embeddable":true,"href":"https:\/\/mod.wisdar.net\/tr\/wp-json\/wp\/v2\/product_cat?post=150782"},{"taxonomy":"product_tag","embeddable":true,"href":"https:\/\/mod.wisdar.net\/tr\/wp-json\/wp\/v2\/product_tag?post=150782"}],"curies":[{"name":"wp","href":"https:\/\/api.w.org\/{rel}","templated":true}]}}