{"id":15081,"date":"2025-11-01T22:17:54","date_gmt":"2025-11-01T22:17:54","guid":{"rendered":"https:\/\/modesthanim.com\/product\/brit-dugmeli-yirtmacli-tunik-bej\/"},"modified":"2026-04-10T17:50:57","modified_gmt":"2026-04-10T17:50:57","slug":"brit-dugmeli-yirtmacli-tunik-bej","status":"publish","type":"product","link":"https:\/\/mod.wisdar.net\/tr\/urun\/brit-dugmeli-yirtmacli-tunik-bej\/","title":{"rendered":"Brit D\u00fc\u011fmeli Y\u0131rtma\u00e7l\u0131 Tunik \u2013 Bej"},"content":{"rendered":"<p>D\u00f6k\u00fcml\u00fc yap\u0131s\u0131 sayesinde zarif bir siluet olu\u015ftururken, casual ve \u015fehirli kombinlere kolayca uyum sa\u011flar. G\u00fcnl\u00fck stilinize g\u00fc\u00e7l\u00fc bir dokunu\u015f eklemek i\u00e7in ideal bir par\u00e7a.<\/p>\n<p>Kuma\u015f \u0130\u00e7eri\u011fi: %61 Lyocell, %39 Keten<br \/>\nDesen: D\u00fcz<br \/>\nYaka Tipi: G\u00f6mlek Yaka<br \/>\nKol Tipi: D\u00fc\u015f\u00fck Kol<br \/>\nCep: Cepsiz<br \/>\nAstar: Astars\u0131z<br \/>\n\u00dcr\u00fcn Boyu: 85 cm<br \/>\nKal\u0131p Tipi: Rahat Kal\u0131p<br \/>\nMankenin Giydi\u011fi Beden: 36<br \/>\nManken \u00d6l\u00e7\u00fcleri: Boy: 175 cm G\u00f6\u011f\u00fcs: 80 cm Bel: 62 cm Basen: 89 cm<\/p>\n<p>\u2014 Technical Details \u2014<br \/>\nDesen: D\u00fcz<br \/>\nYaka Tipi: G\u00f6mlek Yaka<br \/>\nKol Tipi: D\u00fc\u015f\u00fck Kol<br \/>\nCep: Cepsiz<br \/>\nAstar: Astars\u0131z<br \/>\n\u00dcr\u00fcn Boyu: 85 cm<br \/>\nKal\u0131p Tipi: Rahat Kal\u0131p<br \/>\nMankenin Giydi\u011fi Beden: 36<br \/>\nManken \u00d6l\u00e7\u00fcleri: Boy: 175 cm, G\u00f6\u011f\u00fcs: 80 cm, Bel: 62 cm, Basen: 89 cm<\/p>\n","protected":false},"excerpt":{"rendered":"<p>D\u00f6k\u00fcml\u00fc yap\u0131s\u0131 sayesinde zarif bir siluet olu\u015ftururken, casual ve \u015fehirli kombinlere kolayca uyum sa\u011flar. G\u00fcnl\u00fck stilinize g\u00fc\u00e7l\u00fc bir dokunu\u015f eklemek i\u00e7in ideal bir par\u00e7a. Kuma\u015f \u0130\u00e7eri\u011fi: %61 Lyocell, %39 Keten Desen: D\u00fcz Yaka Tipi: G\u00f6mlek Yaka Kol Tipi: D\u00fc\u015f\u00fck Kol Cep: Cepsiz Astar: Astars\u0131z \u00dcr\u00fcn Boyu: 85 cm Kal\u0131p Tipi: Rahat Kal\u0131p Mankenin Giydi\u011fi Beden: [&hellip;]<\/p>\n","protected":false},"featured_media":0,"comment_status":"open","ping_status":"closed","template":"","meta":[],"product_brand":[],"product_cat":[2050,1909],"product_tag":[5012,7419,7354],"class_list":{"0":"post-15081","1":"product","2":"type-product","3":"status-publish","5":"product_cat-blazer-ceketler","6":"product_cat-bluzlar-ve-gomlekler","7":"product_tag-elegant","8":"product_tag-gunluk","9":"product_tag-gunluk-giyim-2","10":"pa_brand-tugba","11":"pa_color-bej","12":"pa_size-4701","13":"pa_size-4706","14":"pa_size-4711","15":"pa_size-4713","16":"pa_size-4751","17":"pa_size-4749","19":"first","20":"instock","21":"sale","22":"shipping-taxable","23":"purchasable","24":"product-type-variable"},"_links":{"self":[{"href":"https:\/\/mod.wisdar.net\/tr\/wp-json\/wp\/v2\/product\/15081","targetHints":{"allow":["GET"]}}],"collection":[{"href":"https:\/\/mod.wisdar.net\/tr\/wp-json\/wp\/v2\/product"}],"about":[{"href":"https:\/\/mod.wisdar.net\/tr\/wp-json\/wp\/v2\/types\/product"}],"replies":[{"embeddable":true,"href":"https:\/\/mod.wisdar.net\/tr\/wp-json\/wp\/v2\/comments?post=15081"}],"wp:attachment":[{"href":"https:\/\/mod.wisdar.net\/tr\/wp-json\/wp\/v2\/media?parent=15081"}],"wp:term":[{"taxonomy":"product_brand","embeddable":true,"href":"https:\/\/mod.wisdar.net\/tr\/wp-json\/wp\/v2\/product_brand?post=15081"},{"taxonomy":"product_cat","embeddable":true,"href":"https:\/\/mod.wisdar.net\/tr\/wp-json\/wp\/v2\/product_cat?post=15081"},{"taxonomy":"product_tag","embeddable":true,"href":"https:\/\/mod.wisdar.net\/tr\/wp-json\/wp\/v2\/product_tag?post=15081"}],"curies":[{"name":"wp","href":"https:\/\/api.w.org\/{rel}","templated":true}]}}