{"id":150821,"date":"2026-02-22T22:49:38","date_gmt":"2026-02-22T22:49:38","guid":{"rendered":"https:\/\/modesthanim.com\/product\/kiz-bebek-pamuklu-cepli-firfirli-paca-genis-paca-denim-pantolon\/"},"modified":"2026-04-11T01:43:58","modified_gmt":"2026-04-11T01:43:58","slug":"kiz-bebek-pamuklu-cepli-firfirli-paca-genis-paca-denim-pantolon","status":"publish","type":"product","link":"https:\/\/mod.wisdar.net\/tr\/urun\/kiz-bebek-pamuklu-cepli-firfirli-paca-genis-paca-denim-pantolon\/","title":{"rendered":"K\u0131z Bebek Pamuklu Cepli F\u0131rf\u0131rl\u0131 Pa\u00e7a Geni\u015f Pa\u00e7a Denim Pantolon"},"content":{"rendered":"<p>Geni\u015f pa\u00e7a denim pantolon, yumu\u015fak dokusuyla miniklerin konforunu \u00f6n planda tutuyor. F\u0131rf\u0131rl\u0131 pa\u00e7a detay\u0131 ve geni\u015f kesimiyle sevimli bir g\u00f6r\u00fcn\u00fcm sa\u011fl\u0131yor. Cepli tasar\u0131m\u0131 ile fonksiyonelli\u011fi art\u0131r\u0131rken, g\u00fcnl\u00fck kullan\u0131mda pratiklik sunuyor. Rahat bel yap\u0131s\u0131 sayesinde hareket \u00f6zg\u00fcrl\u00fc\u011f\u00fc sa\u011flayan pantolon, miniklerin dolab\u0131n\u0131n favori par\u00e7as\u0131 olmaya aday.<\/p>\n<p>\u00dcr\u00fcn \u00d6zellikleri<br \/>\nKuma\u015f: %75 Pamuk, %25 Viskon<br \/>\nCep: 5 Cep<br \/>\nFit: Loose<br \/>\nKullan\u0131m Alan\u0131: G\u00fcnl\u00fck Giyim<\/p>\n<p>Koton k\u0131z bebek pantolon modelleri bebeklerin enerjisine her an e\u015flik etmeye haz\u0131r! Renkli ve e\u011flenceli tasar\u0131mlarla dolu Koton k\u0131z bebek koleksiyonunu ke\u015ffedin!<\/p>\n<p>\u00dcr\u00fcnlerimiz kimyasallara kar\u015f\u0131 test edilerek, t\u00fcm g\u00fcvenlik kurallar\u0131na uygun olarak \u00fcretilir. \u00dcr\u00fcnlerimizde sa\u011fl\u0131\u011fa zararl\u0131 boyalar ve a\u011f\u0131r metaller, tehlikeli yutulabilecek k\u00fc\u00e7\u00fck ve keskin par\u00e7alar, kordon ve ba\u011fc\u0131klar bulunmamaktad\u0131r.<br \/>\n\u0130ndigo \u00dcr\u00fcn Kullan\u0131m Bilgisi: \u00dcr\u00fcn\u00fcm\u00fczde kullan\u0131lan indigo boya, kullan\u0131m esnas\u0131nda giysilerinize bir miktar renk verebilir. \u0130lk y\u0131kama tersten ve tek ba\u015f\u0131na, sonraki y\u0131kamalarda ise yine tersten ve renkli \u00e7ama\u015f\u0131rlar ile birlikte y\u0131kaman\u0131z\u0131 tavsiye ederiz.<\/p>\n","protected":false},"excerpt":{"rendered":"<p>Geni\u015f pa\u00e7a denim pantolon, yumu\u015fak dokusuyla miniklerin konforunu \u00f6n planda tutuyor. F\u0131rf\u0131rl\u0131 pa\u00e7a detay\u0131 ve geni\u015f kesimiyle sevimli bir g\u00f6r\u00fcn\u00fcm sa\u011fl\u0131yor. Cepli tasar\u0131m\u0131 ile fonksiyonelli\u011fi art\u0131r\u0131rken, g\u00fcnl\u00fck kullan\u0131mda pratiklik sunuyor. Rahat bel yap\u0131s\u0131 sayesinde hareket \u00f6zg\u00fcrl\u00fc\u011f\u00fc sa\u011flayan pantolon, miniklerin dolab\u0131n\u0131n favori par\u00e7as\u0131 olmaya aday. \u00dcr\u00fcn \u00d6zellikleri Kuma\u015f: %75 Pamuk, %25 Viskon Cep: 5 Cep Fit: [&hellip;]<\/p>\n","protected":false},"featured_media":150816,"comment_status":"open","ping_status":"closed","template":"","meta":[],"product_brand":[],"product_cat":[8715,8694,8727,8697,8700],"product_tag":[7426],"class_list":{"0":"post-150821","1":"product","2":"type-product","3":"status-publish","4":"has-post-thumbnail","6":"product_cat-kiz-cocuklari-2-14-yas","7":"product_cat-cocuklar","8":"product_cat-pantolon","9":"product_cat-yenidogan-0-12-ay","10":"product_cat-yenidogan-giyim","11":"product_tag-gunluk-giyim-3","12":"pa_brand-koton","13":"pa_color-light-indigo","14":"pa_size-12-18-ay-2","15":"pa_size-18-24-ay-2","16":"pa_size-24-36-ay-2","17":"pa_size-3-4-yas-2","18":"pa_size-4-5-yas-2","19":"pa_size-9-12-ay-3","21":"first","22":"instock","23":"sale","24":"shipping-taxable","25":"purchasable","26":"product-type-variable"},"_links":{"self":[{"href":"https:\/\/mod.wisdar.net\/tr\/wp-json\/wp\/v2\/product\/150821","targetHints":{"allow":["GET"]}}],"collection":[{"href":"https:\/\/mod.wisdar.net\/tr\/wp-json\/wp\/v2\/product"}],"about":[{"href":"https:\/\/mod.wisdar.net\/tr\/wp-json\/wp\/v2\/types\/product"}],"replies":[{"embeddable":true,"href":"https:\/\/mod.wisdar.net\/tr\/wp-json\/wp\/v2\/comments?post=150821"}],"wp:featuredmedia":[{"embeddable":true,"href":"https:\/\/mod.wisdar.net\/tr\/wp-json\/wp\/v2\/media\/150816"}],"wp:attachment":[{"href":"https:\/\/mod.wisdar.net\/tr\/wp-json\/wp\/v2\/media?parent=150821"}],"wp:term":[{"taxonomy":"product_brand","embeddable":true,"href":"https:\/\/mod.wisdar.net\/tr\/wp-json\/wp\/v2\/product_brand?post=150821"},{"taxonomy":"product_cat","embeddable":true,"href":"https:\/\/mod.wisdar.net\/tr\/wp-json\/wp\/v2\/product_cat?post=150821"},{"taxonomy":"product_tag","embeddable":true,"href":"https:\/\/mod.wisdar.net\/tr\/wp-json\/wp\/v2\/product_tag?post=150821"}],"curies":[{"name":"wp","href":"https:\/\/api.w.org\/{rel}","templated":true}]}}