{"id":150902,"date":"2026-02-22T22:52:55","date_gmt":"2026-02-22T22:52:55","guid":{"rendered":"https:\/\/modesthanim.com\/product\/kiz-bebek-viskon-ve-keten-karisimli-beli-lastikli-brodeli-pantolon\/"},"modified":"2026-04-11T01:42:37","modified_gmt":"2026-04-11T01:42:37","slug":"kiz-bebek-viskon-ve-keten-karisimli-beli-lastikli-brodeli-pantolon","status":"publish","type":"product","link":"https:\/\/mod.wisdar.net\/tr\/urun\/kiz-bebek-viskon-ve-keten-karisimli-beli-lastikli-brodeli-pantolon\/","title":{"rendered":"K\u0131z Bebek Viskon ve Keten Kar\u0131\u015f\u0131ml\u0131 Beli Lastikli Brodeli Pantolon"},"content":{"rendered":"<p>Keten ve viskon kar\u0131\u015f\u0131ml\u0131 pantolon, minikler i\u00e7in konforlu bir se\u00e7enek sunuyor. Beli lastikli yap\u0131s\u0131yla rahatl\u0131k sa\u011flayan pantolon, yumu\u015fak dokusuyla hareket kolayl\u0131\u011f\u0131 sa\u011fl\u0131yor ve yaz aylar\u0131 i\u00e7in ideal bir tercih olu\u015fturuyor.<\/p>\n<p>\u00dcr\u00fcn \u00d6zellikleri<br \/>\nKuma\u015f: %73 Viskon, %27 Keten<br \/>\nDetay: Brode Detayl\u0131<br \/>\nKullan\u0131m Alan\u0131: G\u00fcnl\u00fck Giyim, \u00d6zel G\u00fcnler<\/p>\n<p>Kapan\u0131\u015f<br \/>\nKoton k\u0131z bebek giyim koleksiyonu, miniklere \u015f\u0131kl\u0131\u011f\u0131 ve rahatl\u0131\u011f\u0131 bir arada sunuyor! Bebe\u011finizin gard\u0131robunu keyifli par\u00e7alarla yenilemek i\u00e7in Koton Kids koleksiyonunu ke\u015ffedin!<\/p>\n<p>Bebe\u011finiz bu k\u0131yafet ile g\u00fcvende! \u00dcr\u00fcnlerimiz kimyasallara kar\u015f\u0131 test edilerek, t\u00fcm g\u00fcvenlik kurallar\u0131na uygun olarak \u00fcretilir. \u00dcr\u00fcnlerimizde sa\u011fl\u0131\u011fa zararl\u0131 boyalar ve a\u011f\u0131r metaller, tehlikeli yutulabilecek k\u00fc\u00e7\u00fck ve keskin par\u00e7alar, kordon ve ba\u011fc\u0131klar bulunmamaktad\u0131r.<\/p>\n","protected":false},"excerpt":{"rendered":"<p>Keten ve viskon kar\u0131\u015f\u0131ml\u0131 pantolon, minikler i\u00e7in konforlu bir se\u00e7enek sunuyor. Beli lastikli yap\u0131s\u0131yla rahatl\u0131k sa\u011flayan pantolon, yumu\u015fak dokusuyla hareket kolayl\u0131\u011f\u0131 sa\u011fl\u0131yor ve yaz aylar\u0131 i\u00e7in ideal bir tercih olu\u015fturuyor. \u00dcr\u00fcn \u00d6zellikleri Kuma\u015f: %73 Viskon, %27 Keten Detay: Brode Detayl\u0131 Kullan\u0131m Alan\u0131: G\u00fcnl\u00fck Giyim, \u00d6zel G\u00fcnler Kapan\u0131\u015f Koton k\u0131z bebek giyim koleksiyonu, miniklere \u015f\u0131kl\u0131\u011f\u0131 ve [&hellip;]<\/p>\n","protected":false},"featured_media":150898,"comment_status":"open","ping_status":"closed","template":"","meta":[],"product_brand":[],"product_cat":[8715,8694,8727],"product_tag":[6765,6751],"class_list":{"0":"post-150902","1":"product","2":"type-product","3":"status-publish","4":"has-post-thumbnail","6":"product_cat-kiz-cocuklari-2-14-yas","7":"product_cat-cocuklar","8":"product_cat-pantolon","9":"product_tag-lastikli-bel","10":"product_tag-rahat","11":"pa_brand-koton","12":"pa_color-bej","13":"pa_size-12-18-ay-2","14":"pa_size-18-24-ay-2","15":"pa_size-24-36-ay-2","16":"pa_size-3-4-yas-2","17":"pa_size-4-5-yas-2","18":"pa_size-9-12-ay-3","20":"first","21":"instock","22":"sale","23":"shipping-taxable","24":"purchasable","25":"product-type-variable"},"_links":{"self":[{"href":"https:\/\/mod.wisdar.net\/tr\/wp-json\/wp\/v2\/product\/150902","targetHints":{"allow":["GET"]}}],"collection":[{"href":"https:\/\/mod.wisdar.net\/tr\/wp-json\/wp\/v2\/product"}],"about":[{"href":"https:\/\/mod.wisdar.net\/tr\/wp-json\/wp\/v2\/types\/product"}],"replies":[{"embeddable":true,"href":"https:\/\/mod.wisdar.net\/tr\/wp-json\/wp\/v2\/comments?post=150902"}],"wp:featuredmedia":[{"embeddable":true,"href":"https:\/\/mod.wisdar.net\/tr\/wp-json\/wp\/v2\/media\/150898"}],"wp:attachment":[{"href":"https:\/\/mod.wisdar.net\/tr\/wp-json\/wp\/v2\/media?parent=150902"}],"wp:term":[{"taxonomy":"product_brand","embeddable":true,"href":"https:\/\/mod.wisdar.net\/tr\/wp-json\/wp\/v2\/product_brand?post=150902"},{"taxonomy":"product_cat","embeddable":true,"href":"https:\/\/mod.wisdar.net\/tr\/wp-json\/wp\/v2\/product_cat?post=150902"},{"taxonomy":"product_tag","embeddable":true,"href":"https:\/\/mod.wisdar.net\/tr\/wp-json\/wp\/v2\/product_tag?post=150902"}],"curies":[{"name":"wp","href":"https:\/\/api.w.org\/{rel}","templated":true}]}}