{"id":150958,"date":"2026-02-22T22:55:42","date_gmt":"2026-02-22T22:55:42","guid":{"rendered":"https:\/\/modesthanim.com\/product\/kiz-bebek-pamuklu-cep-detayli-beli-baglamali-muslin-pantolon\/"},"modified":"2026-04-11T01:41:48","modified_gmt":"2026-04-11T01:41:48","slug":"kiz-bebek-pamuklu-cep-detayli-beli-baglamali-muslin-pantolon","status":"publish","type":"product","link":"https:\/\/mod.wisdar.net\/tr\/urun\/kiz-bebek-pamuklu-cep-detayli-beli-baglamali-muslin-pantolon\/","title":{"rendered":"K\u0131z Bebek Pamuklu Cep Detayl\u0131 Beli Ba\u011flamal\u0131 M\u00fcslin Pantolon"},"content":{"rendered":"<p>M\u00fcslin pantolon, yumu\u015fak dokusuyla k\u00fc\u00e7\u00fckler i\u00e7in ideal bir se\u00e7enek sunuyor. Beli ba\u011flamal\u0131 tasar\u0131m\u0131 konfor sa\u011flarken miniklerin rahat\u00e7a hareket etmesine olanak tan\u0131yor. Cep detay\u0131, pantolona \u015f\u0131k bir hava katarken g\u00fcnl\u00fck kullan\u0131ma uygun bir stil sunuyor.<\/p>\n<p>\u00dcr\u00fcn \u00d6zellikleri<br \/>\nPa\u00e7a: Normal Pa\u00e7a<br \/>\nBel Tipi: Normal Bel<br \/>\nKuma\u015f: %100 Pamuk<\/p>\n<p>Bebe\u011finiz bu k\u0131yafet ile g\u00fcvende! \u00dcr\u00fcnlerimiz kimyasallara kar\u015f\u0131 test edilerek, t\u00fcm g\u00fcvenlik kurallar\u0131na uygun olarak \u00fcretilir. \u00dcr\u00fcnlerimizde sa\u011fl\u0131\u011fa zararl\u0131 boyalar ve a\u011f\u0131r metaller, tehlikeli yutulabilecek k\u00fc\u00e7\u00fck ve keskin par\u00e7alar, kordon ve ba\u011fc\u0131klar bulunmamaktad\u0131r.<\/p>\n<p>Koton k\u0131z bebek pantolon modelleri bebeklerin enerjisine her an e\u015flik etmeye haz\u0131r! Konforlu ve sevimli kombinler olu\u015fturman\u0131za imkan tan\u0131yan Koton bebek giyim koleksiyonunu \u015fimdi ke\u015ffedin!<\/p>\n<p>\u2014 Technical Details \u2014<br \/>\nsilhouette: Wide Leg<br \/>\nwaist_height: Standart Bel<br \/>\nproduct_type_style: Wide Leg<br \/>\nsub_brand: Kidswear<br \/>\nseller_manufacturer: Koton Ma\u011fazac\u0131l\u0131k Tekstil Sanayi ve Ticaret A.\u015e.<br \/>\naddress: Ayaza\u011fa Mah. Maslak Ayaza\u011fa Cad. No:3 \u0130\u00e7 Kap\u0131 No:5 Sar\u0131yer\/\u0130stanbul<br \/>\nemail: mim@koton.com<\/p>\n","protected":false},"excerpt":{"rendered":"<p>M\u00fcslin pantolon, yumu\u015fak dokusuyla k\u00fc\u00e7\u00fckler i\u00e7in ideal bir se\u00e7enek sunuyor. Beli ba\u011flamal\u0131 tasar\u0131m\u0131 konfor sa\u011flarken miniklerin rahat\u00e7a hareket etmesine olanak tan\u0131yor. Cep detay\u0131, pantolona \u015f\u0131k bir hava katarken g\u00fcnl\u00fck kullan\u0131ma uygun bir stil sunuyor. \u00dcr\u00fcn \u00d6zellikleri Pa\u00e7a: Normal Pa\u00e7a Bel Tipi: Normal Bel Kuma\u015f: %100 Pamuk Bebe\u011finiz bu k\u0131yafet ile g\u00fcvende! \u00dcr\u00fcnlerimiz kimyasallara kar\u015f\u0131 test [&hellip;]<\/p>\n","protected":false},"featured_media":150950,"comment_status":"open","ping_status":"closed","template":"","meta":[],"product_brand":[],"product_cat":[8715,8694,8727,8697,8700],"product_tag":[8048,8039,7565,6751],"class_list":{"0":"post-150958","1":"product","2":"type-product","3":"status-publish","4":"has-post-thumbnail","6":"product_cat-kiz-cocuklari-2-14-yas","7":"product_cat-cocuklar","8":"product_cat-pantolon","9":"product_cat-yenidogan-0-12-ay","10":"product_cat-yenidogan-giyim","11":"product_tag-cep-detayi","12":"product_tag-koton","13":"product_tag-muslin-kumas","14":"product_tag-rahat","15":"pa_brand-koton","16":"pa_color-yesil","17":"pa_size-12-18-ay-2","18":"pa_size-18-24-ay-2","19":"pa_size-24-36-ay-2","20":"pa_size-3-4-yas-2","21":"pa_size-4-5-yas-2","22":"pa_size-9-12-ay-3","24":"first","25":"instock","26":"sale","27":"shipping-taxable","28":"purchasable","29":"product-type-variable"},"_links":{"self":[{"href":"https:\/\/mod.wisdar.net\/tr\/wp-json\/wp\/v2\/product\/150958","targetHints":{"allow":["GET"]}}],"collection":[{"href":"https:\/\/mod.wisdar.net\/tr\/wp-json\/wp\/v2\/product"}],"about":[{"href":"https:\/\/mod.wisdar.net\/tr\/wp-json\/wp\/v2\/types\/product"}],"replies":[{"embeddable":true,"href":"https:\/\/mod.wisdar.net\/tr\/wp-json\/wp\/v2\/comments?post=150958"}],"wp:featuredmedia":[{"embeddable":true,"href":"https:\/\/mod.wisdar.net\/tr\/wp-json\/wp\/v2\/media\/150950"}],"wp:attachment":[{"href":"https:\/\/mod.wisdar.net\/tr\/wp-json\/wp\/v2\/media?parent=150958"}],"wp:term":[{"taxonomy":"product_brand","embeddable":true,"href":"https:\/\/mod.wisdar.net\/tr\/wp-json\/wp\/v2\/product_brand?post=150958"},{"taxonomy":"product_cat","embeddable":true,"href":"https:\/\/mod.wisdar.net\/tr\/wp-json\/wp\/v2\/product_cat?post=150958"},{"taxonomy":"product_tag","embeddable":true,"href":"https:\/\/mod.wisdar.net\/tr\/wp-json\/wp\/v2\/product_tag?post=150958"}],"curies":[{"name":"wp","href":"https:\/\/api.w.org\/{rel}","templated":true}]}}