{"id":150981,"date":"2026-02-22T22:56:04","date_gmt":"2026-02-22T22:56:04","guid":{"rendered":"https:\/\/modesthanim.com\/product\/erkek-bebek-uzun-kollu-bisiklet-yaka-pamuklu-5li-tisort-seti\/"},"modified":"2026-03-03T10:08:46","modified_gmt":"2026-03-03T10:08:46","slug":"erkek-bebek-uzun-kollu-bisiklet-yaka-pamuklu-5li-tisort-seti","status":"publish","type":"product","link":"https:\/\/mod.wisdar.net\/tr\/urun\/erkek-bebek-uzun-kollu-bisiklet-yaka-pamuklu-5li-tisort-seti\/","title":{"rendered":"Erkek Bebek Uzun Kollu Bisiklet Yaka Pamuklu 5&#8217;li Ti\u015f\u00f6rt Seti"},"content":{"rendered":"<p>Be\u015fli, pamuklu, uzun kollu ti\u015f\u00f6rt seti, miniklere g\u00fcn boyu konfor ve hareket \u00f6zg\u00fcrl\u00fc\u011f\u00fc sa\u011fl\u0131yor. Bisiklet yaka detaylar\u0131yla sade ve \u015f\u0131k bir tasar\u0131ma sahip olan ti\u015f\u00f6rtler, hem evde hem de d\u0131\u015far\u0131da rahatl\u0131kla kullan\u0131labiliyor. Be\u015f farkl\u0131 renk se\u00e7ene\u011fiyle sunulan set, kaliteli pamuk dokusuyla dikkat \u00e7ekiyor. Ti\u015f\u00f6rtler, yumu\u015fak kuma\u015f\u0131 sayesinde bebeklerin hassas cildine uyum sa\u011fl\u0131yor ve anne babalar\u0131n da g\u00f6n\u00fcl rahatl\u0131\u011f\u0131yla tercih edecekleri bir se\u00e7enek sunuyor.<\/p>\n<p>\u00dcr\u00fcn \u00d6zellikleri<br \/>\nKol Tipi: Uzun Kol<br \/>\nYaka Tipi: Bisiklet Yaka<br \/>\nKuma\u015f: %100 Pamuk<br \/>\nKullan\u0131m Alan\u0131: G\u00fcnl\u00fck Giyim<\/p>\n<p>Koton erkek bebek koleksiyonu, c\u0131v\u0131l c\u0131v\u0131l tasar\u0131mlar\u0131yla miniklerin kalbini \u00e7al\u0131yor! Erkek bebek giyim modellerini Koton\u2019da ke\u015ffedin!<\/p>\n<p>Bebe\u011finiz bu k\u0131yafet ile g\u00fcvende! \u00dcr\u00fcnlerimiz kimyasallara kar\u015f\u0131 test edilerek, t\u00fcm g\u00fcvenlik kurallar\u0131na uygun olarak \u00fcretilir. \u00dcr\u00fcnlerimizde sa\u011fl\u0131\u011fa zararl\u0131 boyalar ve a\u011f\u0131r metaller, tehlikeli yutulabilecek k\u00fc\u00e7\u00fck ve keskin par\u00e7alar, kordon ve ba\u011fc\u0131klar bulunmamaktad\u0131r.<br \/>\n\u00c7oklu paketlerimizde, \u00fcr\u00fcnlerin kuma\u015f bilgileri farkl\u0131l\u0131k g\u00f6sterebilir.<\/p>\n","protected":false},"excerpt":{"rendered":"<p>Be\u015fli, pamuklu, uzun kollu ti\u015f\u00f6rt seti, miniklere g\u00fcn boyu konfor ve hareket \u00f6zg\u00fcrl\u00fc\u011f\u00fc sa\u011fl\u0131yor. Bisiklet yaka detaylar\u0131yla sade ve \u015f\u0131k bir tasar\u0131ma sahip olan ti\u015f\u00f6rtler, hem evde hem de d\u0131\u015far\u0131da rahatl\u0131kla kullan\u0131labiliyor. Be\u015f farkl\u0131 renk se\u00e7ene\u011fiyle sunulan set, kaliteli pamuk dokusuyla dikkat \u00e7ekiyor. Ti\u015f\u00f6rtler, yumu\u015fak kuma\u015f\u0131 sayesinde bebeklerin hassas cildine uyum sa\u011fl\u0131yor ve anne babalar\u0131n [&hellip;]<\/p>\n","protected":false},"featured_media":150966,"comment_status":"open","ping_status":"closed","template":"","meta":[],"product_brand":[],"product_cat":[8694,8697,8700],"product_tag":[7354,8039,7488,6768],"class_list":{"0":"post-150981","1":"product","2":"type-product","3":"status-publish","4":"has-post-thumbnail","6":"product_cat-cocuklar","7":"product_cat-yenidogan-0-12-ay","8":"product_cat-yenidogan-giyim","9":"product_tag-gunluk-giyim-2","10":"product_tag-koton","11":"product_tag-pamuk","12":"product_tag-uzun-kol","13":"pa_brand-koton","14":"pa_color-gri","15":"pa_size-12-18-ay-2","16":"pa_size-18-24-ay-2","17":"pa_size-24-36-ay-2","18":"pa_size-3-4-yas-2","19":"pa_size-4-5-yas-2","20":"pa_size-9-12-ay-3","22":"first","23":"instock","24":"sale","25":"shipping-taxable","26":"purchasable","27":"product-type-variable"},"_links":{"self":[{"href":"https:\/\/mod.wisdar.net\/tr\/wp-json\/wp\/v2\/product\/150981","targetHints":{"allow":["GET"]}}],"collection":[{"href":"https:\/\/mod.wisdar.net\/tr\/wp-json\/wp\/v2\/product"}],"about":[{"href":"https:\/\/mod.wisdar.net\/tr\/wp-json\/wp\/v2\/types\/product"}],"replies":[{"embeddable":true,"href":"https:\/\/mod.wisdar.net\/tr\/wp-json\/wp\/v2\/comments?post=150981"}],"wp:featuredmedia":[{"embeddable":true,"href":"https:\/\/mod.wisdar.net\/tr\/wp-json\/wp\/v2\/media\/150966"}],"wp:attachment":[{"href":"https:\/\/mod.wisdar.net\/tr\/wp-json\/wp\/v2\/media?parent=150981"}],"wp:term":[{"taxonomy":"product_brand","embeddable":true,"href":"https:\/\/mod.wisdar.net\/tr\/wp-json\/wp\/v2\/product_brand?post=150981"},{"taxonomy":"product_cat","embeddable":true,"href":"https:\/\/mod.wisdar.net\/tr\/wp-json\/wp\/v2\/product_cat?post=150981"},{"taxonomy":"product_tag","embeddable":true,"href":"https:\/\/mod.wisdar.net\/tr\/wp-json\/wp\/v2\/product_tag?post=150981"}],"curies":[{"name":"wp","href":"https:\/\/api.w.org\/{rel}","templated":true}]}}