{"id":151022,"date":"2026-02-22T22:57:51","date_gmt":"2026-02-22T22:57:51","guid":{"rendered":"https:\/\/modesthanim.com\/product\/kiz-bebek-cicek-islemeli-cep-detayli-pamuklu-denim-etek\/"},"modified":"2026-04-02T21:25:09","modified_gmt":"2026-04-02T21:25:09","slug":"kiz-bebek-cicek-islemeli-cep-detayli-pamuklu-denim-etek","status":"publish","type":"product","link":"https:\/\/mod.wisdar.net\/tr\/urun\/kiz-bebek-cicek-islemeli-cep-detayli-pamuklu-denim-etek\/","title":{"rendered":"K\u0131z Bebek \u00c7i\u00e7ek \u0130\u015flemeli Cep Detayl\u0131 Pamuklu Denim Etek"},"content":{"rendered":"<p>\u00c7i\u00e7ek i\u015flemeli, cep detayl\u0131 denim etek miniklerin gard\u0131robuna sevimli bir dokunu\u015f kat\u0131yor. Beli lastikli tasar\u0131m\u0131, hareket \u00f6zg\u00fcrl\u00fc\u011f\u00fc sa\u011flarken, kaliteli kuma\u015f\u0131 ve \u00e7i\u00e7ek i\u015flemeleri ile g\u00fcnl\u00fck kullan\u0131m i\u00e7in ideal ve \u015f\u0131k bir se\u00e7enek sunuyor. Pamuklu etek, kolayca giyip \u00e7\u0131kar\u0131labilen elastik beli ile \u00e7ocuklar i\u00e7in pratik bir deneyim sa\u011fl\u0131yor.<\/p>\n<p>\u00dcr\u00fcn \u00d6zellikleri<br \/>\nDetay: Cep Detayl\u0131, \u00c7i\u00e7ek \u0130\u015flemeli<br \/>\nKuma\u015f: %100 Pamuk<\/p>\n<p>Bebe\u011finiz bu k\u0131yafet ile g\u00fcvende! \u00dcr\u00fcnlerimiz kimyasallara kar\u015f\u0131 test edilerek, t\u00fcm g\u00fcvenlik kurallar\u0131na uygun olarak \u00fcretilir. \u00dcr\u00fcnlerimizde sa\u011fl\u0131\u011fa zararl\u0131 boyalar ve a\u011f\u0131r metaller, tehlikeli yutulabilecek k\u00fc\u00e7\u00fck ve keskin par\u00e7alar, kordon ve ba\u011fc\u0131klar bulunmamaktad\u0131r.<\/p>\n<p>Koton k\u0131z bebek etek modelleri, bebeklerin enerjisine her an e\u015flik etmeye haz\u0131r!<\/p>\n","protected":false},"excerpt":{"rendered":"<p>\u00c7i\u00e7ek i\u015flemeli, cep detayl\u0131 denim etek miniklerin gard\u0131robuna sevimli bir dokunu\u015f kat\u0131yor. Beli lastikli tasar\u0131m\u0131, hareket \u00f6zg\u00fcrl\u00fc\u011f\u00fc sa\u011flarken, kaliteli kuma\u015f\u0131 ve \u00e7i\u00e7ek i\u015flemeleri ile g\u00fcnl\u00fck kullan\u0131m i\u00e7in ideal ve \u015f\u0131k bir se\u00e7enek sunuyor. Pamuklu etek, kolayca giyip \u00e7\u0131kar\u0131labilen elastik beli ile \u00e7ocuklar i\u00e7in pratik bir deneyim sa\u011fl\u0131yor. \u00dcr\u00fcn \u00d6zellikleri Detay: Cep Detayl\u0131, \u00c7i\u00e7ek \u0130\u015flemeli Kuma\u015f: [&hellip;]<\/p>\n","protected":false},"featured_media":151019,"comment_status":"open","ping_status":"closed","template":"","meta":[],"product_brand":[],"product_cat":[8718,8715,8694],"product_tag":[8048,7354,6765],"class_list":{"0":"post-151022","1":"product","2":"type-product","3":"status-publish","4":"has-post-thumbnail","6":"product_cat-elbiseler-etekler","7":"product_cat-kiz-cocuklari-2-14-yas","8":"product_cat-cocuklar","9":"product_tag-cep-detayi","10":"product_tag-gunluk-giyim-2","11":"product_tag-lastikli-bel","12":"pa_brand-koton","13":"pa_color-bej","14":"pa_size-12-18-ay-2","15":"pa_size-18-24-ay-2","16":"pa_size-24-36-ay-2","17":"pa_size-3-4-yas-2","18":"pa_size-4-5-yas-2","19":"pa_size-9-12-ay-3","21":"first","22":"outofstock","23":"shipping-taxable","24":"product-type-variable"},"_links":{"self":[{"href":"https:\/\/mod.wisdar.net\/tr\/wp-json\/wp\/v2\/product\/151022","targetHints":{"allow":["GET"]}}],"collection":[{"href":"https:\/\/mod.wisdar.net\/tr\/wp-json\/wp\/v2\/product"}],"about":[{"href":"https:\/\/mod.wisdar.net\/tr\/wp-json\/wp\/v2\/types\/product"}],"replies":[{"embeddable":true,"href":"https:\/\/mod.wisdar.net\/tr\/wp-json\/wp\/v2\/comments?post=151022"}],"wp:featuredmedia":[{"embeddable":true,"href":"https:\/\/mod.wisdar.net\/tr\/wp-json\/wp\/v2\/media\/151019"}],"wp:attachment":[{"href":"https:\/\/mod.wisdar.net\/tr\/wp-json\/wp\/v2\/media?parent=151022"}],"wp:term":[{"taxonomy":"product_brand","embeddable":true,"href":"https:\/\/mod.wisdar.net\/tr\/wp-json\/wp\/v2\/product_brand?post=151022"},{"taxonomy":"product_cat","embeddable":true,"href":"https:\/\/mod.wisdar.net\/tr\/wp-json\/wp\/v2\/product_cat?post=151022"},{"taxonomy":"product_tag","embeddable":true,"href":"https:\/\/mod.wisdar.net\/tr\/wp-json\/wp\/v2\/product_tag?post=151022"}],"curies":[{"name":"wp","href":"https:\/\/api.w.org\/{rel}","templated":true}]}}