{"id":151058,"date":"2026-02-22T22:59:21","date_gmt":"2026-02-22T22:59:21","guid":{"rendered":"https:\/\/modesthanim.com\/product\/kiz-bebek-beli-lastikli-katli-desenli-pamuklu-etek\/"},"modified":"2026-04-04T00:53:14","modified_gmt":"2026-04-04T00:53:14","slug":"kiz-bebek-beli-lastikli-katli-desenli-pamuklu-etek","status":"publish","type":"product","link":"https:\/\/mod.wisdar.net\/tr\/urun\/kiz-bebek-beli-lastikli-katli-desenli-pamuklu-etek\/","title":{"rendered":"K\u0131z Bebek Beli Lastikli Katl\u0131 Desenli Pamuklu Etek"},"content":{"rendered":"<p>Enerji dolu tasar\u0131m\u0131yla minikler i\u00e7in ideal olan etek, yumu\u015fak pamuklu dokusuyla rahatl\u0131k sa\u011fl\u0131yor. Kat detayl\u0131 yap\u0131s\u0131 ve canl\u0131 desenleri \u00e7ocuklar\u0131n ne\u015fesine ne\u015fe kat\u0131yor. Rahat kesimiyle hareket \u00f6zg\u00fcrl\u00fc\u011f\u00fc sunarak etek, oyun zamanlar\u0131na keyif kat\u0131yor.<\/p>\n<p>\u00dcr\u00fcn \u00d6zellikleri<br \/>\nKuma\u015f: %100 Pamuk<br \/>\nBoy: Diz \u00dcst\u00fc<br \/>\nStil: Kat Detayl\u0131<br \/>\nKullan\u0131m Alan\u0131: G\u00fcnl\u00fck Giyim<\/p>\n<p>Kapan\u0131\u015f<br \/>\nKoton k\u0131z bebek etek koleksiyonu, her ad\u0131mda rahatl\u0131k ve stil sunuyor. Hareketli desenleriyle bebeklerin kalbini \u00e7alan etek, ebeveynler taraf\u0131ndan da \u00e7ok be\u011feniliyor!<\/p>\n<p>Bebe\u011finiz bu k\u0131yafet ile g\u00fcvende! \u00dcr\u00fcnlerimiz kimyasallara kar\u015f\u0131 test edilerek, t\u00fcm g\u00fcvenlik kurallar\u0131na uygun olarak \u00fcretilir. \u00dcr\u00fcnlerimizde sa\u011fl\u0131\u011fa zararl\u0131 boyalar ve a\u011f\u0131r metaller, tehlikeli yutulabilecek k\u00fc\u00e7\u00fck ve keskin par\u00e7alar, kordon ve ba\u011fc\u0131klar bulunmamaktad\u0131r.<\/p>\n<p>\u2014 Technical Details \u2014<br \/>\nKuma\u015f: %100 PAMUK<br \/>\nAstar: %100 PAMUK<br \/>\nSil\u00fcet: Katmanl\u0131<br \/>\nBel Y\u00fcksekli\u011fi: Standart Bel<br \/>\n\u00dcr\u00fcn Tipi \/ Stil: Katmanl\u0131<br \/>\n\u00dcr\u00fcn\u00fcn Alt Markas\u0131: Kidswear<br \/>\nSat\u0131c\u0131\/\u0130malat\u00e7\u0131\/\u0130thalat\u00e7\u0131 \u0130smi: Koton Ma\u011fazac\u0131l\u0131k Tekstil Sanayi ve Ticaret A.\u015e.<br \/>\nPosta Adresi: Ayaza\u011fa Mah. Maslak Ayaza\u011fa Cad. No:3 \u0130\u00e7 Kap\u0131 No:5 Sar\u0131yer\/\u0130stanbul<br \/>\nE-Posta Adresi: mim@koton.com<\/p>\n","protected":false},"excerpt":{"rendered":"<p>Enerji dolu tasar\u0131m\u0131yla minikler i\u00e7in ideal olan etek, yumu\u015fak pamuklu dokusuyla rahatl\u0131k sa\u011fl\u0131yor. Kat detayl\u0131 yap\u0131s\u0131 ve canl\u0131 desenleri \u00e7ocuklar\u0131n ne\u015fesine ne\u015fe kat\u0131yor. Rahat kesimiyle hareket \u00f6zg\u00fcrl\u00fc\u011f\u00fc sunarak etek, oyun zamanlar\u0131na keyif kat\u0131yor. \u00dcr\u00fcn \u00d6zellikleri Kuma\u015f: %100 Pamuk Boy: Diz \u00dcst\u00fc Stil: Kat Detayl\u0131 Kullan\u0131m Alan\u0131: G\u00fcnl\u00fck Giyim Kapan\u0131\u015f Koton k\u0131z bebek etek koleksiyonu, her [&hellip;]<\/p>\n","protected":false},"featured_media":151055,"comment_status":"open","ping_status":"closed","template":"","meta":[],"product_brand":[],"product_cat":[8718,8715,8694],"product_tag":[7426,6765],"class_list":{"0":"post-151058","1":"product","2":"type-product","3":"status-publish","4":"has-post-thumbnail","6":"product_cat-elbiseler-etekler","7":"product_cat-kiz-cocuklari-2-14-yas","8":"product_cat-cocuklar","9":"product_tag-gunluk-giyim-3","10":"product_tag-lastikli-bel","11":"pa_brand-koton","12":"pa_color-bej-desenli","13":"pa_size-12-18-ay-2","14":"pa_size-18-24-ay-2","15":"pa_size-24-36-ay-2","16":"pa_size-3-4-yas-2","17":"pa_size-4-5-yas-2","18":"pa_size-9-12-ay-3","20":"first","21":"outofstock","22":"shipping-taxable","23":"product-type-variable"},"_links":{"self":[{"href":"https:\/\/mod.wisdar.net\/tr\/wp-json\/wp\/v2\/product\/151058","targetHints":{"allow":["GET"]}}],"collection":[{"href":"https:\/\/mod.wisdar.net\/tr\/wp-json\/wp\/v2\/product"}],"about":[{"href":"https:\/\/mod.wisdar.net\/tr\/wp-json\/wp\/v2\/types\/product"}],"replies":[{"embeddable":true,"href":"https:\/\/mod.wisdar.net\/tr\/wp-json\/wp\/v2\/comments?post=151058"}],"wp:featuredmedia":[{"embeddable":true,"href":"https:\/\/mod.wisdar.net\/tr\/wp-json\/wp\/v2\/media\/151055"}],"wp:attachment":[{"href":"https:\/\/mod.wisdar.net\/tr\/wp-json\/wp\/v2\/media?parent=151058"}],"wp:term":[{"taxonomy":"product_brand","embeddable":true,"href":"https:\/\/mod.wisdar.net\/tr\/wp-json\/wp\/v2\/product_brand?post=151058"},{"taxonomy":"product_cat","embeddable":true,"href":"https:\/\/mod.wisdar.net\/tr\/wp-json\/wp\/v2\/product_cat?post=151058"},{"taxonomy":"product_tag","embeddable":true,"href":"https:\/\/mod.wisdar.net\/tr\/wp-json\/wp\/v2\/product_tag?post=151058"}],"curies":[{"name":"wp","href":"https:\/\/api.w.org\/{rel}","templated":true}]}}