{"id":151092,"date":"2026-02-22T23:00:24","date_gmt":"2026-02-22T23:00:24","guid":{"rendered":"https:\/\/modesthanim.com\/product\/kiz-bebek-pamuklu-a-kesim-diz-ustu-pileli-kadife-etek\/"},"modified":"2026-04-04T00:53:20","modified_gmt":"2026-04-04T00:53:20","slug":"kiz-bebek-pamuklu-a-kesim-diz-ustu-pileli-kadife-etek","status":"publish","type":"product","link":"https:\/\/mod.wisdar.net\/tr\/urun\/kiz-bebek-pamuklu-a-kesim-diz-ustu-pileli-kadife-etek\/","title":{"rendered":"K\u0131z Bebek Pamuklu A Kesim Diz \u00dcst\u00fc Pileli Kadife Etek"},"content":{"rendered":"<p>Pileli tasar\u0131m\u0131 ve pamuklu dokusuyla dikkat \u00e7eken etek, minikler i\u00e7in sevimli bir giyim se\u00e7ene\u011fi sunuyor. A kesim modeli ile rahatl\u0131k sa\u011flarken, pileli tasar\u0131m\u0131 da sevimli bir g\u00f6r\u00fcn\u00fcm kat\u0131yor.<\/p>\n<p>\u00dcr\u00fcn \u00d6zellikleri<br \/>\nKuma\u015f: %100 Pamuk<br \/>\nBel Tipi: Normal Bel<br \/>\nBoy: Diz \u00dcst\u00fc<br \/>\nSiluet: A Kesim<br \/>\nDetay: Pileli<br \/>\nKullan\u0131m Alan\u0131: G\u00fcnl\u00fck Giyim<\/p>\n<p>Koton k\u0131z bebek koleksiyonu, miniklerin giyim tarz\u0131n\u0131 sevimli ve rahat \u015fekilde sunuyor! Miniklerin enerjisine uyum sa\u011flayan tasar\u0131mlar\u0131yla Koton Kids koleksiyonu bebeklerin favorisi oluyor!<\/p>\n<p>\u00dcr\u00fcnlerimiz kimyasallara kar\u015f\u0131 test edilerek, t\u00fcm g\u00fcvenlik kurallar\u0131na uygun olarak \u00fcretilir. \u00dcr\u00fcnlerimizde sa\u011fl\u0131\u011fa zararl\u0131 boyalar ve a\u011f\u0131r metaller, tehlikeli yutulabilecek k\u00fc\u00e7\u00fck ve keskin par\u00e7alar, kordon ve ba\u011fc\u0131klar bulunmamaktad\u0131r.<\/p>\n<p>\u2014 Technical Details \u2014<br \/>\nKuma\u015f: %100 PAMUK<br \/>\nSil\u00fcet: A Form<br \/>\nBel Y\u00fcksekli\u011fi: Standart Bel<br \/>\n\u00dcr\u00fcn Tipi \/ Stil: A Form<br \/>\n\u00dcr\u00fcn\u00fcn Alt Markas\u0131: Kidswear<br \/>\nSat\u0131c\u0131\/\u0130malat\u00e7\u0131\/\u0130thalat\u00e7\u0131 \u0130smi: Koton Ma\u011fazac\u0131l\u0131k Tekstil Sanayi ve Ticaret A.\u015e.<br \/>\nPosta Adresi: Ayaza\u011fa Mah. Maslak Ayaza\u011fa Cad. No:3 \u0130\u00e7 Kap\u0131 No:5 Sar\u0131yer\/\u0130stanbul<br \/>\nE-Posta Adresi: mim@koton.com<\/p>\n","protected":false},"excerpt":{"rendered":"<p>Pileli tasar\u0131m\u0131 ve pamuklu dokusuyla dikkat \u00e7eken etek, minikler i\u00e7in sevimli bir giyim se\u00e7ene\u011fi sunuyor. A kesim modeli ile rahatl\u0131k sa\u011flarken, pileli tasar\u0131m\u0131 da sevimli bir g\u00f6r\u00fcn\u00fcm kat\u0131yor. \u00dcr\u00fcn \u00d6zellikleri Kuma\u015f: %100 Pamuk Bel Tipi: Normal Bel Boy: Diz \u00dcst\u00fc Siluet: A Kesim Detay: Pileli Kullan\u0131m Alan\u0131: G\u00fcnl\u00fck Giyim Koton k\u0131z bebek koleksiyonu, miniklerin giyim [&hellip;]<\/p>\n","protected":false},"featured_media":151089,"comment_status":"open","ping_status":"closed","template":"","meta":[],"product_brand":[],"product_cat":[8718,8715,8694],"product_tag":[4848,7426,7600],"class_list":{"0":"post-151092","1":"product","2":"type-product","3":"status-publish","4":"has-post-thumbnail","6":"product_cat-elbiseler-etekler","7":"product_cat-kiz-cocuklari-2-14-yas","8":"product_cat-cocuklar","9":"product_tag-a-line-skirt","10":"product_tag-gunluk-giyim-3","11":"product_tag-pileli-etek","12":"pa_brand-koton","13":"pa_color-pembe","14":"pa_size-12-18-ay-2","15":"pa_size-18-24-ay-2","16":"pa_size-24-36-ay-2","17":"pa_size-3-4-yas-2","18":"pa_size-4-5-yas-2","19":"pa_size-9-12-ay-3","21":"first","22":"instock","23":"sale","24":"shipping-taxable","25":"purchasable","26":"product-type-variable"},"_links":{"self":[{"href":"https:\/\/mod.wisdar.net\/tr\/wp-json\/wp\/v2\/product\/151092","targetHints":{"allow":["GET"]}}],"collection":[{"href":"https:\/\/mod.wisdar.net\/tr\/wp-json\/wp\/v2\/product"}],"about":[{"href":"https:\/\/mod.wisdar.net\/tr\/wp-json\/wp\/v2\/types\/product"}],"replies":[{"embeddable":true,"href":"https:\/\/mod.wisdar.net\/tr\/wp-json\/wp\/v2\/comments?post=151092"}],"wp:featuredmedia":[{"embeddable":true,"href":"https:\/\/mod.wisdar.net\/tr\/wp-json\/wp\/v2\/media\/151089"}],"wp:attachment":[{"href":"https:\/\/mod.wisdar.net\/tr\/wp-json\/wp\/v2\/media?parent=151092"}],"wp:term":[{"taxonomy":"product_brand","embeddable":true,"href":"https:\/\/mod.wisdar.net\/tr\/wp-json\/wp\/v2\/product_brand?post=151092"},{"taxonomy":"product_cat","embeddable":true,"href":"https:\/\/mod.wisdar.net\/tr\/wp-json\/wp\/v2\/product_cat?post=151092"},{"taxonomy":"product_tag","embeddable":true,"href":"https:\/\/mod.wisdar.net\/tr\/wp-json\/wp\/v2\/product_tag?post=151092"}],"curies":[{"name":"wp","href":"https:\/\/api.w.org\/{rel}","templated":true}]}}