{"id":151126,"date":"2026-02-22T23:01:23","date_gmt":"2026-02-22T23:01:23","guid":{"rendered":"https:\/\/modesthanim.com\/product\/kiz-bebek-beli-lastikli-pariltili-ekoseli-tutu-etek\/"},"modified":"2026-04-11T01:31:21","modified_gmt":"2026-04-11T01:31:21","slug":"kiz-bebek-beli-lastikli-pariltili-ekoseli-tutu-etek","status":"publish","type":"product","link":"https:\/\/mod.wisdar.net\/tr\/urun\/kiz-bebek-beli-lastikli-pariltili-ekoseli-tutu-etek\/","title":{"rendered":"K\u0131z Bebek Beli Lastikli Par\u0131lt\u0131l\u0131 Ekoseli T\u00fct\u00fc Etek"},"content":{"rendered":"<p>Minikler i\u00e7in tasarlanan t\u00fct\u00fc etek, canl\u0131 renkleri ve t\u00fcl detaylar\u0131yla g\u00f6z al\u0131yor. Ekose deseni enerjik bir hava katarken, rahat kesimiyle hareket \u00f6zg\u00fcrl\u00fc\u011f\u00fc sunuyor. T\u00fcl detaylar\u0131 ve lastikli beliyle g\u00fcn boyu konfor vaat ediyor. Par\u0131lt\u0131l\u0131 tasar\u0131m\u0131yla miniklerin favorisi olacak etek, \u00f6zel g\u00fcnlere de \u015f\u0131kl\u0131k kat\u0131yor. \u00dcr\u00fcn \u00d6zellikleri Bel Tipi: Normal Bel Detay: T\u00fcl Detayl\u0131 Desen: Ekose Kullan\u0131m Alan\u0131: \u00d6zel G\u00fcnler, G\u00fcnl\u00fck Giyim Koton k\u0131z bebek giyim koleksiyonu, sevimli ve renkli tasar\u0131mlar\u0131yla miniklerin d\u00fcnyas\u0131na ne\u015fe kat\u0131yor! Koton Kids ile rengarenk giysileri ke\u015ffedin! \u00dcr\u00fcnlerimiz kimyasallara kar\u015f\u0131 test edilerek, t\u00fcm g\u00fcvenlik kurallar\u0131na uygun olarak \u00fcretilir. \u00dcr\u00fcnlerimizde sa\u011fl\u0131\u011fa zararl\u0131 boyalar ve a\u011f\u0131r metaller, tehlikeli yutulabilecek k\u00fc\u00e7\u00fck ve keskin par\u00e7alar, kordon ve ba\u011fc\u0131klar bulunmamaktad\u0131r.<\/p>\n<p>\u2014 Technical Details \u2014<br \/>\nSil\u00fcet: T\u00fct\u00fc Etek<br \/>\nBel Y\u00fcksekli\u011fi: Standart Bel<br \/>\n\u00dcr\u00fcn Tipi \/ Stil: T\u00fct\u00fc Etek<br \/>\n\u00dcr\u00fcn\u00fcn Alt Markas\u0131: Kidswear<br \/>\nSat\u0131c\u0131\/\u0130malat\u00e7\u0131\/\u0130thalat\u00e7\u0131 \u0130smi: Koton Ma\u011fazac\u0131l\u0131k Tekstil Sanayi ve Ticaret A.\u015e.<br \/>\nPosta Adresi: Ayaza\u011fa Mah. Maslak Ayaza\u011fa Cad. No:3 \u0130\u00e7 Kap\u0131 No:5 Sar\u0131yer\/\u0130stanbul<br \/>\nE-Posta Adresi: mim@koton.com<\/p>\n","protected":false},"excerpt":{"rendered":"<p>Minikler i\u00e7in tasarlanan t\u00fct\u00fc etek, canl\u0131 renkleri ve t\u00fcl detaylar\u0131yla g\u00f6z al\u0131yor. Ekose deseni enerjik bir hava katarken, rahat kesimiyle hareket \u00f6zg\u00fcrl\u00fc\u011f\u00fc sunuyor. T\u00fcl detaylar\u0131 ve lastikli beliyle g\u00fcn boyu konfor vaat ediyor. Par\u0131lt\u0131l\u0131 tasar\u0131m\u0131yla miniklerin favorisi olacak etek, \u00f6zel g\u00fcnlere de \u015f\u0131kl\u0131k kat\u0131yor. \u00dcr\u00fcn \u00d6zellikleri Bel Tipi: Normal Bel Detay: T\u00fcl Detayl\u0131 Desen: Ekose [&hellip;]<\/p>\n","protected":false},"featured_media":151123,"comment_status":"open","ping_status":"closed","template":"","meta":[],"product_brand":[],"product_cat":[8718,8715,8694],"product_tag":[6909,7354,6765,6772],"class_list":{"0":"post-151126","1":"product","2":"type-product","3":"status-publish","4":"has-post-thumbnail","6":"product_cat-elbiseler-etekler","7":"product_cat-kiz-cocuklari-2-14-yas","8":"product_cat-cocuklar","9":"product_tag-ekose-desen","10":"product_tag-gunluk-giyim-2","11":"product_tag-lastikli-bel","12":"product_tag-ozel-gun","13":"pa_brand-koton","14":"pa_color-kirmizi-ekose","15":"pa_size-12-18-ay-2","16":"pa_size-18-24-ay-2","17":"pa_size-24-36-ay-2","18":"pa_size-3-4-yas-2","19":"pa_size-4-5-yas-2","20":"pa_size-9-12-ay-3","22":"first","23":"instock","24":"sale","25":"shipping-taxable","26":"purchasable","27":"product-type-variable"},"_links":{"self":[{"href":"https:\/\/mod.wisdar.net\/tr\/wp-json\/wp\/v2\/product\/151126","targetHints":{"allow":["GET"]}}],"collection":[{"href":"https:\/\/mod.wisdar.net\/tr\/wp-json\/wp\/v2\/product"}],"about":[{"href":"https:\/\/mod.wisdar.net\/tr\/wp-json\/wp\/v2\/types\/product"}],"replies":[{"embeddable":true,"href":"https:\/\/mod.wisdar.net\/tr\/wp-json\/wp\/v2\/comments?post=151126"}],"wp:featuredmedia":[{"embeddable":true,"href":"https:\/\/mod.wisdar.net\/tr\/wp-json\/wp\/v2\/media\/151123"}],"wp:attachment":[{"href":"https:\/\/mod.wisdar.net\/tr\/wp-json\/wp\/v2\/media?parent=151126"}],"wp:term":[{"taxonomy":"product_brand","embeddable":true,"href":"https:\/\/mod.wisdar.net\/tr\/wp-json\/wp\/v2\/product_brand?post=151126"},{"taxonomy":"product_cat","embeddable":true,"href":"https:\/\/mod.wisdar.net\/tr\/wp-json\/wp\/v2\/product_cat?post=151126"},{"taxonomy":"product_tag","embeddable":true,"href":"https:\/\/mod.wisdar.net\/tr\/wp-json\/wp\/v2\/product_tag?post=151126"}],"curies":[{"name":"wp","href":"https:\/\/api.w.org\/{rel}","templated":true}]}}