{"id":151166,"date":"2026-02-22T23:02:54","date_gmt":"2026-02-22T23:02:54","guid":{"rendered":"https:\/\/modesthanim.com\/product\/kiz-bebek-firfirli-katmanli-beli-lastikli-brodeli-etek\/"},"modified":"2026-04-02T21:53:39","modified_gmt":"2026-04-02T21:53:39","slug":"kiz-bebek-firfirli-katmanli-beli-lastikli-brodeli-etek","status":"publish","type":"product","link":"https:\/\/mod.wisdar.net\/tr\/urun\/kiz-bebek-firfirli-katmanli-beli-lastikli-brodeli-etek\/","title":{"rendered":"K\u0131z Bebek F\u0131rf\u0131rl\u0131 Katmanl\u0131 Beli Lastikli Brodeli Etek"},"content":{"rendered":"<p>Bebekler i\u00e7in tasarlanan bu katmanl\u0131 etek, f\u0131rf\u0131r detaylar\u0131yla \u015firin bir stil sunuyor. Lastikli beli sayesinde hareket \u00f6zg\u00fcrl\u00fc\u011f\u00fc sa\u011flarken kat kat yap\u0131s\u0131yla da enerjik bir g\u00f6r\u00fcn\u00fcm kazand\u0131r\u0131yor. Bebeklerin rahat\u00e7a hareket etmesine olanak tan\u0131yan etek, sevimli bir stil ve pratik bir kullan\u0131m sunuyor. \u00dcr\u00fcn \u00d6zellikleri Bel Tipi: Normal Bel Fit: Regular Koton k\u0131z bebek etek koleksiyonu, sevimli ve pratik tasar\u0131mlar\u0131yla miniklerin gard\u0131robuna renk kat\u0131yor. E\u011flenceli ve enerjik Koton bebek koleksiyonunu ke\u015ffedin! \u00dcr\u00fcnlerimiz kimyasallara kar\u015f\u0131 test edilerek, t\u00fcm g\u00fcvenlik kurallar\u0131na uygun olarak \u00fcretilir. \u00dcr\u00fcnlerimizde sa\u011fl\u0131\u011fa zararl\u0131 boyalar ve a\u011f\u0131r metaller, tehlikeli yutulabilecek k\u00fc\u00e7\u00fck ve keskin par\u00e7alar, kordon ve ba\u011fc\u0131klar bulunmamaktad\u0131r.<\/p>\n","protected":false},"excerpt":{"rendered":"<p>Bebekler i\u00e7in tasarlanan bu katmanl\u0131 etek, f\u0131rf\u0131r detaylar\u0131yla \u015firin bir stil sunuyor. Lastikli beli sayesinde hareket \u00f6zg\u00fcrl\u00fc\u011f\u00fc sa\u011flarken kat kat yap\u0131s\u0131yla da enerjik bir g\u00f6r\u00fcn\u00fcm kazand\u0131r\u0131yor. Bebeklerin rahat\u00e7a hareket etmesine olanak tan\u0131yan etek, sevimli bir stil ve pratik bir kullan\u0131m sunuyor. \u00dcr\u00fcn \u00d6zellikleri Bel Tipi: Normal Bel Fit: Regular Koton k\u0131z bebek etek koleksiyonu, sevimli [&hellip;]<\/p>\n","protected":false},"featured_media":151162,"comment_status":"open","ping_status":"closed","template":"","meta":[],"product_brand":[],"product_cat":[8718,8715,8694],"product_tag":[6765],"class_list":{"0":"post-151166","1":"product","2":"type-product","3":"status-publish","4":"has-post-thumbnail","6":"product_cat-elbiseler-etekler","7":"product_cat-kiz-cocuklari-2-14-yas","8":"product_cat-cocuklar","9":"product_tag-lastikli-bel","10":"pa_brand-koton","11":"pa_color-pembe","12":"pa_size-12-18-ay-2","13":"pa_size-18-24-ay-2","14":"pa_size-24-36-ay-2","15":"pa_size-3-4-yas-2","16":"pa_size-4-5-yas-2","17":"pa_size-9-12-ay-3","19":"first","20":"outofstock","21":"shipping-taxable","22":"product-type-variable"},"_links":{"self":[{"href":"https:\/\/mod.wisdar.net\/tr\/wp-json\/wp\/v2\/product\/151166","targetHints":{"allow":["GET"]}}],"collection":[{"href":"https:\/\/mod.wisdar.net\/tr\/wp-json\/wp\/v2\/product"}],"about":[{"href":"https:\/\/mod.wisdar.net\/tr\/wp-json\/wp\/v2\/types\/product"}],"replies":[{"embeddable":true,"href":"https:\/\/mod.wisdar.net\/tr\/wp-json\/wp\/v2\/comments?post=151166"}],"wp:featuredmedia":[{"embeddable":true,"href":"https:\/\/mod.wisdar.net\/tr\/wp-json\/wp\/v2\/media\/151162"}],"wp:attachment":[{"href":"https:\/\/mod.wisdar.net\/tr\/wp-json\/wp\/v2\/media?parent=151166"}],"wp:term":[{"taxonomy":"product_brand","embeddable":true,"href":"https:\/\/mod.wisdar.net\/tr\/wp-json\/wp\/v2\/product_brand?post=151166"},{"taxonomy":"product_cat","embeddable":true,"href":"https:\/\/mod.wisdar.net\/tr\/wp-json\/wp\/v2\/product_cat?post=151166"},{"taxonomy":"product_tag","embeddable":true,"href":"https:\/\/mod.wisdar.net\/tr\/wp-json\/wp\/v2\/product_tag?post=151166"}],"curies":[{"name":"wp","href":"https:\/\/api.w.org\/{rel}","templated":true}]}}