{"id":151198,"date":"2026-02-22T23:03:36","date_gmt":"2026-02-22T23:03:36","guid":{"rendered":"https:\/\/modesthanim.com\/product\/kiz-bebek-viskon-karisimli-balon-form-puantiyeli-etek\/"},"modified":"2026-04-15T20:26:04","modified_gmt":"2026-04-15T20:26:04","slug":"kiz-bebek-viskon-karisimli-balon-form-puantiyeli-etek","status":"publish","type":"product","link":"https:\/\/mod.wisdar.net\/tr\/urun\/kiz-bebek-viskon-karisimli-balon-form-puantiyeli-etek\/","title":{"rendered":"K\u0131z Bebek Viskon Kar\u0131\u015f\u0131ml\u0131 Balon Form Puantiyeli Etek"},"content":{"rendered":"<p>Puantiyeli etek, balon formuyla bebeklerin \u015firinli\u011fini \u00f6n plana \u00e7\u0131kar\u0131yor. Rahat kesimi ile konforlu bir kullan\u0131m sunarken, puantiyeli desenleriyle dikkat \u00e7ekiyor. Pamuk ve viskon kar\u0131\u015f\u0131ml\u0131 kuma\u015f\u0131 ile g\u00fcn boyu rahatl\u0131k sa\u011fl\u0131yor.<\/p>\n<p>\u00dcr\u00fcn \u00d6zellikleri<br \/>\nKategori: K\u0131z Bebek<br \/>\nStil: Balon Form<br \/>\nKuma\u015f: %59 Pamuk, %40 Viskon, %1 Elastan<br \/>\nKullan\u0131m Alan\u0131: G\u00fcnl\u00fck Giyim<\/p>\n<p>Koton k\u0131z bebek koleksiyonu, bebe\u011finizin enerjisini ve sevimlili\u011fini ortaya \u00e7\u0131kar\u0131yor! Koton\u2019un benzersiz tasar\u0131mlar\u0131yla miniklerin d\u00fcnyas\u0131 renkleniyor!<\/p>\n<p>\u00dcr\u00fcnlerimiz kimyasallara kar\u015f\u0131 test edilerek, t\u00fcm g\u00fcvenlik kurallar\u0131na uygun olarak \u00fcretilir. \u00dcr\u00fcnlerimizde sa\u011fl\u0131\u011fa zararl\u0131 boyalar ve a\u011f\u0131r metaller, tehlikeli yutulabilecek k\u00fc\u00e7\u00fck ve keskin par\u00e7alar, kordon ve ba\u011fc\u0131klar bulunmamaktad\u0131r.<\/p>\n<p>\u2014 Technical Details \u2014<br \/>\nAstar: %100 PAMUK<br \/>\nSil\u00fcet: Balon Form<br \/>\nBel Y\u00fcksekli\u011fi: Standart Bel<br \/>\n\u00dcr\u00fcn Tipi \/ Stil: Balon Form<br \/>\n\u00dcr\u00fcn\u00fcn Alt Markas\u0131: Kidswear<br \/>\nSat\u0131c\u0131\/\u0130malat\u00e7\u0131\/\u0130thalat\u00e7\u0131 \u0130smi: Koton Ma\u011fazac\u0131l\u0131k Tekstil Sanayi ve Ticaret A.\u015e.<br \/>\nPosta Adresi: Ayaza\u011fa Mah. Maslak Ayaza\u011fa Cad. No:3 \u0130\u00e7 Kap\u0131 No:5 Sar\u0131yer\/\u0130stanbul<br \/>\nE-Posta Adresi: mim@koton.com<\/p>\n","protected":false},"excerpt":{"rendered":"<p>Puantiyeli etek, balon formuyla bebeklerin \u015firinli\u011fini \u00f6n plana \u00e7\u0131kar\u0131yor. Rahat kesimi ile konforlu bir kullan\u0131m sunarken, puantiyeli desenleriyle dikkat \u00e7ekiyor. Pamuk ve viskon kar\u0131\u015f\u0131ml\u0131 kuma\u015f\u0131 ile g\u00fcn boyu rahatl\u0131k sa\u011fl\u0131yor. \u00dcr\u00fcn \u00d6zellikleri Kategori: K\u0131z Bebek Stil: Balon Form Kuma\u015f: %59 Pamuk, %40 Viskon, %1 Elastan Kullan\u0131m Alan\u0131: G\u00fcnl\u00fck Giyim Koton k\u0131z bebek koleksiyonu, bebe\u011finizin enerjisini [&hellip;]<\/p>\n","protected":false},"featured_media":151195,"comment_status":"open","ping_status":"closed","template":"","meta":[],"product_brand":[],"product_cat":[8718,8715,8694,8697,8700],"product_tag":[7354,8039,7488,6751],"class_list":{"0":"post-151198","1":"product","2":"type-product","3":"status-publish","4":"has-post-thumbnail","6":"product_cat-elbiseler-etekler","7":"product_cat-kiz-cocuklari-2-14-yas","8":"product_cat-cocuklar","9":"product_cat-yenidogan-0-12-ay","10":"product_cat-yenidogan-giyim","11":"product_tag-gunluk-giyim-2","12":"product_tag-koton","13":"product_tag-pamuk","14":"product_tag-rahat","15":"pa_brand-koton","16":"pa_color-ekru-desenli","17":"pa_size-12-18-ay-2","18":"pa_size-18-24-ay-2","19":"pa_size-24-36-ay-2","20":"pa_size-3-4-yas-2","21":"pa_size-4-5-yas-2","22":"pa_size-9-12-ay-3","24":"first","25":"instock","26":"sale","27":"shipping-taxable","28":"purchasable","29":"product-type-variable"},"_links":{"self":[{"href":"https:\/\/mod.wisdar.net\/tr\/wp-json\/wp\/v2\/product\/151198","targetHints":{"allow":["GET"]}}],"collection":[{"href":"https:\/\/mod.wisdar.net\/tr\/wp-json\/wp\/v2\/product"}],"about":[{"href":"https:\/\/mod.wisdar.net\/tr\/wp-json\/wp\/v2\/types\/product"}],"replies":[{"embeddable":true,"href":"https:\/\/mod.wisdar.net\/tr\/wp-json\/wp\/v2\/comments?post=151198"}],"wp:featuredmedia":[{"embeddable":true,"href":"https:\/\/mod.wisdar.net\/tr\/wp-json\/wp\/v2\/media\/151195"}],"wp:attachment":[{"href":"https:\/\/mod.wisdar.net\/tr\/wp-json\/wp\/v2\/media?parent=151198"}],"wp:term":[{"taxonomy":"product_brand","embeddable":true,"href":"https:\/\/mod.wisdar.net\/tr\/wp-json\/wp\/v2\/product_brand?post=151198"},{"taxonomy":"product_cat","embeddable":true,"href":"https:\/\/mod.wisdar.net\/tr\/wp-json\/wp\/v2\/product_cat?post=151198"},{"taxonomy":"product_tag","embeddable":true,"href":"https:\/\/mod.wisdar.net\/tr\/wp-json\/wp\/v2\/product_tag?post=151198"}],"curies":[{"name":"wp","href":"https:\/\/api.w.org\/{rel}","templated":true}]}}