{"id":151245,"date":"2026-02-22T23:05:48","date_gmt":"2026-02-22T23:05:48","guid":{"rendered":"https:\/\/modesthanim.com\/product\/kiz-bebek-pamuklu-cepli-kalpli-nakisli-denim-sort\/"},"modified":"2026-04-11T01:31:51","modified_gmt":"2026-04-11T01:31:51","slug":"kiz-bebek-pamuklu-cepli-kalpli-nakisli-denim-sort","status":"publish","type":"product","link":"https:\/\/mod.wisdar.net\/tr\/urun\/kiz-bebek-pamuklu-cepli-kalpli-nakisli-denim-sort\/","title":{"rendered":"K\u0131z Bebek Pamuklu Cepli Kalpli Nak\u0131\u015fl\u0131 Denim \u015eort"},"content":{"rendered":"<p>Kalp nak\u0131\u015fl\u0131 denim \u015fort, bebekler i\u00e7in hem sevimli hem de rahat bir se\u00e7enek oluyor. Normal bel tasar\u0131m\u0131 ve be\u015f cepli yap\u0131s\u0131yla \u00f6ne \u00e7\u0131kan bu \u015fort, yaz aylar\u0131nda miniklerin dolab\u0131nda vazge\u00e7ilmez bir par\u00e7a haline geliyor. \u015eirin ve rahat yap\u0131s\u0131yla g\u00fcnl\u00fck kullan\u0131m i\u00e7in ideal olan bu \u015fort, zamans\u0131z bir se\u00e7enek oluyor.<\/p>\n<p>\u00dcr\u00fcn \u00d6zellikleri<br \/>\nKuma\u015f: %75 Pamuk, %25 Viskon<br \/>\nBel Tipi: Normal Bel<br \/>\nCep Tipi: 5 Cep<br \/>\nFit: Regular<br \/>\nPa\u00e7a Bilgisi: Normal Pa\u00e7a<br \/>\nKullan\u0131m Alan\u0131: G\u00fcnl\u00fck Giyim<\/p>\n<p>Koton bebek \u015fort koleksiyonu, sevimli tasar\u0131mlar\u0131yla bebe\u011finizin gard\u0131robunu renklendiriyor. \u015eirin ve rahat giysilerle miniklerin konforunu art\u0131r\u0131n!<\/p>\n<p>\u0130ndigo \u00dcr\u00fcn Kullan\u0131m Bilgisi: \u00dcr\u00fcn\u00fcm\u00fczde kullan\u0131lan indigo boya, kullan\u0131m esnas\u0131nda giysilerinize bir miktar renk verebilir. \u0130lk y\u0131kama tersten ve tek ba\u015f\u0131na, sonraki y\u0131kamalarda ise yine tersten ve renkli \u00e7ama\u015f\u0131rlarla birlikte y\u0131kaman\u0131z\u0131 tavsiye ederiz.<br \/>\n\u00dcr\u00fcnlerimiz kimyasallara kar\u015f\u0131 test edilerek, t\u00fcm g\u00fcvenlik kurallar\u0131na uygun olarak \u00fcretilir. \u00dcr\u00fcnlerimizde sa\u011fl\u0131\u011fa zararl\u0131 boyalar ve a\u011f\u0131r metaller, tehlikeli yutulabilecek k\u00fc\u00e7\u00fck ve keskin par\u00e7alar, kordon ve ba\u011fc\u0131klar bulunmamaktad\u0131r.<\/p>\n","protected":false},"excerpt":{"rendered":"<p>Kalp nak\u0131\u015fl\u0131 denim \u015fort, bebekler i\u00e7in hem sevimli hem de rahat bir se\u00e7enek oluyor. Normal bel tasar\u0131m\u0131 ve be\u015f cepli yap\u0131s\u0131yla \u00f6ne \u00e7\u0131kan bu \u015fort, yaz aylar\u0131nda miniklerin dolab\u0131nda vazge\u00e7ilmez bir par\u00e7a haline geliyor. \u015eirin ve rahat yap\u0131s\u0131yla g\u00fcnl\u00fck kullan\u0131m i\u00e7in ideal olan bu \u015fort, zamans\u0131z bir se\u00e7enek oluyor. \u00dcr\u00fcn \u00d6zellikleri Kuma\u015f: %75 Pamuk, %25 [&hellip;]<\/p>\n","protected":false},"featured_media":151241,"comment_status":"open","ping_status":"closed","template":"","meta":[],"product_brand":[],"product_cat":[8718,8715,8694],"product_tag":[9332,10119,9899,10116,10967,10968,9236],"class_list":{"0":"post-151245","1":"product","2":"type-product","3":"status-publish","4":"has-post-thumbnail","6":"product_cat-elbiseler-etekler","7":"product_cat-kiz-cocuklari-2-14-yas","8":"product_cat-cocuklar","9":"product_tag-baby-fashion","10":"product_tag-baby-girl-shorts","11":"product_tag-cotton-shorts","12":"product_tag-denim-shorts","13":"product_tag-heart-embroidery","14":"product_tag-summer-shorts","15":"product_tag-toddler-clothing","16":"pa_brand-koton","17":"pa_color-light-indigo","18":"pa_size-12-18-ay-2","19":"pa_size-18-24-ay-2","20":"pa_size-24-36-ay-2","21":"pa_size-3-4-yas-2","22":"pa_size-4-5-yas-2","23":"pa_size-9-12-ay-3","25":"first","26":"instock","27":"sale","28":"shipping-taxable","29":"purchasable","30":"product-type-variable"},"_links":{"self":[{"href":"https:\/\/mod.wisdar.net\/tr\/wp-json\/wp\/v2\/product\/151245","targetHints":{"allow":["GET"]}}],"collection":[{"href":"https:\/\/mod.wisdar.net\/tr\/wp-json\/wp\/v2\/product"}],"about":[{"href":"https:\/\/mod.wisdar.net\/tr\/wp-json\/wp\/v2\/types\/product"}],"replies":[{"embeddable":true,"href":"https:\/\/mod.wisdar.net\/tr\/wp-json\/wp\/v2\/comments?post=151245"}],"wp:featuredmedia":[{"embeddable":true,"href":"https:\/\/mod.wisdar.net\/tr\/wp-json\/wp\/v2\/media\/151241"}],"wp:attachment":[{"href":"https:\/\/mod.wisdar.net\/tr\/wp-json\/wp\/v2\/media?parent=151245"}],"wp:term":[{"taxonomy":"product_brand","embeddable":true,"href":"https:\/\/mod.wisdar.net\/tr\/wp-json\/wp\/v2\/product_brand?post=151245"},{"taxonomy":"product_cat","embeddable":true,"href":"https:\/\/mod.wisdar.net\/tr\/wp-json\/wp\/v2\/product_cat?post=151245"},{"taxonomy":"product_tag","embeddable":true,"href":"https:\/\/mod.wisdar.net\/tr\/wp-json\/wp\/v2\/product_tag?post=151245"}],"curies":[{"name":"wp","href":"https:\/\/api.w.org\/{rel}","templated":true}]}}