{"id":151254,"date":"2026-02-22T23:06:05","date_gmt":"2026-02-22T23:06:05","guid":{"rendered":"https:\/\/modesthanim.com\/product\/kiz-bebek-pamuklu-cepli-isleme-detayli-denim-sort\/"},"modified":"2026-04-04T01:00:54","modified_gmt":"2026-04-04T01:00:54","slug":"kiz-bebek-pamuklu-cepli-isleme-detayli-denim-sort","status":"publish","type":"product","link":"https:\/\/mod.wisdar.net\/tr\/urun\/kiz-bebek-pamuklu-cepli-isleme-detayli-denim-sort\/","title":{"rendered":"K\u0131z Bebek Pamuklu Cepli \u0130\u015fleme Detayl\u0131 Denim \u015eort"},"content":{"rendered":"<p>Denim \u015fort, sevimli \u015feftali i\u015flemesiyle miniklere e\u011flenceli bir g\u00f6r\u00fcn\u00fcm kat\u0131yor. Standart bel y\u00fcksekli\u011fi ve katlamal\u0131 pa\u00e7as\u0131yla her mevsim rahat bir kullan\u0131m sunuyor. Cepli tasar\u0131m\u0131 ve pamuklu dokusuyla yaz\u0131n vazge\u00e7ilmezlerinden biri olmaya aday \u015fort, e\u011flenceli oyunlar i\u00e7in ideal bir tercih sunuyor.<\/p>\n<p>\u00dcr\u00fcn \u00d6zellikleri<br \/>\nKuma\u015f: %100 Pamuk<br \/>\nBel Tipi: Normal Bel<br \/>\nCep Tipi: 5 Cep<br \/>\nKullan\u0131m Alan\u0131: G\u00fcnl\u00fck Giyim<\/p>\n<p>Koton k\u0131z bebek denim \u015fort modelleri, sevimli tasar\u0131mlar\u0131yla miniklerin kalbini \u00e7al\u0131yor! Enerjik ve e\u011flenceli tasar\u0131mlar i\u00e7in Koton Kids&#8217;i ke\u015ffedin!<\/p>\n<p>\u00dcr\u00fcnlerimiz kimyasallara kar\u015f\u0131 test edilerek, t\u00fcm g\u00fcvenlik kurallar\u0131na uygun olarak \u00fcretilir. \u00dcr\u00fcnlerimizde sa\u011fl\u0131\u011fa zararl\u0131 boyalar ve a\u011f\u0131r metaller, tehlikeli yutulabilecek k\u00fc\u00e7\u00fck ve keskin par\u00e7alar, kordon ve ba\u011fc\u0131klar bulunmamaktad\u0131r.<br \/>\n\u0130ndigo \u00dcr\u00fcn Kullan\u0131m Bilgisi: \u00dcr\u00fcn\u00fcm\u00fczde kullan\u0131lan indigo boya, kullan\u0131m esnas\u0131nda giysilerinize bir miktar renk verebilir. \u0130lk y\u0131kama tersten ve tek ba\u015f\u0131na, sonraki y\u0131kamalarda ise yine tersten ve renkli \u00e7ama\u015f\u0131rlar ile birlikte y\u0131kaman\u0131z\u0131 tavsiye ederiz.<\/p>\n","protected":false},"excerpt":{"rendered":"<p>Denim \u015fort, sevimli \u015feftali i\u015flemesiyle miniklere e\u011flenceli bir g\u00f6r\u00fcn\u00fcm kat\u0131yor. Standart bel y\u00fcksekli\u011fi ve katlamal\u0131 pa\u00e7as\u0131yla her mevsim rahat bir kullan\u0131m sunuyor. Cepli tasar\u0131m\u0131 ve pamuklu dokusuyla yaz\u0131n vazge\u00e7ilmezlerinden biri olmaya aday \u015fort, e\u011flenceli oyunlar i\u00e7in ideal bir tercih sunuyor. \u00dcr\u00fcn \u00d6zellikleri Kuma\u015f: %100 Pamuk Bel Tipi: Normal Bel Cep Tipi: 5 Cep Kullan\u0131m Alan\u0131: [&hellip;]<\/p>\n","protected":false},"featured_media":151244,"comment_status":"open","ping_status":"closed","template":"","meta":[],"product_brand":[],"product_cat":[8718,8715,8694],"product_tag":[7426],"class_list":{"0":"post-151254","1":"product","2":"type-product","3":"status-publish","4":"has-post-thumbnail","6":"product_cat-elbiseler-etekler","7":"product_cat-kiz-cocuklari-2-14-yas","8":"product_cat-cocuklar","9":"product_tag-gunluk-giyim-3","10":"pa_brand-koton","11":"pa_color-light-indigo","12":"pa_size-12-18-ay-2","13":"pa_size-18-24-ay-2","14":"pa_size-24-36-ay-2","15":"pa_size-3-4-yas-2","16":"pa_size-4-5-yas-2","17":"pa_size-9-12-ay-3","19":"first","20":"outofstock","21":"shipping-taxable","22":"product-type-variable"},"_links":{"self":[{"href":"https:\/\/mod.wisdar.net\/tr\/wp-json\/wp\/v2\/product\/151254","targetHints":{"allow":["GET"]}}],"collection":[{"href":"https:\/\/mod.wisdar.net\/tr\/wp-json\/wp\/v2\/product"}],"about":[{"href":"https:\/\/mod.wisdar.net\/tr\/wp-json\/wp\/v2\/types\/product"}],"replies":[{"embeddable":true,"href":"https:\/\/mod.wisdar.net\/tr\/wp-json\/wp\/v2\/comments?post=151254"}],"wp:featuredmedia":[{"embeddable":true,"href":"https:\/\/mod.wisdar.net\/tr\/wp-json\/wp\/v2\/media\/151244"}],"wp:attachment":[{"href":"https:\/\/mod.wisdar.net\/tr\/wp-json\/wp\/v2\/media?parent=151254"}],"wp:term":[{"taxonomy":"product_brand","embeddable":true,"href":"https:\/\/mod.wisdar.net\/tr\/wp-json\/wp\/v2\/product_brand?post=151254"},{"taxonomy":"product_cat","embeddable":true,"href":"https:\/\/mod.wisdar.net\/tr\/wp-json\/wp\/v2\/product_cat?post=151254"},{"taxonomy":"product_tag","embeddable":true,"href":"https:\/\/mod.wisdar.net\/tr\/wp-json\/wp\/v2\/product_tag?post=151254"}],"curies":[{"name":"wp","href":"https:\/\/api.w.org\/{rel}","templated":true}]}}