{"id":151294,"date":"2026-02-22T23:11:38","date_gmt":"2026-02-22T23:11:38","guid":{"rendered":"https:\/\/modesthanim.com\/product\/pamuklu-cicek-desenli-firfir-detayli-uzun-kollu-bebe-yaka-gomlek\/"},"modified":"2026-03-27T08:52:54","modified_gmt":"2026-03-27T08:52:54","slug":"pamuklu-cicek-desenli-firfir-detayli-uzun-kollu-bebe-yaka-gomlek","status":"publish","type":"product","link":"https:\/\/mod.wisdar.net\/tr\/urun\/pamuklu-cicek-desenli-firfir-detayli-uzun-kollu-bebe-yaka-gomlek\/","title":{"rendered":"Pamuklu \u00c7i\u00e7ek Desenli F\u0131rf\u0131r Detayl\u0131 Uzun Kollu Bebe Yaka G\u00f6mlek"},"content":{"rendered":"<p>F\u0131rf\u0131r detayl\u0131 g\u00f6mlek, renkli ve ne\u015feli tasar\u0131m\u0131 ve \u00e7i\u00e7ek bask\u0131l\u0131 detaylar\u0131yla \u00f6ne \u00e7\u0131k\u0131yor. Pamuklu dokusuyla hem g\u00fcnl\u00fck giyim i\u00e7in hem de \u00f6zel g\u00fcnlerde tercih edilebiliyor. Bebeklerin cildini koruyan pamuklu yap\u0131s\u0131 ve hareket \u00f6zg\u00fcrl\u00fc\u011f\u00fc sunan rahat kesimiyle dikkat \u00e7ekiyor. \u015e\u0131k bebe yaka detay\u0131 ve f\u0131rf\u0131rl\u0131 tasar\u0131m\u0131 ile miniklerin sevimli tarz\u0131n\u0131 peki\u015ftiriyor.  Bebe\u011finiz bu k\u0131yafet ile g\u00fcvende! \u00dcr\u00fcnlerimiz kimyasallara kar\u015f\u0131 test edilerek, t\u00fcm g\u00fcvenlik kurallar\u0131na uygun olarak \u00fcretilir. \u00dcr\u00fcnlerimizde sa\u011fl\u0131\u011fa zararl\u0131; boyalar ve a\u011f\u0131r metaller, tehlikeli yutabilecek k\u00fc\u00e7\u00fck ve keskin par\u00e7alar, kordon ve ba\u011fc\u0131klar bulunmamaktad\u0131r.<\/p>\n<p>\u2014 Technical Details \u2014<br \/>\nKuma\u015f: %100 PAMUK<br \/>\nKol Boyu: Uzun Kol<br \/>\nKol Tipi: D\u00fc\u015f\u00fck Omuz<br \/>\nYaka Tipi: Bebe Yaka<br \/>\nSil\u00fcet: Klasik<br \/>\n\u00dcr\u00fcn Tipi \/ Stil: Klasik<br \/>\n\u00dcr\u00fcn\u00fcn Alt Markas\u0131: Kidswear<\/p>\n","protected":false},"excerpt":{"rendered":"<p>F\u0131rf\u0131r detayl\u0131 g\u00f6mlek, renkli ve ne\u015feli tasar\u0131m\u0131 ve \u00e7i\u00e7ek bask\u0131l\u0131 detaylar\u0131yla \u00f6ne \u00e7\u0131k\u0131yor. Pamuklu dokusuyla hem g\u00fcnl\u00fck giyim i\u00e7in hem de \u00f6zel g\u00fcnlerde tercih edilebiliyor. Bebeklerin cildini koruyan pamuklu yap\u0131s\u0131 ve hareket \u00f6zg\u00fcrl\u00fc\u011f\u00fc sunan rahat kesimiyle dikkat \u00e7ekiyor. \u015e\u0131k bebe yaka detay\u0131 ve f\u0131rf\u0131rl\u0131 tasar\u0131m\u0131 ile miniklerin sevimli tarz\u0131n\u0131 peki\u015ftiriyor. Bebe\u011finiz bu k\u0131yafet ile g\u00fcvende! [&hellip;]<\/p>\n","protected":false},"featured_media":151291,"comment_status":"open","ping_status":"closed","template":"","meta":[],"product_brand":[],"product_cat":[8715,8694,8724],"product_tag":[6768],"class_list":{"0":"post-151294","1":"product","2":"type-product","3":"status-publish","4":"has-post-thumbnail","6":"product_cat-kiz-cocuklari-2-14-yas","7":"product_cat-cocuklar","8":"product_cat-tisortler-bluzlar","9":"product_tag-uzun-kol","10":"pa_brand-koton","11":"pa_color-pembe-desenli","12":"pa_size-12-18-ay-2","13":"pa_size-18-24-ay-2","14":"pa_size-24-36-ay-2","15":"pa_size-3-4-yas-2","16":"pa_size-4-5-yas-2","17":"pa_size-9-12-ay-3","19":"first","20":"instock","21":"sale","22":"shipping-taxable","23":"purchasable","24":"product-type-variable"},"_links":{"self":[{"href":"https:\/\/mod.wisdar.net\/tr\/wp-json\/wp\/v2\/product\/151294","targetHints":{"allow":["GET"]}}],"collection":[{"href":"https:\/\/mod.wisdar.net\/tr\/wp-json\/wp\/v2\/product"}],"about":[{"href":"https:\/\/mod.wisdar.net\/tr\/wp-json\/wp\/v2\/types\/product"}],"replies":[{"embeddable":true,"href":"https:\/\/mod.wisdar.net\/tr\/wp-json\/wp\/v2\/comments?post=151294"}],"wp:featuredmedia":[{"embeddable":true,"href":"https:\/\/mod.wisdar.net\/tr\/wp-json\/wp\/v2\/media\/151291"}],"wp:attachment":[{"href":"https:\/\/mod.wisdar.net\/tr\/wp-json\/wp\/v2\/media?parent=151294"}],"wp:term":[{"taxonomy":"product_brand","embeddable":true,"href":"https:\/\/mod.wisdar.net\/tr\/wp-json\/wp\/v2\/product_brand?post=151294"},{"taxonomy":"product_cat","embeddable":true,"href":"https:\/\/mod.wisdar.net\/tr\/wp-json\/wp\/v2\/product_cat?post=151294"},{"taxonomy":"product_tag","embeddable":true,"href":"https:\/\/mod.wisdar.net\/tr\/wp-json\/wp\/v2\/product_tag?post=151294"}],"curies":[{"name":"wp","href":"https:\/\/api.w.org\/{rel}","templated":true}]}}