{"id":151330,"date":"2026-02-22T23:14:49","date_gmt":"2026-02-22T23:14:49","guid":{"rendered":"https:\/\/modesthanim.com\/product\/kiz-bebek-pamuklu-uzun-kollu-dokulu-dugmeli-gomlek\/"},"modified":"2026-03-03T09:52:19","modified_gmt":"2026-03-03T09:52:19","slug":"kiz-bebek-pamuklu-uzun-kollu-dokulu-dugmeli-gomlek","status":"publish","type":"product","link":"https:\/\/mod.wisdar.net\/tr\/urun\/kiz-bebek-pamuklu-uzun-kollu-dokulu-dugmeli-gomlek\/","title":{"rendered":"K\u0131z Bebek Pamuklu Uzun Kollu Dokulu D\u00fc\u011fmeli G\u00f6mlek"},"content":{"rendered":"<p>Bebekler i\u00e7in \u00f6zel tasarlanan bu uzun kollu g\u00f6mlek, pamuklu dokusuyla rahatl\u0131k sa\u011fl\u0131yor. Dokulu yap\u0131s\u0131 ile stil sahibi bir g\u00f6r\u00fcn\u00fcm sunuyor. D\u00fc\u011fmeli \u00f6n\u00fc rahatl\u0131k ve sevimli bir hava kat\u0131yor. G\u00fcnl\u00fck kullan\u0131ma uygun olan bu g\u00f6mlek, miniklerin gard\u0131robundaki favori par\u00e7alardan biri olmaya aday.<\/p>\n<p>\u00dcr\u00fcn \u00d6zellikleri<br \/>\nKol Tipi: Uzun Kol<br \/>\nYaka Tipi: G\u00f6mlek Yaka<br \/>\nKuma\u015f: %100 Pamuk<br \/>\nDetay: D\u00fc\u011fmeli<br \/>\nKullan\u0131m Alan\u0131: G\u00fcnl\u00fck Giyim<\/p>\n<p>Koton k\u0131z bebek giyim koleksiyonu, sevimli ve konforlu tasar\u0131mlar\u0131yla miniklerin d\u00fcnyas\u0131n\u0131 renklendiriyor. Koton bebek koleksiyonu ile enerjik ve \u015f\u0131k bebek g\u00f6mlek modellerini ke\u015ffedin!<\/p>\n<p>\u00dcr\u00fcnlerimiz kimyasallara kar\u015f\u0131 test edilerek, t\u00fcm g\u00fcvenlik kurallar\u0131na uygun olarak \u00fcretilir. \u00dcr\u00fcnlerimizde sa\u011fl\u0131\u011fa zararl\u0131 boyalar ve a\u011f\u0131r metaller, tehlikeli yutulabilecek k\u00fc\u00e7\u00fck ve keskin par\u00e7alar, kordon ve ba\u011fc\u0131klar bulunmamaktad\u0131r.<\/p>\n<p>\u2014 Technical Details \u2014<br \/>\nKol Tipi: Uzun Kol<br \/>\nYaka Tipi: G\u00f6mlek Yaka<br \/>\nKuma\u015f: %100 Pamuk<br \/>\nDetay: D\u00fc\u011fmeli<br \/>\nKullan\u0131m Alan\u0131: G\u00fcnl\u00fck Giyim<br \/>\n\u00dcr\u00fcn\u00fcn Alt Markas\u0131: Kidswear<br \/>\nSat\u0131c\u0131\/\u0130malat\u00e7\u0131\/\u0130thalat\u00e7\u0131 \u0130smi: Koton Ma\u011fazac\u0131l\u0131k Tekstil Sanayi ve Ticaret A.\u015e.<br \/>\nPosta Adresi: Ayaza\u011fa Mah. Maslak Ayaza\u011fa Cad. No:3 \u0130\u00e7 Kap\u0131 No:5 Sar\u0131yer\/\u0130stanbul<br \/>\nE-Posta Adresi: mim@koton.com<\/p>\n","protected":false},"excerpt":{"rendered":"<p>Bebekler i\u00e7in \u00f6zel tasarlanan bu uzun kollu g\u00f6mlek, pamuklu dokusuyla rahatl\u0131k sa\u011fl\u0131yor. Dokulu yap\u0131s\u0131 ile stil sahibi bir g\u00f6r\u00fcn\u00fcm sunuyor. D\u00fc\u011fmeli \u00f6n\u00fc rahatl\u0131k ve sevimli bir hava kat\u0131yor. G\u00fcnl\u00fck kullan\u0131ma uygun olan bu g\u00f6mlek, miniklerin gard\u0131robundaki favori par\u00e7alardan biri olmaya aday. \u00dcr\u00fcn \u00d6zellikleri Kol Tipi: Uzun Kol Yaka Tipi: G\u00f6mlek Yaka Kuma\u015f: %100 Pamuk Detay: [&hellip;]<\/p>\n","protected":false},"featured_media":151327,"comment_status":"open","ping_status":"closed","template":"","meta":[],"product_brand":[],"product_cat":[8715,8694,8724],"product_tag":[],"class_list":{"0":"post-151330","1":"product","2":"type-product","3":"status-publish","4":"has-post-thumbnail","6":"product_cat-kiz-cocuklari-2-14-yas","7":"product_cat-cocuklar","8":"product_cat-tisortler-bluzlar","9":"pa_brand-koton","10":"pa_color-beyaz","11":"pa_size-12-18-ay-2","12":"pa_size-18-24-ay-2","13":"pa_size-24-36-ay-2","14":"pa_size-3-4-yas-2","15":"pa_size-4-5-yas-2","16":"pa_size-9-12-ay-3","18":"first","19":"instock","20":"sale","21":"shipping-taxable","22":"purchasable","23":"product-type-variable"},"_links":{"self":[{"href":"https:\/\/mod.wisdar.net\/tr\/wp-json\/wp\/v2\/product\/151330","targetHints":{"allow":["GET"]}}],"collection":[{"href":"https:\/\/mod.wisdar.net\/tr\/wp-json\/wp\/v2\/product"}],"about":[{"href":"https:\/\/mod.wisdar.net\/tr\/wp-json\/wp\/v2\/types\/product"}],"replies":[{"embeddable":true,"href":"https:\/\/mod.wisdar.net\/tr\/wp-json\/wp\/v2\/comments?post=151330"}],"wp:featuredmedia":[{"embeddable":true,"href":"https:\/\/mod.wisdar.net\/tr\/wp-json\/wp\/v2\/media\/151327"}],"wp:attachment":[{"href":"https:\/\/mod.wisdar.net\/tr\/wp-json\/wp\/v2\/media?parent=151330"}],"wp:term":[{"taxonomy":"product_brand","embeddable":true,"href":"https:\/\/mod.wisdar.net\/tr\/wp-json\/wp\/v2\/product_brand?post=151330"},{"taxonomy":"product_cat","embeddable":true,"href":"https:\/\/mod.wisdar.net\/tr\/wp-json\/wp\/v2\/product_cat?post=151330"},{"taxonomy":"product_tag","embeddable":true,"href":"https:\/\/mod.wisdar.net\/tr\/wp-json\/wp\/v2\/product_tag?post=151330"}],"curies":[{"name":"wp","href":"https:\/\/api.w.org\/{rel}","templated":true}]}}