{"id":15137,"date":"2025-11-01T22:19:06","date_gmt":"2025-11-01T22:19:06","guid":{"rendered":"https:\/\/modesthanim.com\/product\/ekru-nakisli-brokar-tunik\/"},"modified":"2026-04-02T21:32:54","modified_gmt":"2026-04-02T21:32:54","slug":"ekru-nakisli-brokar-tunik","status":"publish","type":"product","link":"https:\/\/mod.wisdar.net\/tr\/urun\/ekru-nakisli-brokar-tunik\/","title":{"rendered":"Ekru Nak\u0131\u015fl\u0131 Brokar Tunik"},"content":{"rendered":"<p>Romantik bir duru\u015f, zarif nak\u0131\u015flarla bulu\u015fuyor&#8230; Bu tunik, brokar kuma\u015f\u0131n ince i\u015f\u00e7ili\u011fi ve nak\u0131\u015f detaylar\u0131n\u0131n zarafeti ile dikkat \u00e7ekiyor, feminen ve do\u011fal bir stil sunuyor.<\/p>\n<p>Kuma\u015f \u0130\u00e7eri\u011fi: %100 Pamuk<br \/>\nDesen: D\u00fcz \u2013 Nak\u0131\u015f Deseni<br \/>\nYaka Tipi: G\u00f6mlek Yakas\u0131<br \/>\nKol Tipi: D\u00fc\u015f\u00fck Kol<br \/>\nCep: Cepsiz<br \/>\nAstar: Astars\u0131z<br \/>\n\u00dcr\u00fcn Uzunlu\u011fu: 85 cm<br \/>\nKal\u0131p: Normal Kal\u0131p<br \/>\nModelin Giydi\u011fi Beden: 36<br \/>\nModel \u00d6l\u00e7\u00fcleri: Boy: 176 cm G\u00f6\u011f\u00fcs: 80 cm Bel: 61 cm Kal\u00e7a: 87 cm<\/p>\n<p>\u2014 Teknik Detaylar \u2014<br \/>\nDesen: D\u00fcz \u2013 Nak\u0131\u015f Deseni<br \/>\nYaka Tipi: G\u00f6mlek Yakas\u0131<br \/>\nKol Tipi: D\u00fc\u015f\u00fck Kol<br \/>\nCep: Cepsiz<br \/>\nAstar: Astars\u0131z<br \/>\n\u00dcr\u00fcn Uzunlu\u011fu: 85 cm<br \/>\nKal\u0131p: Normal Kal\u0131p<br \/>\nModelin Giydi\u011fi Beden: 36<br \/>\nModel \u00d6l\u00e7\u00fcleri: Boy: 176 cm G\u00f6\u011f\u00fcs: 80 cm Bel: 61 cm Kal\u00e7a: 87 cm<\/p>\n","protected":false},"excerpt":{"rendered":"<p>Romantik bir duru\u015f, zarif nak\u0131\u015flarla bulu\u015fuyor&#8230; Bu tunik, brokar kuma\u015f\u0131n ince i\u015f\u00e7ili\u011fi ve nak\u0131\u015f detaylar\u0131n\u0131n zarafeti ile dikkat \u00e7ekiyor, feminen ve do\u011fal bir stil sunuyor. Kuma\u015f \u0130\u00e7eri\u011fi: %100 Pamuk Desen: D\u00fcz \u2013 Nak\u0131\u015f Deseni Yaka Tipi: G\u00f6mlek Yakas\u0131 Kol Tipi: D\u00fc\u015f\u00fck Kol Cep: Cepsiz Astar: Astars\u0131z \u00dcr\u00fcn Uzunlu\u011fu: 85 cm Kal\u0131p: Normal Kal\u0131p Modelin Giydi\u011fi [&hellip;]<\/p>\n","protected":false},"featured_media":15097,"comment_status":"open","ping_status":"closed","template":"","meta":[],"product_brand":[],"product_cat":[1909],"product_tag":[6757,5012],"class_list":{"0":"post-15137","1":"product","2":"type-product","3":"status-publish","4":"has-post-thumbnail","6":"product_cat-bluzlar-ve-gomlekler","7":"product_tag-ekru","8":"product_tag-elegant","9":"pa_brand-tugba","10":"pa_color-ekru","11":"pa_size-4701","12":"pa_size-4706","13":"pa_size-4711","14":"pa_size-4713","15":"pa_size-4751","17":"first","18":"instock","19":"sale","20":"shipping-taxable","21":"purchasable","22":"product-type-variable"},"_links":{"self":[{"href":"https:\/\/mod.wisdar.net\/tr\/wp-json\/wp\/v2\/product\/15137","targetHints":{"allow":["GET"]}}],"collection":[{"href":"https:\/\/mod.wisdar.net\/tr\/wp-json\/wp\/v2\/product"}],"about":[{"href":"https:\/\/mod.wisdar.net\/tr\/wp-json\/wp\/v2\/types\/product"}],"replies":[{"embeddable":true,"href":"https:\/\/mod.wisdar.net\/tr\/wp-json\/wp\/v2\/comments?post=15137"}],"wp:featuredmedia":[{"embeddable":true,"href":"https:\/\/mod.wisdar.net\/tr\/wp-json\/wp\/v2\/media\/15097"}],"wp:attachment":[{"href":"https:\/\/mod.wisdar.net\/tr\/wp-json\/wp\/v2\/media?parent=15137"}],"wp:term":[{"taxonomy":"product_brand","embeddable":true,"href":"https:\/\/mod.wisdar.net\/tr\/wp-json\/wp\/v2\/product_brand?post=15137"},{"taxonomy":"product_cat","embeddable":true,"href":"https:\/\/mod.wisdar.net\/tr\/wp-json\/wp\/v2\/product_cat?post=15137"},{"taxonomy":"product_tag","embeddable":true,"href":"https:\/\/mod.wisdar.net\/tr\/wp-json\/wp\/v2\/product_tag?post=15137"}],"curies":[{"name":"wp","href":"https:\/\/api.w.org\/{rel}","templated":true}]}}