{"id":151375,"date":"2026-02-22T23:29:46","date_gmt":"2026-02-22T23:29:46","guid":{"rendered":"https:\/\/modesthanim.com\/product\/kiz-bebek-viskon-karisimli-beli-lastikli-fiyonk-detayli-ispanyol-paca-tayt\/"},"modified":"2026-03-03T10:21:43","modified_gmt":"2026-03-03T10:21:43","slug":"kiz-bebek-viskon-karisimli-beli-lastikli-fiyonk-detayli-ispanyol-paca-tayt","status":"publish","type":"product","link":"https:\/\/mod.wisdar.net\/tr\/urun\/kiz-bebek-viskon-karisimli-beli-lastikli-fiyonk-detayli-ispanyol-paca-tayt\/","title":{"rendered":"K\u0131z Bebek Viskon Kar\u0131\u015f\u0131ml\u0131 Beli Lastikli Fiyonk Detayl\u0131 \u0130spanyol Pa\u00e7a Tayt"},"content":{"rendered":"<p>\u0130spanyol pa\u00e7a tayt, miniklerin g\u00fcn boyu rahat\u00e7a hareket etmelerini sa\u011fl\u0131yor. Nerv\u00fcrl\u00fc yap\u0131s\u0131 ve viskon kar\u0131\u015f\u0131ml\u0131 kuma\u015f\u0131yla dikkat \u00e7eken tayt, enerjik k\u0131z bebekler i\u00e7in ideal bir se\u00e7enek. Lastikli beli ve fiyonk detaylar\u0131 ile \u015firin bir g\u00f6r\u00fcnt\u00fc sunuyor.<\/p>\n<p>\u00dcr\u00fcn \u00d6zellikleri<br \/>\nBel Tipi: Normal Bel<br \/>\nStil &amp; Siluet Bilgisi: \u0130spanyol Pa\u00e7a<br \/>\nEkstra Detay: Nerv\u00fcrl\u00fc<br \/>\nKullan\u0131m Alan\u0131: G\u00fcnl\u00fck Giyim<\/p>\n<p>Koton k\u0131z bebek pantolon modelleri bebeklerin enerjisine her an e\u015flik etmeye haz\u0131r! Koton\u2019un e\u011flenceli ve rahat tasar\u0131mlar\u0131 miniklerin d\u00fcnyas\u0131na renk kat\u0131yor!<\/p>\n<p>\u00dcr\u00fcnlerimiz kimyasallara kar\u015f\u0131 test edilerek, t\u00fcm g\u00fcvenlik kurallar\u0131na uygun olarak \u00fcretilir. \u00dcr\u00fcnlerimizde sa\u011fl\u0131\u011fa zararl\u0131 boyalar ve a\u011f\u0131r metaller, tehlikeli yutulabilecek k\u00fc\u00e7\u00fck ve keskin par\u00e7alar, kordon ve ba\u011fc\u0131klar bulunmamaktad\u0131r.<\/p>\n","protected":false},"excerpt":{"rendered":"<p>\u0130spanyol pa\u00e7a tayt, miniklerin g\u00fcn boyu rahat\u00e7a hareket etmelerini sa\u011fl\u0131yor. Nerv\u00fcrl\u00fc yap\u0131s\u0131 ve viskon kar\u0131\u015f\u0131ml\u0131 kuma\u015f\u0131yla dikkat \u00e7eken tayt, enerjik k\u0131z bebekler i\u00e7in ideal bir se\u00e7enek. Lastikli beli ve fiyonk detaylar\u0131 ile \u015firin bir g\u00f6r\u00fcnt\u00fc sunuyor. \u00dcr\u00fcn \u00d6zellikleri Bel Tipi: Normal Bel Stil &amp; Siluet Bilgisi: \u0130spanyol Pa\u00e7a Ekstra Detay: Nerv\u00fcrl\u00fc Kullan\u0131m Alan\u0131: G\u00fcnl\u00fck Giyim [&hellip;]<\/p>\n","protected":false},"featured_media":151367,"comment_status":"open","ping_status":"closed","template":"","meta":[],"product_brand":[],"product_cat":[8715,8694,8727,8697,8700],"product_tag":[7643,7426,7467,6765,6751],"class_list":{"0":"post-151375","1":"product","2":"type-product","3":"status-publish","4":"has-post-thumbnail","6":"product_cat-kiz-cocuklari-2-14-yas","7":"product_cat-cocuklar","8":"product_cat-pantolon","9":"product_cat-yenidogan-0-12-ay","10":"product_cat-yenidogan-giyim","11":"product_tag-fitilli","12":"product_tag-gunluk-giyim-3","13":"product_tag-ispanyol-paca","14":"product_tag-lastikli-bel","15":"product_tag-rahat","16":"pa_brand-koton","17":"pa_color-siyah","18":"pa_size-12-18-ay-2","19":"pa_size-18-24-ay-2","20":"pa_size-24-36-ay-2","21":"pa_size-3-4-yas-2","22":"pa_size-4-5-yas-2","24":"first","25":"instock","26":"sale","27":"shipping-taxable","28":"purchasable","29":"product-type-variable"},"_links":{"self":[{"href":"https:\/\/mod.wisdar.net\/tr\/wp-json\/wp\/v2\/product\/151375","targetHints":{"allow":["GET"]}}],"collection":[{"href":"https:\/\/mod.wisdar.net\/tr\/wp-json\/wp\/v2\/product"}],"about":[{"href":"https:\/\/mod.wisdar.net\/tr\/wp-json\/wp\/v2\/types\/product"}],"replies":[{"embeddable":true,"href":"https:\/\/mod.wisdar.net\/tr\/wp-json\/wp\/v2\/comments?post=151375"}],"wp:featuredmedia":[{"embeddable":true,"href":"https:\/\/mod.wisdar.net\/tr\/wp-json\/wp\/v2\/media\/151367"}],"wp:attachment":[{"href":"https:\/\/mod.wisdar.net\/tr\/wp-json\/wp\/v2\/media?parent=151375"}],"wp:term":[{"taxonomy":"product_brand","embeddable":true,"href":"https:\/\/mod.wisdar.net\/tr\/wp-json\/wp\/v2\/product_brand?post=151375"},{"taxonomy":"product_cat","embeddable":true,"href":"https:\/\/mod.wisdar.net\/tr\/wp-json\/wp\/v2\/product_cat?post=151375"},{"taxonomy":"product_tag","embeddable":true,"href":"https:\/\/mod.wisdar.net\/tr\/wp-json\/wp\/v2\/product_tag?post=151375"}],"curies":[{"name":"wp","href":"https:\/\/api.w.org\/{rel}","templated":true}]}}