{"id":151398,"date":"2026-02-22T23:30:19","date_gmt":"2026-02-22T23:30:19","guid":{"rendered":"https:\/\/modesthanim.com\/product\/kiz-bebek-kalp-baskili-uzun-kollu-bisiklet-yaka-pamuklu-sardonlu-sweatshirt\/"},"modified":"2026-03-03T10:22:33","modified_gmt":"2026-03-03T10:22:33","slug":"kiz-bebek-kalp-baskili-uzun-kollu-bisiklet-yaka-pamuklu-sardonlu-sweatshirt","status":"publish","type":"product","link":"https:\/\/mod.wisdar.net\/tr\/urun\/kiz-bebek-kalp-baskili-uzun-kollu-bisiklet-yaka-pamuklu-sardonlu-sweatshirt\/","title":{"rendered":"K\u0131z Bebek Kalp Bask\u0131l\u0131 Uzun Kollu Bisiklet Yaka Pamuklu \u015eardonlu Sweatshirt"},"content":{"rendered":"<p>Heart printed long sleeve crew neck cotton soft interior sweatshirt.<\/p>\n","protected":false},"excerpt":{"rendered":"<p>Heart printed long sleeve crew neck cotton soft interior sweatshirt.<\/p>\n","protected":false},"featured_media":151395,"comment_status":"open","ping_status":"closed","template":"","meta":[],"product_brand":[],"product_cat":[8715,8694,8724,8697,8700],"product_tag":[8110,6768],"class_list":{"0":"post-151398","1":"product","2":"type-product","3":"status-publish","4":"has-post-thumbnail","6":"product_cat-kiz-cocuklari-2-14-yas","7":"product_cat-cocuklar","8":"product_cat-tisortler-bluzlar","9":"product_cat-yenidogan-0-12-ay","10":"product_cat-yenidogan-giyim","11":"product_tag-bisiklet-yaka-2","12":"product_tag-uzun-kol","13":"pa_brand-koton","14":"pa_color-gri","15":"pa_size-12-18-ay-2","16":"pa_size-18-24-ay-2","17":"pa_size-24-36-ay-2","18":"pa_size-3-4-yas-2","19":"pa_size-4-5-yas-2","20":"pa_size-9-12-ay-3","22":"first","23":"instock","24":"sale","25":"shipping-taxable","26":"purchasable","27":"product-type-variable"},"_links":{"self":[{"href":"https:\/\/mod.wisdar.net\/tr\/wp-json\/wp\/v2\/product\/151398","targetHints":{"allow":["GET"]}}],"collection":[{"href":"https:\/\/mod.wisdar.net\/tr\/wp-json\/wp\/v2\/product"}],"about":[{"href":"https:\/\/mod.wisdar.net\/tr\/wp-json\/wp\/v2\/types\/product"}],"replies":[{"embeddable":true,"href":"https:\/\/mod.wisdar.net\/tr\/wp-json\/wp\/v2\/comments?post=151398"}],"wp:featuredmedia":[{"embeddable":true,"href":"https:\/\/mod.wisdar.net\/tr\/wp-json\/wp\/v2\/media\/151395"}],"wp:attachment":[{"href":"https:\/\/mod.wisdar.net\/tr\/wp-json\/wp\/v2\/media?parent=151398"}],"wp:term":[{"taxonomy":"product_brand","embeddable":true,"href":"https:\/\/mod.wisdar.net\/tr\/wp-json\/wp\/v2\/product_brand?post=151398"},{"taxonomy":"product_cat","embeddable":true,"href":"https:\/\/mod.wisdar.net\/tr\/wp-json\/wp\/v2\/product_cat?post=151398"},{"taxonomy":"product_tag","embeddable":true,"href":"https:\/\/mod.wisdar.net\/tr\/wp-json\/wp\/v2\/product_tag?post=151398"}],"curies":[{"name":"wp","href":"https:\/\/api.w.org\/{rel}","templated":true}]}}