{"id":151448,"date":"2026-02-22T23:32:04","date_gmt":"2026-02-22T23:32:04","guid":{"rendered":"https:\/\/modesthanim.com\/product\/kiz-bebek-desenli-beli-lastikli-3lu-tayt-seti\/"},"modified":"2026-03-27T05:12:52","modified_gmt":"2026-03-27T05:12:52","slug":"kiz-bebek-desenli-beli-lastikli-3lu-tayt-seti","status":"publish","type":"product","link":"https:\/\/mod.wisdar.net\/tr\/urun\/kiz-bebek-desenli-beli-lastikli-3lu-tayt-seti\/","title":{"rendered":"K\u0131z Bebek Desenli Beli Lastikli 3&#8217;l\u00fc Tayt Seti"},"content":{"rendered":"<p>Enerji dolu ve sevimli tayt seti, miniklerin favorisi olacak. Yumu\u015fak dokular\u0131 sayesinde g\u00fcn boyu rahatl\u0131k sunan tayt seti, farkl\u0131 tasar\u0131mlar\u0131yla miniklerin tarz\u0131n\u0131 renklendiriyor. Lastikli beli ve esnek yap\u0131lar\u0131yla miniklere hareket \u00f6zg\u00fcrl\u00fc\u011f\u00fc sa\u011fl\u0131yor.<br \/>\n\u00dcr\u00fcn \u00d6zellikleri<br \/>\nBel Tipi: Normal Bel<br \/>\nKullan\u0131m Alan\u0131: G\u00fcnl\u00fck Giyim<br \/>\nKoton k\u0131z bebek giyim koleksiyonu, sevimli tasar\u0131m\u0131 ve konforlu yap\u0131s\u0131yla miniklerin favorisi oluyor! Renkli ve e\u011flenceli se\u00e7enekler i\u00e7in Koton Kids koleksiyonunu \u015fimdi ke\u015ffedin!<br \/>\n\u00c7oklu paketlerimizde, \u00fcr\u00fcnlerin kuma\u015f bilgileri farkl\u0131l\u0131k g\u00f6sterebilir. \u00dcr\u00fcnlerimiz kimyasallara kar\u015f\u0131 test edilerek, t\u00fcm g\u00fcvenlik kurallar\u0131na uygun olarak \u00fcretilir. \u00dcr\u00fcnlerimizde sa\u011fl\u0131\u011fa zararl\u0131 boyalar ve a\u011f\u0131r metaller, tehlikeli yutulabilecek k\u00fc\u00e7\u00fck ve keskin par\u00e7alar, kordon ve ba\u011fc\u0131klar bulunmamaktad\u0131r.<\/p>\n","protected":false},"excerpt":{"rendered":"<p>Enerji dolu ve sevimli tayt seti, miniklerin favorisi olacak. Yumu\u015fak dokular\u0131 sayesinde g\u00fcn boyu rahatl\u0131k sunan tayt seti, farkl\u0131 tasar\u0131mlar\u0131yla miniklerin tarz\u0131n\u0131 renklendiriyor. Lastikli beli ve esnek yap\u0131lar\u0131yla miniklere hareket \u00f6zg\u00fcrl\u00fc\u011f\u00fc sa\u011fl\u0131yor. \u00dcr\u00fcn \u00d6zellikleri Bel Tipi: Normal Bel Kullan\u0131m Alan\u0131: G\u00fcnl\u00fck Giyim Koton k\u0131z bebek giyim koleksiyonu, sevimli tasar\u0131m\u0131 ve konforlu yap\u0131s\u0131yla miniklerin favorisi oluyor! [&hellip;]<\/p>\n","protected":false},"featured_media":151437,"comment_status":"open","ping_status":"closed","template":"","meta":[],"product_brand":[],"product_cat":[8715,8694,8727],"product_tag":[6769,7354,6765,6751],"class_list":{"0":"post-151448","1":"product","2":"type-product","3":"status-publish","4":"has-post-thumbnail","6":"product_cat-kiz-cocuklari-2-14-yas","7":"product_cat-cocuklar","8":"product_cat-pantolon","9":"product_tag-desenli","10":"product_tag-gunluk-giyim-2","11":"product_tag-lastikli-bel","12":"product_tag-rahat","13":"pa_brand-koton","14":"pa_color-siyah","15":"pa_size-12-18-ay-2","16":"pa_size-18-24-ay-2","17":"pa_size-24-36-ay-2","18":"pa_size-3-4-yas-2","19":"pa_size-4-5-yas-2","20":"pa_size-9-12-ay-3","22":"first","23":"instock","24":"sale","25":"shipping-taxable","26":"purchasable","27":"product-type-variable"},"_links":{"self":[{"href":"https:\/\/mod.wisdar.net\/tr\/wp-json\/wp\/v2\/product\/151448","targetHints":{"allow":["GET"]}}],"collection":[{"href":"https:\/\/mod.wisdar.net\/tr\/wp-json\/wp\/v2\/product"}],"about":[{"href":"https:\/\/mod.wisdar.net\/tr\/wp-json\/wp\/v2\/types\/product"}],"replies":[{"embeddable":true,"href":"https:\/\/mod.wisdar.net\/tr\/wp-json\/wp\/v2\/comments?post=151448"}],"wp:featuredmedia":[{"embeddable":true,"href":"https:\/\/mod.wisdar.net\/tr\/wp-json\/wp\/v2\/media\/151437"}],"wp:attachment":[{"href":"https:\/\/mod.wisdar.net\/tr\/wp-json\/wp\/v2\/media?parent=151448"}],"wp:term":[{"taxonomy":"product_brand","embeddable":true,"href":"https:\/\/mod.wisdar.net\/tr\/wp-json\/wp\/v2\/product_brand?post=151448"},{"taxonomy":"product_cat","embeddable":true,"href":"https:\/\/mod.wisdar.net\/tr\/wp-json\/wp\/v2\/product_cat?post=151448"},{"taxonomy":"product_tag","embeddable":true,"href":"https:\/\/mod.wisdar.net\/tr\/wp-json\/wp\/v2\/product_tag?post=151448"}],"curies":[{"name":"wp","href":"https:\/\/api.w.org\/{rel}","templated":true}]}}