{"id":151527,"date":"2026-02-22T23:34:24","date_gmt":"2026-02-22T23:34:24","guid":{"rendered":"https:\/\/modesthanim.com\/product\/kiz-bebek-beli-lastikli-ribanali-ispanyol-paca-tayt\/"},"modified":"2026-04-10T23:42:41","modified_gmt":"2026-04-10T23:42:41","slug":"kiz-bebek-beli-lastikli-ribanali-ispanyol-paca-tayt","status":"publish","type":"product","link":"https:\/\/mod.wisdar.net\/tr\/urun\/kiz-bebek-beli-lastikli-ribanali-ispanyol-paca-tayt\/","title":{"rendered":"K\u0131z Bebek Beli Lastikli Ribanal\u0131 \u0130spanyol Pa\u00e7a Tayt"},"content":{"rendered":"<p>\u0130spanyol pa\u00e7a tayt, bebekler i\u00e7in ideal bir se\u00e7enek sunuyor. Enerjik ve rahat tasar\u0131m\u0131yla dikkat \u00e7eken tayt, yumu\u015fak ve esnek yap\u0131s\u0131yla miniklere g\u00fcn boyu konfor sa\u011fl\u0131yor. Kullan\u0131\u015fl\u0131 yap\u0131s\u0131n\u0131n yan\u0131 s\u0131ra, ispanyol pa\u00e7a detay\u0131yla modern bir g\u00f6r\u00fcn\u00fcm sunuyor ve miniklerin enerjisine uyum sa\u011fl\u0131yor.<\/p>\n<p>\u00dcr\u00fcn \u00d6zellikleri<br \/>\nBel Tipi: Normal Bel<br \/>\nPa\u00e7a Tipi: \u0130spanyol Pa\u00e7a<br \/>\nKullan\u0131m Alan\u0131: G\u00fcnl\u00fck Giyim<\/p>\n<p>Koton k\u0131z bebek tayt modelleri, sevimli ve rahat tasar\u0131mlar\u0131yla miniklerin favorisi oluyor! \u015eimdi birbirinden renkli ve konforlu tasar\u0131mlar i\u00e7in Koton Kids koleksiyonunu ke\u015ffedin!<\/p>\n<p>\u00dcr\u00fcnlerimiz kimyasallara kar\u015f\u0131 test edilerek, t\u00fcm g\u00fcvenlik kurallar\u0131na uygun olarak \u00fcretilir. \u00dcr\u00fcnlerimizde sa\u011fl\u0131\u011fa zararl\u0131 boyalar ve a\u011f\u0131r metaller, tehlikeli yutulabilecek k\u00fc\u00e7\u00fck ve keskin par\u00e7alar, kordon ve ba\u011fc\u0131klar bulunmamaktad\u0131r.<\/p>\n","protected":false},"excerpt":{"rendered":"<p>\u0130spanyol pa\u00e7a tayt, bebekler i\u00e7in ideal bir se\u00e7enek sunuyor. Enerjik ve rahat tasar\u0131m\u0131yla dikkat \u00e7eken tayt, yumu\u015fak ve esnek yap\u0131s\u0131yla miniklere g\u00fcn boyu konfor sa\u011fl\u0131yor. Kullan\u0131\u015fl\u0131 yap\u0131s\u0131n\u0131n yan\u0131 s\u0131ra, ispanyol pa\u00e7a detay\u0131yla modern bir g\u00f6r\u00fcn\u00fcm sunuyor ve miniklerin enerjisine uyum sa\u011fl\u0131yor. \u00dcr\u00fcn \u00d6zellikleri Bel Tipi: Normal Bel Pa\u00e7a Tipi: \u0130spanyol Pa\u00e7a Kullan\u0131m Alan\u0131: G\u00fcnl\u00fck Giyim [&hellip;]<\/p>\n","protected":false},"featured_media":151521,"comment_status":"open","ping_status":"closed","template":"","meta":[],"product_brand":[],"product_cat":[8715,8694,8727,8697,8700],"product_tag":[7430,7467],"class_list":{"0":"post-151527","1":"product","2":"type-product","3":"status-publish","4":"has-post-thumbnail","6":"product_cat-kiz-cocuklari-2-14-yas","7":"product_cat-cocuklar","8":"product_cat-pantolon","9":"product_cat-yenidogan-0-12-ay","10":"product_cat-yenidogan-giyim","11":"product_tag-gunluk-kombin","12":"product_tag-ispanyol-paca","13":"pa_brand-koton","14":"pa_color-gri-melanj","15":"pa_size-12-18-ay-2","16":"pa_size-18-24-ay-2","17":"pa_size-24-36-ay-2","18":"pa_size-3-4-yas-2","19":"pa_size-4-5-yas-2","20":"pa_size-9-12-ay-3","22":"first","23":"instock","24":"sale","25":"shipping-taxable","26":"purchasable","27":"product-type-variable"},"_links":{"self":[{"href":"https:\/\/mod.wisdar.net\/tr\/wp-json\/wp\/v2\/product\/151527","targetHints":{"allow":["GET"]}}],"collection":[{"href":"https:\/\/mod.wisdar.net\/tr\/wp-json\/wp\/v2\/product"}],"about":[{"href":"https:\/\/mod.wisdar.net\/tr\/wp-json\/wp\/v2\/types\/product"}],"replies":[{"embeddable":true,"href":"https:\/\/mod.wisdar.net\/tr\/wp-json\/wp\/v2\/comments?post=151527"}],"wp:featuredmedia":[{"embeddable":true,"href":"https:\/\/mod.wisdar.net\/tr\/wp-json\/wp\/v2\/media\/151521"}],"wp:attachment":[{"href":"https:\/\/mod.wisdar.net\/tr\/wp-json\/wp\/v2\/media?parent=151527"}],"wp:term":[{"taxonomy":"product_brand","embeddable":true,"href":"https:\/\/mod.wisdar.net\/tr\/wp-json\/wp\/v2\/product_brand?post=151527"},{"taxonomy":"product_cat","embeddable":true,"href":"https:\/\/mod.wisdar.net\/tr\/wp-json\/wp\/v2\/product_cat?post=151527"},{"taxonomy":"product_tag","embeddable":true,"href":"https:\/\/mod.wisdar.net\/tr\/wp-json\/wp\/v2\/product_tag?post=151527"}],"curies":[{"name":"wp","href":"https:\/\/api.w.org\/{rel}","templated":true}]}}