{"id":151560,"date":"2026-02-22T23:35:11","date_gmt":"2026-02-22T23:35:11","guid":{"rendered":"https:\/\/modesthanim.com\/product\/kiz-bebek-pamuklu-beli-lastikli-ribanali-basic-uzun-tayt\/"},"modified":"2026-03-03T10:17:05","modified_gmt":"2026-03-03T10:17:05","slug":"kiz-bebek-pamuklu-beli-lastikli-ribanali-basic-uzun-tayt","status":"publish","type":"product","link":"https:\/\/mod.wisdar.net\/tr\/urun\/kiz-bebek-pamuklu-beli-lastikli-ribanali-basic-uzun-tayt\/","title":{"rendered":"K\u0131z Bebek Pamuklu Beli Lastikli Ribanal\u0131 Basic Uzun Tayt"},"content":{"rendered":"<p>Pamuklu yap\u0131s\u0131yla miinklere rahatl\u0131k sunan basic tayt, bebekler i\u00e7in m\u00fckemmel bir konfor sunuyor. Ribana detay\u0131yla esneklik sunan uzun tayt, miniklerin hareket \u00f6zg\u00fcrl\u00fc\u011f\u00fcn\u00fc art\u0131r\u0131yor. Yumu\u015fak dokusu ve elastik bel yap\u0131s\u0131 sayesinde g\u00fcn boyu rahatl\u0131k sa\u011fl\u0131yor. \u00dcr\u00fcn \u00d6zellikleri Kuma\u015f: %95 Pamuk, %5 Elastan Pa\u00e7a Tipi: Normal Pa\u00e7a Stil: Basic Kullan\u0131m Alan\u0131: G\u00fcnl\u00fck Giyim Koton k\u0131z bebek tayt modelleri konfor ve \u015f\u0131kl\u0131\u011f\u0131 bir araya getiriyor! Miniklerin enerjisine uyum sa\u011flayan tasar\u0131mlar Koton Kids koleksiyonunda. Bebe\u011finiz bu k\u0131yafet ile g\u00fcvende! \u00dcr\u00fcnlerimiz kimyasallara kar\u015f\u0131 test edilerek, t\u00fcm g\u00fcvenlik kurallar\u0131na uygun olarak \u00fcretilir. \u00dcr\u00fcnlerimizde sa\u011fl\u0131\u011fa zararl\u0131 boyalar ve a\u011f\u0131r metaller, tehlikeli yutulabilecek k\u00fc\u00e7\u00fck ve keskin par\u00e7alar, kordon ve ba\u011fc\u0131klar bulunmamaktad\u0131r.<\/p>\n<p>\u2014 Technical Details \u2014<br \/>\nKuma\u015f: %5 ELASTAN, %95 PAMUK<br \/>\nSil\u00fcet: Basic<br \/>\nBel Y\u00fcksekli\u011fi: Standart Bel<br \/>\n\u00dcr\u00fcn Tipi \/ Stil: Basic<br \/>\n\u00dcr\u00fcn\u00fcn Alt Markas\u0131: Kidswear<\/p>\n","protected":false},"excerpt":{"rendered":"<p>Pamuklu yap\u0131s\u0131yla miinklere rahatl\u0131k sunan basic tayt, bebekler i\u00e7in m\u00fckemmel bir konfor sunuyor. Ribana detay\u0131yla esneklik sunan uzun tayt, miniklerin hareket \u00f6zg\u00fcrl\u00fc\u011f\u00fcn\u00fc art\u0131r\u0131yor. Yumu\u015fak dokusu ve elastik bel yap\u0131s\u0131 sayesinde g\u00fcn boyu rahatl\u0131k sa\u011fl\u0131yor. \u00dcr\u00fcn \u00d6zellikleri Kuma\u015f: %95 Pamuk, %5 Elastan Pa\u00e7a Tipi: Normal Pa\u00e7a Stil: Basic Kullan\u0131m Alan\u0131: G\u00fcnl\u00fck Giyim Koton k\u0131z bebek tayt [&hellip;]<\/p>\n","protected":false},"featured_media":151557,"comment_status":"open","ping_status":"closed","template":"","meta":[],"product_brand":[],"product_cat":[8715,8694,8727],"product_tag":[8067,7354],"class_list":{"0":"post-151560","1":"product","2":"type-product","3":"status-publish","4":"has-post-thumbnail","6":"product_cat-kiz-cocuklari-2-14-yas","7":"product_cat-cocuklar","8":"product_cat-pantolon","9":"product_tag-fitilli-tayt","10":"product_tag-gunluk-giyim-2","11":"pa_brand-koton","12":"pa_color-mavi","13":"pa_size-12-18-ay-2","14":"pa_size-18-24-ay-2","15":"pa_size-24-36-ay-2","16":"pa_size-3-4-yas-2","17":"pa_size-4-5-yas-2","18":"pa_size-9-12-ay-3","20":"first","21":"instock","22":"sale","23":"shipping-taxable","24":"purchasable","25":"product-type-variable"},"_links":{"self":[{"href":"https:\/\/mod.wisdar.net\/tr\/wp-json\/wp\/v2\/product\/151560","targetHints":{"allow":["GET"]}}],"collection":[{"href":"https:\/\/mod.wisdar.net\/tr\/wp-json\/wp\/v2\/product"}],"about":[{"href":"https:\/\/mod.wisdar.net\/tr\/wp-json\/wp\/v2\/types\/product"}],"replies":[{"embeddable":true,"href":"https:\/\/mod.wisdar.net\/tr\/wp-json\/wp\/v2\/comments?post=151560"}],"wp:featuredmedia":[{"embeddable":true,"href":"https:\/\/mod.wisdar.net\/tr\/wp-json\/wp\/v2\/media\/151557"}],"wp:attachment":[{"href":"https:\/\/mod.wisdar.net\/tr\/wp-json\/wp\/v2\/media?parent=151560"}],"wp:term":[{"taxonomy":"product_brand","embeddable":true,"href":"https:\/\/mod.wisdar.net\/tr\/wp-json\/wp\/v2\/product_brand?post=151560"},{"taxonomy":"product_cat","embeddable":true,"href":"https:\/\/mod.wisdar.net\/tr\/wp-json\/wp\/v2\/product_cat?post=151560"},{"taxonomy":"product_tag","embeddable":true,"href":"https:\/\/mod.wisdar.net\/tr\/wp-json\/wp\/v2\/product_tag?post=151560"}],"curies":[{"name":"wp","href":"https:\/\/api.w.org\/{rel}","templated":true}]}}