{"id":151598,"date":"2026-02-22T23:36:17","date_gmt":"2026-02-22T23:36:17","guid":{"rendered":"https:\/\/modesthanim.com\/product\/kiz-bebek-pamuklu-uzun-kollu-bisiklet-yaka-fiyonk-baskili-sweatshirt\/"},"modified":"2026-04-10T23:32:24","modified_gmt":"2026-04-10T23:32:24","slug":"kiz-bebek-pamuklu-uzun-kollu-bisiklet-yaka-fiyonk-baskili-sweatshirt","status":"publish","type":"product","link":"https:\/\/mod.wisdar.net\/tr\/urun\/kiz-bebek-pamuklu-uzun-kollu-bisiklet-yaka-fiyonk-baskili-sweatshirt\/","title":{"rendered":"K\u0131z Bebek Pamuklu Uzun Kollu Bisiklet Yaka Fiyonk Bask\u0131l\u0131 Sweatshirt"},"content":{"rendered":"<p>Pamuklu sweatshirt, sevimli bask\u0131s\u0131 ve rahat kesimi ile bebekler i\u00e7in ideal bir se\u00e7enek sunuyor. Pamuklu kuma\u015f\u0131 miniklerin g\u00fcn boyu konfor i\u00e7inde olmas\u0131n\u0131 sa\u011flarken, bisiklet yaka tasar\u0131m\u0131 kolay giyim imkan\u0131 veriyor. Uzun kollar\u0131 ise serin g\u00fcnlerde ekstra s\u0131cakl\u0131k kat\u0131yor.<\/p>\n<p>\u00dcr\u00fcn \u00d6zellikleri<br \/>\nKol Tipi: Uzun Kol<br \/>\nYaka Tipi: Bisiklet Yaka<br \/>\nDetay: Bask\u0131l\u0131<br \/>\nKuma\u015f: %100 Pamuk<br \/>\nKullan\u0131m Alan\u0131: G\u00fcnl\u00fck Giyim<\/p>\n<p>Koton k\u0131z bebek modelleri, sevimlili\u011fi ve konforu bir araya getiriyor! Miniklerin enerjisini yans\u0131tan rahat tasar\u0131mlar\u0131 Koton Kids koleksiyonunda ke\u015ffedin!<\/p>\n<p>\u00dcr\u00fcnlerimiz kimyasallara kar\u015f\u0131 test edilerek, t\u00fcm g\u00fcvenlik kurallar\u0131na uygun olarak \u00fcretilir. \u00dcr\u00fcnlerimizde sa\u011fl\u0131\u011fa zararl\u0131 boyalar ve a\u011f\u0131r metaller, tehlikeli yutulabilecek k\u00fc\u00e7\u00fck ve keskin par\u00e7alar, kordon ve ba\u011fc\u0131klar bulunmamaktad\u0131r.<\/p>\n<p>\u2014 Technical Details \u2014<br \/>\nKuma\u015f: %100 PAMUK<br \/>\nKol Boyu: Uzun Kol<br \/>\nKol Tipi: D\u00fc\u015f\u00fck Omuz<br \/>\nYaka Tipi: Bisiklet Yaka<br \/>\nSil\u00fcet: Basic<br \/>\n\u00dcr\u00fcn Tipi \/ Stil: Basic<br \/>\n\u00dcr\u00fcn\u00fcn Alt Markas\u0131: Kidswear<\/p>\n","protected":false},"excerpt":{"rendered":"<p>Pamuklu sweatshirt, sevimli bask\u0131s\u0131 ve rahat kesimi ile bebekler i\u00e7in ideal bir se\u00e7enek sunuyor. Pamuklu kuma\u015f\u0131 miniklerin g\u00fcn boyu konfor i\u00e7inde olmas\u0131n\u0131 sa\u011flarken, bisiklet yaka tasar\u0131m\u0131 kolay giyim imkan\u0131 veriyor. Uzun kollar\u0131 ise serin g\u00fcnlerde ekstra s\u0131cakl\u0131k kat\u0131yor. \u00dcr\u00fcn \u00d6zellikleri Kol Tipi: Uzun Kol Yaka Tipi: Bisiklet Yaka Detay: Bask\u0131l\u0131 Kuma\u015f: %100 Pamuk Kullan\u0131m Alan\u0131: [&hellip;]<\/p>\n","protected":false},"featured_media":151593,"comment_status":"open","ping_status":"closed","template":"","meta":[],"product_brand":[],"product_cat":[8715,8694,8724],"product_tag":[7760,8110,6768],"class_list":{"0":"post-151598","1":"product","2":"type-product","3":"status-publish","4":"has-post-thumbnail","6":"product_cat-kiz-cocuklari-2-14-yas","7":"product_cat-cocuklar","8":"product_cat-tisortler-bluzlar","9":"product_tag-baskili-sweatshirt","10":"product_tag-bisiklet-yaka-2","11":"product_tag-uzun-kol","12":"pa_brand-koton","13":"pa_color-ekru","14":"pa_size-12-18-ay-2","15":"pa_size-18-24-ay-2","16":"pa_size-24-36-ay-2","17":"pa_size-3-4-yas-2","18":"pa_size-4-5-yas-2","19":"pa_size-9-12-ay-3","21":"first","22":"instock","23":"sale","24":"shipping-taxable","25":"purchasable","26":"product-type-variable"},"_links":{"self":[{"href":"https:\/\/mod.wisdar.net\/tr\/wp-json\/wp\/v2\/product\/151598","targetHints":{"allow":["GET"]}}],"collection":[{"href":"https:\/\/mod.wisdar.net\/tr\/wp-json\/wp\/v2\/product"}],"about":[{"href":"https:\/\/mod.wisdar.net\/tr\/wp-json\/wp\/v2\/types\/product"}],"replies":[{"embeddable":true,"href":"https:\/\/mod.wisdar.net\/tr\/wp-json\/wp\/v2\/comments?post=151598"}],"wp:featuredmedia":[{"embeddable":true,"href":"https:\/\/mod.wisdar.net\/tr\/wp-json\/wp\/v2\/media\/151593"}],"wp:attachment":[{"href":"https:\/\/mod.wisdar.net\/tr\/wp-json\/wp\/v2\/media?parent=151598"}],"wp:term":[{"taxonomy":"product_brand","embeddable":true,"href":"https:\/\/mod.wisdar.net\/tr\/wp-json\/wp\/v2\/product_brand?post=151598"},{"taxonomy":"product_cat","embeddable":true,"href":"https:\/\/mod.wisdar.net\/tr\/wp-json\/wp\/v2\/product_cat?post=151598"},{"taxonomy":"product_tag","embeddable":true,"href":"https:\/\/mod.wisdar.net\/tr\/wp-json\/wp\/v2\/product_tag?post=151598"}],"curies":[{"name":"wp","href":"https:\/\/api.w.org\/{rel}","templated":true}]}}