{"id":151632,"date":"2026-02-22T23:37:07","date_gmt":"2026-02-22T23:37:07","guid":{"rendered":"https:\/\/modesthanim.com\/product\/kiz-bebek-fiyonk-baskili-uzun-kollu-bisiklet-yaka-pamuklu-sardonlu-sweatshirt\/"},"modified":"2026-04-03T23:14:09","modified_gmt":"2026-04-03T23:14:09","slug":"kiz-bebek-fiyonk-baskili-uzun-kollu-bisiklet-yaka-pamuklu-sardonlu-sweatshirt","status":"publish","type":"product","link":"https:\/\/mod.wisdar.net\/tr\/urun\/kiz-bebek-fiyonk-baskili-uzun-kollu-bisiklet-yaka-pamuklu-sardonlu-sweatshirt\/","title":{"rendered":"K\u0131z Bebek Fiyonk Bask\u0131l\u0131 Uzun Kollu Bisiklet Yaka Pamuklu \u015eardonlu Sweatshirt"},"content":{"rendered":"<p>Bowtie printed long sleeve crew neck cotton soft interior sweatshirt.<br \/>\nD\u0131\u015f: %100 PAMUK<\/p>\n<p>\u2014 Technical Details \u2014<br \/>\nKuma\u015f: %100 PAMUK<br \/>\nKol Boyu: Uzun Kol<br \/>\nKol Tipi: D\u00fc\u015f\u00fck Omuz<br \/>\nYaka Tipi: Bisiklet Yaka<br \/>\nSil\u00fcet: Basic<br \/>\n\u00dcr\u00fcn Tipi \/ Stil: Basic<br \/>\n\u00dcr\u00fcn\u00fcn Alt Markas\u0131: Kidswear<br \/>\nSat\u0131c\u0131\/\u0130malat\u00e7\u0131\/\u0130thalat\u00e7\u0131 \u0130smi: Koton Ma\u011fazac\u0131l\u0131k Tekstil Sanayi ve Ticaret A.\u015e.<br \/>\nPosta Adresi: Ayaza\u011fa Mah. Maslak Ayaza\u011fa Cad. No:3 \u0130\u00e7 Kap\u0131 No:5 Sar\u0131yer\/\u0130stanbul<br \/>\nE-Posta Adresi: mim@koton.com<\/p>\n","protected":false},"excerpt":{"rendered":"<p>Bowtie printed long sleeve crew neck cotton soft interior sweatshirt. D\u0131\u015f: %100 PAMUK \u2014 Technical Details \u2014 Kuma\u015f: %100 PAMUK Kol Boyu: Uzun Kol Kol Tipi: D\u00fc\u015f\u00fck Omuz Yaka Tipi: Bisiklet Yaka Sil\u00fcet: Basic \u00dcr\u00fcn Tipi \/ Stil: Basic \u00dcr\u00fcn\u00fcn Alt Markas\u0131: Kidswear Sat\u0131c\u0131\/\u0130malat\u00e7\u0131\/\u0130thalat\u00e7\u0131 \u0130smi: Koton Ma\u011fazac\u0131l\u0131k Tekstil Sanayi ve Ticaret A.\u015e. Posta Adresi: Ayaza\u011fa [&hellip;]<\/p>\n","protected":false},"featured_media":151629,"comment_status":"open","ping_status":"closed","template":"","meta":[],"product_brand":[],"product_cat":[8715,8694,8724],"product_tag":[8110,7488,7422,6768],"class_list":{"0":"post-151632","1":"product","2":"type-product","3":"status-publish","4":"has-post-thumbnail","6":"product_cat-kiz-cocuklari-2-14-yas","7":"product_cat-cocuklar","8":"product_cat-tisortler-bluzlar","9":"product_tag-bisiklet-yaka-2","10":"product_tag-pamuk","11":"product_tag-sweatshirt","12":"product_tag-uzun-kol","13":"pa_brand-koton","14":"pa_color-bej-desenli","15":"pa_size-12-18-ay-2","16":"pa_size-18-24-ay-2","17":"pa_size-24-36-ay-2","18":"pa_size-3-4-yas-2","19":"pa_size-4-5-yas-2","20":"pa_size-9-12-ay-3","22":"first","23":"outofstock","24":"shipping-taxable","25":"product-type-variable"},"_links":{"self":[{"href":"https:\/\/mod.wisdar.net\/tr\/wp-json\/wp\/v2\/product\/151632","targetHints":{"allow":["GET"]}}],"collection":[{"href":"https:\/\/mod.wisdar.net\/tr\/wp-json\/wp\/v2\/product"}],"about":[{"href":"https:\/\/mod.wisdar.net\/tr\/wp-json\/wp\/v2\/types\/product"}],"replies":[{"embeddable":true,"href":"https:\/\/mod.wisdar.net\/tr\/wp-json\/wp\/v2\/comments?post=151632"}],"wp:featuredmedia":[{"embeddable":true,"href":"https:\/\/mod.wisdar.net\/tr\/wp-json\/wp\/v2\/media\/151629"}],"wp:attachment":[{"href":"https:\/\/mod.wisdar.net\/tr\/wp-json\/wp\/v2\/media?parent=151632"}],"wp:term":[{"taxonomy":"product_brand","embeddable":true,"href":"https:\/\/mod.wisdar.net\/tr\/wp-json\/wp\/v2\/product_brand?post=151632"},{"taxonomy":"product_cat","embeddable":true,"href":"https:\/\/mod.wisdar.net\/tr\/wp-json\/wp\/v2\/product_cat?post=151632"},{"taxonomy":"product_tag","embeddable":true,"href":"https:\/\/mod.wisdar.net\/tr\/wp-json\/wp\/v2\/product_tag?post=151632"}],"curies":[{"name":"wp","href":"https:\/\/api.w.org\/{rel}","templated":true}]}}